{"id":97504,"date":"2021-06-11T16:08:54","date_gmt":"2021-06-11T20:08:54","guid":{"rendered":"https:\/\/autotech.acxcomdev.com\/about-us\/notre-histoire\/"},"modified":"2021-06-11T17:06:10","modified_gmt":"2021-06-11T21:06:10","slug":"notre-histoire","status":"publish","type":"page","link":"https:\/\/westislandgarage.com\/en\/about-us\/notre-histoire\/","title":{"rendered":"Our history"},"content":{"rendered":"<p>[et_pb_section fb_built=&#8221;1&#8243; admin_label=&#8221;Section titre&#8221; _builder_version=&#8221;4.9.2&#8243; _module_preset=&#8221;default&#8221; background_color=&#8221;RGBA(0,0,0,0)&#8221; custom_padding=&#8221;0px||0px||false|false&#8221; locked=&#8221;off&#8221; collapsed=&#8221;off&#8221;][et_pb_row _builder_version=&#8221;4.9.2&#8243; _module_preset=&#8221;default&#8221; custom_padding=&#8221;30px||10px||false|false&#8221;][et_pb_column type=&#8221;4_4&#8243; _builder_version=&#8221;4.9.2&#8243; _module_preset=&#8221;default&#8221;][et_pb_text admin_label=&#8221;Titre de la page&#8221; _builder_version=&#8221;4.9.4&#8243; _module_preset=&#8221;default&#8221; header_text_align=&#8221;center&#8221; header_text_color=&#8221;#DB0000&#8243; hover_enabled=&#8221;0&#8243; header_font_size_last_edited=&#8221;on|phone&#8221; sticky_enabled=&#8221;0&#8243; header_font_size_tablet=&#8221;36px&#8221; header_font_size_phone=&#8221;24px&#8221;]<\/p>\n<h1>ABOUT US \u2013 Our History<\/h1>\n<p>[\/et_pb_text][\/et_pb_column][\/et_pb_row][\/et_pb_section][et_pb_section fb_built=&#8221;1&#8243; admin_label=&#8221;Section bandeau&#8221; _builder_version=&#8221;4.9.4&#8243; _module_preset=&#8221;default&#8221; background_color=&#8221;#000000&#8243; background_image=&#8221;https:\/\/westislandgarage.com\/wp-content\/uploads\/2021\/05\/general.png&#8221; background_size=&#8221;initial&#8221; background_position=&#8221;bottom_center&#8221; custom_padding=&#8221;30px||180px||false|false&#8221; locked=&#8221;off&#8221; collapsed=&#8221;off&#8221;][et_pb_row _builder_version=&#8221;4.9.2&#8243; _module_preset=&#8221;default&#8221;][et_pb_column type=&#8221;4_4&#8243; _builder_version=&#8221;4.9.2&#8243; _module_preset=&#8221;default&#8221;][et_pb_text admin_label=&#8221;L\u2019expertise et la satisfaction de nos clients sont au c\u0153ur de notre entreprise&#8221; _builder_version=&#8221;4.9.4&#8243; _module_preset=&#8221;default&#8221; header_text_align=&#8221;center&#8221; header_text_color=&#8221;#FFFFFF&#8221; header_font_size=&#8221;40px&#8221; header_2_text_align=&#8221;center&#8221; header_2_text_color=&#8221;#FFFFFF&#8221; header_2_font_size=&#8221;40px&#8221; hover_enabled=&#8221;0&#8243; header_font_size_last_edited=&#8221;on|phone&#8221; sticky_enabled=&#8221;0&#8243; header_font_size_tablet=&#8221;36px&#8221; header_font_size_phone=&#8221;32px&#8221;]<\/p>\n<h1>Expertise and customer satisfaction are at the heart of our business<\/h1>\n<p>[\/et_pb_text][et_pb_button button_url=&#8221;@ET-DC@eyJkeW5hbWljIjp0cnVlLCJjb250ZW50IjoicG9zdF9saW5rX3VybF9wYWdlIiwic2V0dGluZ3MiOnsicG9zdF9pZCI6Ijk1MTcyIn19@&#8221; button_text=&#8221;OUR MISSION&#8221; button_alignment=&#8221;center&#8221; _builder_version=&#8221;4.9.4&#8243; _dynamic_attributes=&#8221;button_url&#8221; _module_preset=&#8221;default&#8221;][\/et_pb_button][\/et_pb_column][\/et_pb_row][\/et_pb_section][et_pb_section fb_built=&#8221;1&#8243; admin_label=&#8221;Section sous-menu&#8221; _builder_version=&#8221;4.9.4&#8243; _module_preset=&#8221;default&#8221; background_color=&#8221;#FFFFFF&#8221; custom_padding=&#8221;0px||0px||false|false&#8221; sticky_position=&#8221;top&#8221; box_shadow_style=&#8221;preset3&#8243; box_shadow_color=&#8221;rgba(0,0,0,0.2)&#8221; locked=&#8221;on&#8221; collapsed=&#8221;on&#8221;][et_pb_row _builder_version=&#8221;4.9.2&#8243; _module_preset=&#8221;default&#8221;][et_pb_column type=&#8221;4_4&#8243; _builder_version=&#8221;4.9.2&#8243; _module_preset=&#8221;default&#8221;][et_pb_menu menu_id=&#8221;21642&#8243; menu_style=&#8221;centered&#8221; active_link_color=&#8221;#DB0000&#8243; admin_label=&#8221;Menu de sous-section&#8221; module_class=&#8221;sub-page-menu&#8221; _builder_version=&#8221;4.9.4&#8243; _module_preset=&#8221;default&#8221; menu_font=&#8221;Barlow Semi Condensed|600||on|||||&#8221; menu_text_color=&#8221;#3F3F3F&#8221; menu_font_size=&#8221;16px&#8221;][\/et_pb_menu][\/et_pb_column][\/et_pb_row][\/et_pb_section][et_pb_section fb_built=&#8221;1&#8243; _builder_version=&#8221;4.9.4&#8243; _module_preset=&#8221;default&#8221; background_color=&#8221;#F1F1F1&#8243; custom_padding=&#8221;||90px||false|false&#8221;][et_pb_row _builder_version=&#8221;4.9.3&#8243; _module_preset=&#8221;default&#8221; custom_padding=&#8221;||0px||false|false&#8221;][et_pb_column type=&#8221;4_4&#8243; _builder_version=&#8221;4.9.2&#8243; _module_preset=&#8221;default&#8221;][et_pb_text admin_label=&#8221;L\u2019HISTOIRE DE CE GARAGE AUTOMOBILE \u2013 UNE APPROCHE HUMAINE&#8221; _builder_version=&#8221;4.9.4&#8243; _module_preset=&#8221;default&#8221; header_2_font_size=&#8221;24px&#8221; custom_padding=&#8221;15px||||false|false&#8221;]<\/p>\n<h2>THE HISTORY OF OUR CAR GARAGE \u2013 A HUMAN APPROACH<\/h2>\n<p>We\u2019re happy to share a little bit of our history with you. How has the current owner distinguished himself over the years? How did Autotech Performance acquire its reputation as an expert team that is both efficient and human?<\/p>\n<p>[\/et_pb_text][et_pb_text admin_label=&#8221;UN D\u00c9BUT REMARQUABLE POUR DENIS CORDEIRO!&#8221; _builder_version=&#8221;4.9.4&#8243; _module_preset=&#8221;default&#8221; header_2_font_size=&#8221;24px&#8221; header_3_font_size=&#8221;20px&#8221; custom_padding=&#8221;45px||||false|false&#8221;]<\/p>\n<h2>DENIS CORDEIRO\u2019S REMARKABLE START<\/h2>\n<p>It\u2019s in 1975 that businessman Jules Tremblay opened a car mechanic garage at 4830 St-Charles Boulevard in Pierrefonds, in Montr\u00e9al\u2019s West Island.<\/p>\n<p>Nineteen years later, in February 1994, Denis Cordeiro joined Mr.\u00a0Tremblay\u2019s business group that included four Mr. Muffler shops at that time. Then aged 22, Denis was named manager of the Duvernay franchise in Laval. It was at that moment that the two men established a close relationship that would let Denis demonstrate his skills while benefiting from Mr.\u00a0Tremblay\u2019s guiding hand.<\/p>\n<p>In 1995, following his good results at the Duvernay shop, Denis Cordeiro was promoted to manager of the much busier Mr. Muffler franchise in Montr\u00e9al\u2019s East End. Two years later, in 1997, he became the general manager and shareholder of a group that operated four auto mechanic shops and that would eventually acquire a fifth one.<\/p>\n<p>In 1998, Denis was elected Chair of the franchise committee that represented all Mr. Muffler\u2019s franchisees before the franchisor.<\/p>\n<p>[\/et_pb_text][et_pb_text admin_label=&#8221;L\u2019ACQUISITION DU GARAGE ACTUEL&#8221; _builder_version=&#8221;4.9.4&#8243; _module_preset=&#8221;default&#8221; header_2_font_size=&#8221;24px&#8221; header_3_font_size=&#8221;20px&#8221; custom_padding=&#8221;45px||||false|false&#8221;]<\/p>\n<h2>ACQUIRING THE CURRENT GARAGE<\/h2>\n<p>In January 2003, Denis Cordeiro became the sole owner of the shop at 4830 St-Charles Boulevard. He registered his business under the Autotech Performance name and continued to operate it under the Mr. Muffler banner.<\/p>\n<p>In 2008, with 18 years of experience in the auto mechanics business, Denis Cordeiro decided to dissociate himself from the Mr. Muffler banner and to operate under the Autotech Performance name as a car repair and preventive maintenance specialist in Montr\u00e9al\u2019s West Island.<\/p>\n<p>In 2013, after consistently providing top quality services to its customers and meeting the automotive industry\u2019s highest standards, Autotech Performance was awarded the <a href=\"https:\/\/www.caaquebec.com\/\" target=\"_blank\" rel=\"noopener\"><strong>CAA Quebec Certification<\/strong><\/a>. This certification must be reviewed annually and is based on the following criteria:<\/p>\n<ul>\n<li>Customer service excellence<\/li>\n<li>Garage cleanliness<\/li>\n<li>Employee qualifications and training<\/li>\n<li>Reputation in the community<\/li>\n<li>Service and repair quality<\/li>\n<li>Tool, equipment and facility compliance<\/li>\n<li>Waste and pollutant disposal according to environmental protection standards.<\/li>\n<\/ul>\n<p>[\/et_pb_text][et_pb_text admin_label=&#8221;UNE \u00c9QUIPE D\u2019EXPERTS COMP\u00c9TENTS ET D\u00c9VOU\u00c9S&#8221; _builder_version=&#8221;4.9.4&#8243; _module_preset=&#8221;default&#8221; header_2_font_size=&#8221;24px&#8221; header_3_font_size=&#8221;20px&#8221; custom_padding=&#8221;45px||||false|false&#8221;]<\/p>\n<h2>A TEAM OF COMPETENT AND DEDICATED EXPERTS<\/h2>\n<p>Thanks to its experienced, thoughtful and dynamic mechanics, Autotech Performance acquired a faithful customer base that grows yearly. Denis, Pierre and the entire team continue to put their expertise and energy to work for the motorists of Montr\u00e9al\u2019s West Island.<\/p>\n<p>For Denis Cordeiro, this journey goes on just as it began: he still maintains a close relationship with his friend and mentor Jules Tremblay, and he continues to work to ensure Autotech Performance\u2019s growth and success!<\/p>\n<p>[\/et_pb_text][\/et_pb_column][\/et_pb_row][et_pb_row _builder_version=&#8221;4.9.4&#8243; _module_preset=&#8221;default&#8221; background_color=&#8221;RGBA(0,0,0,0)&#8221; custom_margin=&#8221;45px||||false|false&#8221; custom_padding=&#8221;||||false|false&#8221;][et_pb_column type=&#8221;4_4&#8243; _builder_version=&#8221;4.9.4&#8243; _module_preset=&#8221;default&#8221; background_color=&#8221;RGBA(0,0,0,0)&#8221;][et_pb_button button_url=&#8221;@ET-DC@eyJkeW5hbWljIjp0cnVlLCJjb250ZW50IjoicG9zdF9saW5rX3VybF9wYWdlIiwic2V0dGluZ3MiOnsicG9zdF9pZCI6Ijk1MTc0In19@&#8221; button_text=&#8221;MEET THE TEAM&#8221; button_alignment=&#8221;center&#8221; _builder_version=&#8221;4.9.4&#8243; _dynamic_attributes=&#8221;button_url&#8221; _module_preset=&#8221;default&#8221;][\/et_pb_button][\/et_pb_column][\/et_pb_row][\/et_pb_section]<\/p>\n","protected":false},"excerpt":{"rendered":"<p>ABOUT US \u2013 Our HistoryExpertise and customer satisfaction are at the heart of our businessTHE HISTORY OF OUR CAR GARAGE \u2013 A HUMAN APPROACH We\u2019re happy to share a little bit of our history with you. How has the current owner distinguished himself over the years? How did Autotech Performance acquire its reputation as an [&hellip;]<\/p>\n","protected":false},"author":1,"featured_media":0,"parent":97483,"menu_order":10,"comment_status":"closed","ping_status":"closed","template":"","meta":{"_et_pb_use_builder":"on","_et_pb_old_content":"","_et_gb_content_width":"","footnotes":""},"class_list":["post-97504","page","type-page","status-publish","hentry"],"yoast_head":"<!-- This site is optimized with the Yoast SEO plugin v27.3 - https:\/\/yoast.com\/product\/yoast-seo-wordpress\/ -->\n<title>Our history - Autotech<\/title>\n<meta name=\"robots\" content=\"index, follow, max-snippet:-1, max-image-preview:large, max-video-preview:-1\" \/>\n<link rel=\"canonical\" href=\"https:\/\/westislandgarage.com\/en\/about-us\/notre-histoire\/\" \/>\n<meta property=\"og:locale\" content=\"en_US\" \/>\n<meta property=\"og:type\" content=\"article\" \/>\n<meta property=\"og:title\" content=\"Our history - Autotech\" \/>\n<meta property=\"og:description\" content=\"ABOUT US \u2013 Our HistoryExpertise and customer satisfaction are at the heart of our businessTHE HISTORY OF OUR CAR GARAGE \u2013 A HUMAN APPROACH We\u2019re happy to share a little bit of our history with you. How has the current owner distinguished himself over the years? How did Autotech Performance acquire its reputation as an [&hellip;]\" \/>\n<meta property=\"og:url\" content=\"https:\/\/westislandgarage.com\/en\/about-us\/notre-histoire\/\" \/>\n<meta property=\"og:site_name\" content=\"Autotech\" \/>\n<meta property=\"article:publisher\" content=\"https:\/\/www.facebook.com\/Autotech-Performance-inc-273553479384265\/\" \/>\n<meta property=\"article:modified_time\" content=\"2021-06-11T21:06:10+00:00\" \/>\n<meta name=\"twitter:card\" content=\"summary_large_image\" \/>\n<meta name=\"twitter:label1\" content=\"Est. reading time\" \/>\n\t<meta name=\"twitter:data1\" content=\"6 minutes\" \/>\n<script type=\"application\/ld+json\" class=\"yoast-schema-graph\">{\"@context\":\"https:\\\/\\\/schema.org\",\"@graph\":[{\"@type\":\"WebPage\",\"@id\":\"https:\\\/\\\/westislandgarage.com\\\/en\\\/about-us\\\/notre-histoire\\\/\",\"url\":\"https:\\\/\\\/westislandgarage.com\\\/en\\\/about-us\\\/notre-histoire\\\/\",\"name\":\"Our history - Autotech\",\"isPartOf\":{\"@id\":\"https:\\\/\\\/westislandgarage.com\\\/#website\"},\"datePublished\":\"2021-06-11T20:08:54+00:00\",\"dateModified\":\"2021-06-11T21:06:10+00:00\",\"breadcrumb\":{\"@id\":\"https:\\\/\\\/westislandgarage.com\\\/en\\\/about-us\\\/notre-histoire\\\/#breadcrumb\"},\"inLanguage\":\"en-US\",\"potentialAction\":[{\"@type\":\"ReadAction\",\"target\":[\"https:\\\/\\\/westislandgarage.com\\\/en\\\/about-us\\\/notre-histoire\\\/\"]}]},{\"@type\":\"BreadcrumbList\",\"@id\":\"https:\\\/\\\/westislandgarage.com\\\/en\\\/about-us\\\/notre-histoire\\\/#breadcrumb\",\"itemListElement\":[{\"@type\":\"ListItem\",\"position\":1,\"name\":\"Accueil\",\"item\":\"https:\\\/\\\/westislandgarage.com\\\/en\\\/home\\\/\"},{\"@type\":\"ListItem\",\"position\":2,\"name\":\"About us\",\"item\":\"https:\\\/\\\/westislandgarage.com\\\/en\\\/about-us\\\/\"},{\"@type\":\"ListItem\",\"position\":3,\"name\":\"Our history\"}]},{\"@type\":\"WebSite\",\"@id\":\"https:\\\/\\\/westislandgarage.com\\\/#website\",\"url\":\"https:\\\/\\\/westislandgarage.com\\\/\",\"name\":\"Autotech\",\"description\":\"CAA Quebec Certified Mechanic Auto Repair Shop - Montreal West Island\",\"publisher\":{\"@id\":\"https:\\\/\\\/westislandgarage.com\\\/#organization\"},\"potentialAction\":[{\"@type\":\"SearchAction\",\"target\":{\"@type\":\"EntryPoint\",\"urlTemplate\":\"https:\\\/\\\/westislandgarage.com\\\/?s={search_term_string}\"},\"query-input\":{\"@type\":\"PropertyValueSpecification\",\"valueRequired\":true,\"valueName\":\"search_term_string\"}}],\"inLanguage\":\"en-US\"},{\"@type\":\"Organization\",\"@id\":\"https:\\\/\\\/westislandgarage.com\\\/#organization\",\"name\":\"Autotech Performance\",\"url\":\"https:\\\/\\\/westislandgarage.com\\\/\",\"logo\":{\"@type\":\"ImageObject\",\"inLanguage\":\"en-US\",\"@id\":\"https:\\\/\\\/westislandgarage.com\\\/#\\\/schema\\\/logo\\\/image\\\/\",\"url\":\"https:\\\/\\\/westislandgarage.com\\\/wp-content\\\/uploads\\\/2021\\\/05\\\/autotech-logo-small.png\",\"contentUrl\":\"https:\\\/\\\/westislandgarage.com\\\/wp-content\\\/uploads\\\/2021\\\/05\\\/autotech-logo-small.png\",\"width\":165,\"height\":79,\"caption\":\"Autotech Performance\"},\"image\":{\"@id\":\"https:\\\/\\\/westislandgarage.com\\\/#\\\/schema\\\/logo\\\/image\\\/\"},\"sameAs\":[\"https:\\\/\\\/www.facebook.com\\\/Autotech-Performance-inc-273553479384265\\\/\"]}]}<\/script>\n<!-- \/ Yoast SEO plugin. -->","yoast_head_json":{"title":"Our history - Autotech","robots":{"index":"index","follow":"follow","max-snippet":"max-snippet:-1","max-image-preview":"max-image-preview:large","max-video-preview":"max-video-preview:-1"},"canonical":"https:\/\/westislandgarage.com\/en\/about-us\/notre-histoire\/","og_locale":"en_US","og_type":"article","og_title":"Our history - Autotech","og_description":"ABOUT US \u2013 Our HistoryExpertise and customer satisfaction are at the heart of our businessTHE HISTORY OF OUR CAR GARAGE \u2013 A HUMAN APPROACH We\u2019re happy to share a little bit of our history with you. How has the current owner distinguished himself over the years? How did Autotech Performance acquire its reputation as an [&hellip;]","og_url":"https:\/\/westislandgarage.com\/en\/about-us\/notre-histoire\/","og_site_name":"Autotech","article_publisher":"https:\/\/www.facebook.com\/Autotech-Performance-inc-273553479384265\/","article_modified_time":"2021-06-11T21:06:10+00:00","twitter_card":"summary_large_image","twitter_misc":{"Est. reading time":"6 minutes"},"schema":{"@context":"https:\/\/schema.org","@graph":[{"@type":"WebPage","@id":"https:\/\/westislandgarage.com\/en\/about-us\/notre-histoire\/","url":"https:\/\/westislandgarage.com\/en\/about-us\/notre-histoire\/","name":"Our history - Autotech","isPartOf":{"@id":"https:\/\/westislandgarage.com\/#website"},"datePublished":"2021-06-11T20:08:54+00:00","dateModified":"2021-06-11T21:06:10+00:00","breadcrumb":{"@id":"https:\/\/westislandgarage.com\/en\/about-us\/notre-histoire\/#breadcrumb"},"inLanguage":"en-US","potentialAction":[{"@type":"ReadAction","target":["https:\/\/westislandgarage.com\/en\/about-us\/notre-histoire\/"]}]},{"@type":"BreadcrumbList","@id":"https:\/\/westislandgarage.com\/en\/about-us\/notre-histoire\/#breadcrumb","itemListElement":[{"@type":"ListItem","position":1,"name":"Accueil","item":"https:\/\/westislandgarage.com\/en\/home\/"},{"@type":"ListItem","position":2,"name":"About us","item":"https:\/\/westislandgarage.com\/en\/about-us\/"},{"@type":"ListItem","position":3,"name":"Our history"}]},{"@type":"WebSite","@id":"https:\/\/westislandgarage.com\/#website","url":"https:\/\/westislandgarage.com\/","name":"Autotech","description":"CAA Quebec Certified Mechanic Auto Repair Shop - Montreal West Island","publisher":{"@id":"https:\/\/westislandgarage.com\/#organization"},"potentialAction":[{"@type":"SearchAction","target":{"@type":"EntryPoint","urlTemplate":"https:\/\/westislandgarage.com\/?s={search_term_string}"},"query-input":{"@type":"PropertyValueSpecification","valueRequired":true,"valueName":"search_term_string"}}],"inLanguage":"en-US"},{"@type":"Organization","@id":"https:\/\/westislandgarage.com\/#organization","name":"Autotech Performance","url":"https:\/\/westislandgarage.com\/","logo":{"@type":"ImageObject","inLanguage":"en-US","@id":"https:\/\/westislandgarage.com\/#\/schema\/logo\/image\/","url":"https:\/\/westislandgarage.com\/wp-content\/uploads\/2021\/05\/autotech-logo-small.png","contentUrl":"https:\/\/westislandgarage.com\/wp-content\/uploads\/2021\/05\/autotech-logo-small.png","width":165,"height":79,"caption":"Autotech Performance"},"image":{"@id":"https:\/\/westislandgarage.com\/#\/schema\/logo\/image\/"},"sameAs":["https:\/\/www.facebook.com\/Autotech-Performance-inc-273553479384265\/"]}]}},"_links":{"self":[{"href":"https:\/\/westislandgarage.com\/en\/wp-json\/wp\/v2\/pages\/97504","targetHints":{"allow":["GET"]}}],"collection":[{"href":"https:\/\/westislandgarage.com\/en\/wp-json\/wp\/v2\/pages"}],"about":[{"href":"https:\/\/westislandgarage.com\/en\/wp-json\/wp\/v2\/types\/page"}],"author":[{"embeddable":true,"href":"https:\/\/westislandgarage.com\/en\/wp-json\/wp\/v2\/users\/1"}],"replies":[{"embeddable":true,"href":"https:\/\/westislandgarage.com\/en\/wp-json\/wp\/v2\/comments?post=97504"}],"version-history":[{"count":5,"href":"https:\/\/westislandgarage.com\/en\/wp-json\/wp\/v2\/pages\/97504\/revisions"}],"predecessor-version":[{"id":97601,"href":"https:\/\/westislandgarage.com\/en\/wp-json\/wp\/v2\/pages\/97504\/revisions\/97601"}],"up":[{"embeddable":true,"href":"https:\/\/westislandgarage.com\/en\/wp-json\/wp\/v2\/pages\/97483"}],"wp:attachment":[{"href":"https:\/\/westislandgarage.com\/en\/wp-json\/wp\/v2\/media?parent=97504"}],"curies":[{"name":"wp","href":"https:\/\/api.w.org\/{rel}","templated":true}]}}