{"id":97453,"date":"2021-06-11T15:18:31","date_gmt":"2021-06-11T19:18:31","guid":{"rendered":"https:\/\/autotech.acxcomdev.com\/services\/mag-wheels-and-steel-rims\/brands-and-catalogue\/"},"modified":"2021-06-11T15:19:57","modified_gmt":"2021-06-11T19:19:57","slug":"brands-and-catalogue","status":"publish","type":"page","link":"https:\/\/westislandgarage.com\/en\/services\/mag-wheels-and-steel-rims\/brands-and-catalogue\/","title":{"rendered":"Brands and Catalogue"},"content":{"rendered":"<p>[et_pb_section fb_built=&#8221;1&#8243; admin_label=&#8221;Section titre&#8221; _builder_version=&#8221;4.9.2&#8243; _module_preset=&#8221;default&#8221; background_color=&#8221;RGBA(0,0,0,0)&#8221; custom_padding=&#8221;0px||0px||false|false&#8221; locked=&#8221;off&#8221; collapsed=&#8221;off&#8221;][et_pb_row _builder_version=&#8221;4.9.2&#8243; _module_preset=&#8221;default&#8221; custom_padding=&#8221;30px||10px||false|false&#8221;][et_pb_column type=&#8221;4_4&#8243; _builder_version=&#8221;4.9.2&#8243; _module_preset=&#8221;default&#8221;][et_pb_text admin_label=&#8221;Titre de la page&#8221; _builder_version=&#8221;4.9.4&#8243; _module_preset=&#8221;default&#8221; header_text_align=&#8221;center&#8221; header_text_color=&#8221;#DB0000&#8243; header_font_size_tablet=&#8221;36px&#8221; header_font_size_phone=&#8221;24px&#8221; header_font_size_last_edited=&#8221;on|desktop&#8221;]<\/p>\n<h1>MAG WHEELS AND STEEL RIMS \u2013 Brands and Catalogue<\/h1>\n<p>[\/et_pb_text][\/et_pb_column][\/et_pb_row][\/et_pb_section][et_pb_section fb_built=&#8221;1&#8243; admin_label=&#8221;Section bandeau&#8221; _builder_version=&#8221;4.9.4&#8243; _module_preset=&#8221;default&#8221; background_color=&#8221;#000000&#8243; background_image=&#8221;https:\/\/westislandgarage.com\/wp-content\/uploads\/2021\/05\/banniere-mags-et-roues.jpg&#8221; background_size=&#8221;initial&#8221; background_position=&#8221;bottom_center&#8221; custom_padding=&#8221;30px||180px||false|false&#8221; locked=&#8221;off&#8221; collapsed=&#8221;off&#8221;][et_pb_row _builder_version=&#8221;4.9.2&#8243; _module_preset=&#8221;default&#8221;][et_pb_column type=&#8221;4_4&#8243; _builder_version=&#8221;4.9.2&#8243; _module_preset=&#8221;default&#8221;][et_pb_text admin_label=&#8221;Nous nous engageons \u00e0 vous offrir des jantes (mags et roues) de qualit\u00e9 sup\u00e9rieure, \u00e0 des prix concurrentiels!&#8221; _builder_version=&#8221;4.9.4&#8243; _module_preset=&#8221;default&#8221; header_text_align=&#8221;center&#8221; header_text_color=&#8221;#FFFFFF&#8221; header_font_size=&#8221;40px&#8221; header_2_text_align=&#8221;center&#8221; header_2_text_color=&#8221;#FFFFFF&#8221; header_2_font_size=&#8221;40px&#8221; header_font_size_tablet=&#8221;36px&#8221; header_font_size_phone=&#8221;32px&#8221; header_font_size_last_edited=&#8221;on|phone&#8221;]<\/p>\n<h1>We are committed to providing you with superior quality wheels (mags and rims) at competitive prices!<\/h1>\n<p>[\/et_pb_text][et_pb_button button_url=&#8221;@ET-DC@eyJkeW5hbWljIjp0cnVlLCJjb250ZW50IjoicG9zdF9saW5rX3VybF9wYWdlIiwic2V0dGluZ3MiOnsicG9zdF9pZCI6IjE5NyJ9fQ==@&#8221; button_text=&#8221;OUR COMMITMENT &#8221; button_alignment=&#8221;center&#8221; _builder_version=&#8221;4.9.4&#8243; _dynamic_attributes=&#8221;button_url&#8221; _module_preset=&#8221;default&#8221;][\/et_pb_button][\/et_pb_column][\/et_pb_row][\/et_pb_section][et_pb_section fb_built=&#8221;1&#8243; admin_label=&#8221;Section sous-menu&#8221; _builder_version=&#8221;4.9.2&#8243; _module_preset=&#8221;default&#8221; background_color=&#8221;#FFFFFF&#8221; custom_padding=&#8221;0px||0px||false|false&#8221; sticky_position=&#8221;top&#8221; box_shadow_style=&#8221;preset3&#8243; box_shadow_color=&#8221;rgba(0,0,0,0.2)&#8221; locked=&#8221;on&#8221; collapsed=&#8221;on&#8221;][et_pb_row _builder_version=&#8221;4.9.2&#8243; _module_preset=&#8221;default&#8221;][et_pb_column type=&#8221;4_4&#8243; _builder_version=&#8221;4.9.2&#8243; _module_preset=&#8221;default&#8221;][et_pb_menu menu_id=&#8221;21639&#8243; menu_style=&#8221;centered&#8221; active_link_color=&#8221;#DB0000&#8243; admin_label=&#8221;Menu de sous-section&#8221; module_class=&#8221;sub-page-menu&#8221; _builder_version=&#8221;4.9.4&#8243; _module_preset=&#8221;default&#8221; menu_font=&#8221;Barlow Semi Condensed|600||on|||||&#8221; menu_text_color=&#8221;#3F3F3F&#8221; menu_font_size=&#8221;16px&#8221;][\/et_pb_menu][\/et_pb_column][\/et_pb_row][\/et_pb_section][et_pb_section fb_built=&#8221;1&#8243; _builder_version=&#8221;4.9.2&#8243; _module_preset=&#8221;default&#8221; background_color=&#8221;#F1F1F1&#8243;][et_pb_row _builder_version=&#8221;4.9.3&#8243; _module_preset=&#8221;default&#8221; custom_padding=&#8221;||0px||false|false&#8221;][et_pb_column type=&#8221;4_4&#8243; _builder_version=&#8221;4.9.2&#8243; _module_preset=&#8221;default&#8221;][et_pb_text admin_label=&#8221;DES MARQUES DE RENOM&#8221; _builder_version=&#8221;4.9.4&#8243; _module_preset=&#8221;default&#8221; header_2_font_size=&#8221;24px&#8221; custom_padding=&#8221;15px||||false|false&#8221;]<\/p>\n<h2>RENOWNED BRANDS<\/h2>\n<p>The quality of the products we sell and install is a priority for us. To that end, we work with these renowned suppliers to bring you durable wheels (mags and rims) that will meet your needs. We encourage you to visit their websites.<\/p>\n<p>[\/et_pb_text][\/et_pb_column][\/et_pb_row][et_pb_row column_structure=&#8221;1_4,1_4,1_4,1_4&#8243; use_custom_gutter=&#8221;on&#8221; gutter_width=&#8221;3&#8243; disabled_on=&#8221;off|off|off&#8221; _builder_version=&#8221;4.9.4&#8243; _module_preset=&#8221;default&#8221; custom_padding=&#8221;30px||||false|false&#8221; collapsed=&#8221;off&#8221;][et_pb_column type=&#8221;1_4&#8243; module_class=&#8221;col-flex-center-center&#8221; _builder_version=&#8221;4.9.3&#8243; _module_preset=&#8221;default&#8221;][et_pb_image src=&#8221;https:\/\/westislandgarage.com\/wp-content\/uploads\/2021\/05\/rwc-logo.png&#8221; title_text=&#8221;rwc-logo&#8221; url=&#8221;https:\/\/rwcwheels.com\/en\/collection\/wheel-collection&#8221; url_new_window=&#8221;on&#8221; align=&#8221;center&#8221; admin_label=&#8221;RWC&#8221; _builder_version=&#8221;4.9.4&#8243; _module_preset=&#8221;default&#8221;][\/et_pb_image][\/et_pb_column][et_pb_column type=&#8221;1_4&#8243; module_class=&#8221;col-flex-center-center&#8221; _builder_version=&#8221;4.9.3&#8243; _module_preset=&#8221;default&#8221;][et_pb_image src=&#8221;https:\/\/westislandgarage.com\/wp-content\/uploads\/2021\/05\/fast-logo.png&#8221; title_text=&#8221;fast-logo&#8221; url=&#8221;https:\/\/fastco.ca\/Fast-Wheels\/Home&#8221; url_new_window=&#8221;on&#8221; align=&#8221;center&#8221; admin_label=&#8221;Fast&#8221; _builder_version=&#8221;4.9.4&#8243; _module_preset=&#8221;default&#8221;][\/et_pb_image][\/et_pb_column][et_pb_column type=&#8221;1_4&#8243; module_class=&#8221;col-flex-center-center&#8221; _builder_version=&#8221;4.9.3&#8243; _module_preset=&#8221;default&#8221;][et_pb_image src=&#8221;https:\/\/westislandgarage.com\/wp-content\/uploads\/2021\/05\/braelin-logo.png&#8221; title_text=&#8221;braelin-logo&#8221; url=&#8221;https:\/\/fastco.ca\/Braelin\/Home&#8221; url_new_window=&#8221;on&#8221; align=&#8221;center&#8221; admin_label=&#8221;Braelin&#8221; _builder_version=&#8221;4.9.4&#8243; _module_preset=&#8221;default&#8221;][\/et_pb_image][\/et_pb_column][et_pb_column type=&#8221;1_4&#8243; module_class=&#8221;col-flex-center-center&#8221; _builder_version=&#8221;4.9.3&#8243; _module_preset=&#8221;default&#8221;][et_pb_image src=&#8221;https:\/\/westislandgarage.com\/wp-content\/uploads\/2021\/05\/dialyn-logo.png&#8221; title_text=&#8221;dialyn-logo&#8221; url=&#8221;https:\/\/fastco.ca\/Dialyn\/Maintenance&#8221; url_new_window=&#8221;on&#8221; align=&#8221;center&#8221; admin_label=&#8221;Dialyn&#8221; _builder_version=&#8221;4.9.4&#8243; _module_preset=&#8221;default&#8221;][\/et_pb_image][\/et_pb_column][\/et_pb_row][et_pb_row column_structure=&#8221;1_4,1_4,1_4,1_4&#8243; use_custom_gutter=&#8221;on&#8221; gutter_width=&#8221;3&#8243; disabled_on=&#8221;off|off|off&#8221; _builder_version=&#8221;4.9.3&#8243; _module_preset=&#8221;default&#8221; collapsed=&#8221;off&#8221;][et_pb_column type=&#8221;1_4&#8243; module_class=&#8221;col-flex-center-center&#8221; _builder_version=&#8221;4.9.3&#8243; _module_preset=&#8221;default&#8221;][et_pb_image src=&#8221;https:\/\/westislandgarage.com\/wp-content\/uploads\/2021\/05\/fast-hd-logo.png&#8221; title_text=&#8221;fast-hd-logo&#8221; url=&#8221;https:\/\/fastco.ca\/Fast-HD\/Home&#8221; url_new_window=&#8221;on&#8221; align=&#8221;center&#8221; admin_label=&#8221;FastHD&#8221; _builder_version=&#8221;4.9.4&#8243; _module_preset=&#8221;default&#8221;][\/et_pb_image][\/et_pb_column][et_pb_column type=&#8221;1_4&#8243; module_class=&#8221;col-flex-center-center&#8221; _builder_version=&#8221;4.9.3&#8243; _module_preset=&#8221;default&#8221;][et_pb_image src=&#8221;https:\/\/westislandgarage.com\/wp-content\/uploads\/2021\/05\/replika-logo.png&#8221; title_text=&#8221;replika-logo&#8221; url=&#8221;https:\/\/fastco.ca\/Replika\/Home&#8221; url_new_window=&#8221;on&#8221; align=&#8221;center&#8221; admin_label=&#8221;Replika&#8221; _builder_version=&#8221;4.9.4&#8243; _module_preset=&#8221;default&#8221;][\/et_pb_image][\/et_pb_column][et_pb_column type=&#8221;1_4&#8243; module_class=&#8221;col-flex-center-center&#8221; _builder_version=&#8221;4.9.3&#8243; _module_preset=&#8221;default&#8221;][et_pb_image src=&#8221;https:\/\/westislandgarage.com\/wp-content\/uploads\/2021\/05\/rtx-logo.png&#8221; title_text=&#8221;rtx-logo&#8221; url=&#8221;https:\/\/rtxwheels.com\/&#8221; url_new_window=&#8221;on&#8221; align=&#8221;center&#8221; admin_label=&#8221;RTX&#8221; _builder_version=&#8221;4.9.4&#8243; _module_preset=&#8221;default&#8221;][\/et_pb_image][\/et_pb_column][et_pb_column type=&#8221;1_4&#8243; module_class=&#8221;col-flex-center-center&#8221; _builder_version=&#8221;4.9.3&#8243; _module_preset=&#8221;default&#8221;][et_pb_image src=&#8221;https:\/\/westislandgarage.com\/wp-content\/uploads\/2021\/05\/rssw-logo.png&#8221; title_text=&#8221;rssw-logo&#8221; url=&#8221;https:\/\/rssw.com\/recherche-par-vehicule&#8221; url_new_window=&#8221;on&#8221; align=&#8221;center&#8221; admin_label=&#8221;RSSW&#8221; _builder_version=&#8221;4.9.4&#8243; _module_preset=&#8221;default&#8221;][\/et_pb_image][\/et_pb_column][\/et_pb_row][et_pb_row _builder_version=&#8221;4.9.3&#8243; _module_preset=&#8221;default&#8221; custom_padding=&#8221;||0px||false|false&#8221;][et_pb_column type=&#8221;4_4&#8243; _builder_version=&#8221;4.9.2&#8243; _module_preset=&#8221;default&#8221;][et_pb_text admin_label=&#8221;CATALOGUE DE JANTES EN ALLIAGE ET EN ACIER, DE LA MARQUE RWC&#8221; _builder_version=&#8221;4.9.4&#8243; _module_preset=&#8221;default&#8221; header_2_font_size=&#8221;24px&#8221; custom_padding=&#8221;45px||30px||false|false&#8221;]<\/p>\n<h2>RWC MAG WHEEL AND STEEL RIM CATALOGUE<\/h2>\n<p>This is our RWC mag wheel and steel rim catalogue. To narrow your search, fill in the form below.<\/p>\n<p>If you need help or additional information, <a href=\"https:\/\/westislandgarage.com\/en\/contact-us\/\"><strong>contact us<\/strong><\/a>. We\u2019ll be very happy to help you make your choice according to your vehicle, your budget and your preferences.<\/p>\n<p>[\/et_pb_text][et_pb_code _builder_version=&#8221;4.9.4&#8243; _module_preset=&#8221;default&#8221;]<pee><script type=\"text\/javascript\" defer><!-- [et_pb_line_break_holder] -->function resizeIframe(height) {<!-- [et_pb_line_break_holder] -->\t\/\/console.log(height);<!-- [et_pb_line_break_holder] -->\t\/\/jQuery(\"#ifrgpi\").height(eval(parseInt(height)+10));<!-- [et_pb_line_break_holder] -->}<!-- [et_pb_line_break_holder] -->  function iframeLoaded() {<!-- [et_pb_line_break_holder] -->      var iFrameID = document.getElementById('ifrgpi');<!-- [et_pb_line_break_holder] -->      if(iFrameID) {<!-- [et_pb_line_break_holder] -->        console.log(\"mal found with id \", iFrameID.clientHeight);<!-- [et_pb_line_break_holder] -->            \/\/ here you can make the height, I delete it first, then I make it again<!-- [et_pb_line_break_holder] -->            iFrameID.height = iFrameID.clientHeight+ \"px\";<!-- [et_pb_line_break_holder] -->            \/\/iFrameID.height = iFrameID.contentWindow.document.body.scrollHeight + \"px\";<!-- [et_pb_line_break_holder] -->      } <!-- [et_pb_line_break_holder] --><!-- [et_pb_line_break_holder] -->  }<!-- [et_pb_line_break_holder] -->jQuery(document).ready(function() {<!-- [et_pb_line_break_holder] -->\tjQuery(\"body\").on(\"contextmenu\",function(e){<!-- [et_pb_line_break_holder] -->       e.preventDefault();<!-- [et_pb_line_break_holder] -->\t   return false;<!-- [et_pb_line_break_holder] -->    }); <!-- [et_pb_line_break_holder] -->}); <!-- [et_pb_line_break_holder] --><\/script><\/pee>\n<!-- [et_pb_line_break_holder] -->\n<pee>\n<style type=\"text\/css\"><!-- [et_pb_line_break_holder] -->h1.entry-title{display:none;}<!-- [et_pb_line_break_holder] --><\/style>\n<\/pee>\n<!-- [et_pb_line_break_holder] --><center><!-- [et_pb_line_break_holder] --> <iframe id=\"ifrgpi\" style=\"min-width: 100%; max-width: 100%;\" src=\"https:\/\/reseller.gpibtob.com\/demo2\/wheel-collection?lang=fr&amp;gpitoken=0YTo2OntzOjc6IndlYnNpdGUiO3M6MjE6Indlc3Rpc2xhbmRnYXJhZ2UuY29tLyI7czoxMDoic2hvd19wcmljZSI7aToxO3M6ODoiZGlzY291bnQiO2k6MTtzOjE0OiJzaG93X2ludmVudG9yeSI7aToxO3M6NDoibXJzcCI7aToxO3M6NToiaHR0cHMiO2k6MTt9\" name=\"ifrgpi\" width=\"100%\" frameborder=\"0\" scrolling=\"no\"><\/iframe><!-- [et_pb_line_break_holder] --><\/center>[\/et_pb_code][\/et_pb_column][\/et_pb_row][\/et_pb_section]<\/p>\n","protected":false},"excerpt":{"rendered":"<p>MAG WHEELS AND STEEL RIMS \u2013 Brands and CatalogueWe are committed to providing you with superior quality wheels (mags and rims) at competitive prices!RENOWNED BRANDS The quality of the products we sell and install is a priority for us. To that end, we work with these renowned suppliers to bring you durable wheels (mags and [&hellip;]<\/p>\n","protected":false},"author":1,"featured_media":0,"parent":97439,"menu_order":20,"comment_status":"closed","ping_status":"closed","template":"","meta":{"_et_pb_use_builder":"on","_et_pb_old_content":"","_et_gb_content_width":"","footnotes":""},"class_list":["post-97453","page","type-page","status-publish","hentry"],"yoast_head":"<!-- This site is optimized with the Yoast SEO plugin v27.3 - https:\/\/yoast.com\/product\/yoast-seo-wordpress\/ -->\n<title>Brands and Catalogue - Autotech<\/title>\n<meta name=\"robots\" content=\"index, follow, max-snippet:-1, max-image-preview:large, max-video-preview:-1\" \/>\n<link rel=\"canonical\" href=\"https:\/\/westislandgarage.com\/en\/services\/mag-wheels-and-steel-rims\/brands-and-catalogue\/\" \/>\n<meta property=\"og:locale\" content=\"en_US\" \/>\n<meta property=\"og:type\" content=\"article\" \/>\n<meta property=\"og:title\" content=\"Brands and Catalogue - Autotech\" \/>\n<meta property=\"og:description\" content=\"MAG WHEELS AND STEEL RIMS \u2013 Brands and CatalogueWe are committed to providing you with superior quality wheels (mags and rims) at competitive prices!RENOWNED BRANDS The quality of the products we sell and install is a priority for us. To that end, we work with these renowned suppliers to bring you durable wheels (mags and [&hellip;]\" \/>\n<meta property=\"og:url\" content=\"https:\/\/westislandgarage.com\/en\/services\/mag-wheels-and-steel-rims\/brands-and-catalogue\/\" \/>\n<meta property=\"og:site_name\" content=\"Autotech\" \/>\n<meta property=\"article:publisher\" content=\"https:\/\/www.facebook.com\/Autotech-Performance-inc-273553479384265\/\" \/>\n<meta property=\"article:modified_time\" content=\"2021-06-11T19:19:57+00:00\" \/>\n<meta name=\"twitter:card\" content=\"summary_large_image\" \/>\n<meta name=\"twitter:label1\" content=\"Est. reading time\" \/>\n\t<meta name=\"twitter:data1\" content=\"6 minutes\" \/>\n<script type=\"application\/ld+json\" class=\"yoast-schema-graph\">{\"@context\":\"https:\\\/\\\/schema.org\",\"@graph\":[{\"@type\":\"WebPage\",\"@id\":\"https:\\\/\\\/westislandgarage.com\\\/en\\\/services\\\/mag-wheels-and-steel-rims\\\/brands-and-catalogue\\\/\",\"url\":\"https:\\\/\\\/westislandgarage.com\\\/en\\\/services\\\/mag-wheels-and-steel-rims\\\/brands-and-catalogue\\\/\",\"name\":\"Brands and Catalogue - Autotech\",\"isPartOf\":{\"@id\":\"https:\\\/\\\/westislandgarage.com\\\/#website\"},\"datePublished\":\"2021-06-11T19:18:31+00:00\",\"dateModified\":\"2021-06-11T19:19:57+00:00\",\"breadcrumb\":{\"@id\":\"https:\\\/\\\/westislandgarage.com\\\/en\\\/services\\\/mag-wheels-and-steel-rims\\\/brands-and-catalogue\\\/#breadcrumb\"},\"inLanguage\":\"en-US\",\"potentialAction\":[{\"@type\":\"ReadAction\",\"target\":[\"https:\\\/\\\/westislandgarage.com\\\/en\\\/services\\\/mag-wheels-and-steel-rims\\\/brands-and-catalogue\\\/\"]}]},{\"@type\":\"BreadcrumbList\",\"@id\":\"https:\\\/\\\/westislandgarage.com\\\/en\\\/services\\\/mag-wheels-and-steel-rims\\\/brands-and-catalogue\\\/#breadcrumb\",\"itemListElement\":[{\"@type\":\"ListItem\",\"position\":1,\"name\":\"Accueil\",\"item\":\"https:\\\/\\\/westislandgarage.com\\\/en\\\/home\\\/\"},{\"@type\":\"ListItem\",\"position\":2,\"name\":\"Services\",\"item\":\"https:\\\/\\\/westislandgarage.com\\\/en\\\/services\\\/\"},{\"@type\":\"ListItem\",\"position\":3,\"name\":\"Mag wheels and steel rims\",\"item\":\"https:\\\/\\\/westislandgarage.com\\\/en\\\/services\\\/mag-wheels-and-steel-rims\\\/\"},{\"@type\":\"ListItem\",\"position\":4,\"name\":\"Brands and Catalogue\"}]},{\"@type\":\"WebSite\",\"@id\":\"https:\\\/\\\/westislandgarage.com\\\/#website\",\"url\":\"https:\\\/\\\/westislandgarage.com\\\/\",\"name\":\"Autotech\",\"description\":\"CAA Quebec Certified Mechanic Auto Repair Shop - Montreal West Island\",\"publisher\":{\"@id\":\"https:\\\/\\\/westislandgarage.com\\\/#organization\"},\"potentialAction\":[{\"@type\":\"SearchAction\",\"target\":{\"@type\":\"EntryPoint\",\"urlTemplate\":\"https:\\\/\\\/westislandgarage.com\\\/?s={search_term_string}\"},\"query-input\":{\"@type\":\"PropertyValueSpecification\",\"valueRequired\":true,\"valueName\":\"search_term_string\"}}],\"inLanguage\":\"en-US\"},{\"@type\":\"Organization\",\"@id\":\"https:\\\/\\\/westislandgarage.com\\\/#organization\",\"name\":\"Autotech Performance\",\"url\":\"https:\\\/\\\/westislandgarage.com\\\/\",\"logo\":{\"@type\":\"ImageObject\",\"inLanguage\":\"en-US\",\"@id\":\"https:\\\/\\\/westislandgarage.com\\\/#\\\/schema\\\/logo\\\/image\\\/\",\"url\":\"https:\\\/\\\/westislandgarage.com\\\/wp-content\\\/uploads\\\/2021\\\/05\\\/autotech-logo-small.png\",\"contentUrl\":\"https:\\\/\\\/westislandgarage.com\\\/wp-content\\\/uploads\\\/2021\\\/05\\\/autotech-logo-small.png\",\"width\":165,\"height\":79,\"caption\":\"Autotech Performance\"},\"image\":{\"@id\":\"https:\\\/\\\/westislandgarage.com\\\/#\\\/schema\\\/logo\\\/image\\\/\"},\"sameAs\":[\"https:\\\/\\\/www.facebook.com\\\/Autotech-Performance-inc-273553479384265\\\/\"]}]}<\/script>\n<!-- \/ Yoast SEO plugin. -->","yoast_head_json":{"title":"Brands and Catalogue - Autotech","robots":{"index":"index","follow":"follow","max-snippet":"max-snippet:-1","max-image-preview":"max-image-preview:large","max-video-preview":"max-video-preview:-1"},"canonical":"https:\/\/westislandgarage.com\/en\/services\/mag-wheels-and-steel-rims\/brands-and-catalogue\/","og_locale":"en_US","og_type":"article","og_title":"Brands and Catalogue - Autotech","og_description":"MAG WHEELS AND STEEL RIMS \u2013 Brands and CatalogueWe are committed to providing you with superior quality wheels (mags and rims) at competitive prices!RENOWNED BRANDS The quality of the products we sell and install is a priority for us. To that end, we work with these renowned suppliers to bring you durable wheels (mags and [&hellip;]","og_url":"https:\/\/westislandgarage.com\/en\/services\/mag-wheels-and-steel-rims\/brands-and-catalogue\/","og_site_name":"Autotech","article_publisher":"https:\/\/www.facebook.com\/Autotech-Performance-inc-273553479384265\/","article_modified_time":"2021-06-11T19:19:57+00:00","twitter_card":"summary_large_image","twitter_misc":{"Est. reading time":"6 minutes"},"schema":{"@context":"https:\/\/schema.org","@graph":[{"@type":"WebPage","@id":"https:\/\/westislandgarage.com\/en\/services\/mag-wheels-and-steel-rims\/brands-and-catalogue\/","url":"https:\/\/westislandgarage.com\/en\/services\/mag-wheels-and-steel-rims\/brands-and-catalogue\/","name":"Brands and Catalogue - Autotech","isPartOf":{"@id":"https:\/\/westislandgarage.com\/#website"},"datePublished":"2021-06-11T19:18:31+00:00","dateModified":"2021-06-11T19:19:57+00:00","breadcrumb":{"@id":"https:\/\/westislandgarage.com\/en\/services\/mag-wheels-and-steel-rims\/brands-and-catalogue\/#breadcrumb"},"inLanguage":"en-US","potentialAction":[{"@type":"ReadAction","target":["https:\/\/westislandgarage.com\/en\/services\/mag-wheels-and-steel-rims\/brands-and-catalogue\/"]}]},{"@type":"BreadcrumbList","@id":"https:\/\/westislandgarage.com\/en\/services\/mag-wheels-and-steel-rims\/brands-and-catalogue\/#breadcrumb","itemListElement":[{"@type":"ListItem","position":1,"name":"Accueil","item":"https:\/\/westislandgarage.com\/en\/home\/"},{"@type":"ListItem","position":2,"name":"Services","item":"https:\/\/westislandgarage.com\/en\/services\/"},{"@type":"ListItem","position":3,"name":"Mag wheels and steel rims","item":"https:\/\/westislandgarage.com\/en\/services\/mag-wheels-and-steel-rims\/"},{"@type":"ListItem","position":4,"name":"Brands and Catalogue"}]},{"@type":"WebSite","@id":"https:\/\/westislandgarage.com\/#website","url":"https:\/\/westislandgarage.com\/","name":"Autotech","description":"CAA Quebec Certified Mechanic Auto Repair Shop - Montreal West Island","publisher":{"@id":"https:\/\/westislandgarage.com\/#organization"},"potentialAction":[{"@type":"SearchAction","target":{"@type":"EntryPoint","urlTemplate":"https:\/\/westislandgarage.com\/?s={search_term_string}"},"query-input":{"@type":"PropertyValueSpecification","valueRequired":true,"valueName":"search_term_string"}}],"inLanguage":"en-US"},{"@type":"Organization","@id":"https:\/\/westislandgarage.com\/#organization","name":"Autotech Performance","url":"https:\/\/westislandgarage.com\/","logo":{"@type":"ImageObject","inLanguage":"en-US","@id":"https:\/\/westislandgarage.com\/#\/schema\/logo\/image\/","url":"https:\/\/westislandgarage.com\/wp-content\/uploads\/2021\/05\/autotech-logo-small.png","contentUrl":"https:\/\/westislandgarage.com\/wp-content\/uploads\/2021\/05\/autotech-logo-small.png","width":165,"height":79,"caption":"Autotech Performance"},"image":{"@id":"https:\/\/westislandgarage.com\/#\/schema\/logo\/image\/"},"sameAs":["https:\/\/www.facebook.com\/Autotech-Performance-inc-273553479384265\/"]}]}},"_links":{"self":[{"href":"https:\/\/westislandgarage.com\/en\/wp-json\/wp\/v2\/pages\/97453","targetHints":{"allow":["GET"]}}],"collection":[{"href":"https:\/\/westislandgarage.com\/en\/wp-json\/wp\/v2\/pages"}],"about":[{"href":"https:\/\/westislandgarage.com\/en\/wp-json\/wp\/v2\/types\/page"}],"author":[{"embeddable":true,"href":"https:\/\/westislandgarage.com\/en\/wp-json\/wp\/v2\/users\/1"}],"replies":[{"embeddable":true,"href":"https:\/\/westislandgarage.com\/en\/wp-json\/wp\/v2\/comments?post=97453"}],"version-history":[{"count":4,"href":"https:\/\/westislandgarage.com\/en\/wp-json\/wp\/v2\/pages\/97453\/revisions"}],"predecessor-version":[{"id":97459,"href":"https:\/\/westislandgarage.com\/en\/wp-json\/wp\/v2\/pages\/97453\/revisions\/97459"}],"up":[{"embeddable":true,"href":"https:\/\/westislandgarage.com\/en\/wp-json\/wp\/v2\/pages\/97439"}],"wp:attachment":[{"href":"https:\/\/westislandgarage.com\/en\/wp-json\/wp\/v2\/media?parent=97453"}],"curies":[{"name":"wp","href":"https:\/\/api.w.org\/{rel}","templated":true}]}}