{"id":97402,"date":"2021-06-11T13:06:43","date_gmt":"2021-06-11T17:06:43","guid":{"rendered":"https:\/\/autotech.acxcomdev.com\/services\/trailer-hitches\/bike-racks\/"},"modified":"2022-05-02T16:05:28","modified_gmt":"2022-05-02T20:05:28","slug":"bike-racks","status":"publish","type":"page","link":"https:\/\/westislandgarage.com\/en\/services\/trailer-hitches\/bike-racks\/","title":{"rendered":"Bike Racks"},"content":{"rendered":"<p>[et_pb_section fb_built=&#8221;1&#8243; admin_label=&#8221;Section titre&#8221; _builder_version=&#8221;4.16&#8243; _module_preset=&#8221;default&#8221; background_color=&#8221;RGBA(0,0,0,0)&#8221; custom_padding=&#8221;0px||0px||false|false&#8221; hover_enabled=&#8221;0&#8243; locked=&#8221;off&#8221; collapsed=&#8221;off&#8221; global_colors_info=&#8221;{}&#8221; sticky_enabled=&#8221;0&#8243;][et_pb_row _builder_version=&#8221;4.16&#8243; _module_preset=&#8221;default&#8221; custom_padding=&#8221;30px||10px||false|false&#8221; hover_enabled=&#8221;0&#8243; global_colors_info=&#8221;{}&#8221; sticky_enabled=&#8221;0&#8243;][et_pb_column type=&#8221;4_4&#8243; _builder_version=&#8221;4.16&#8243; _module_preset=&#8221;default&#8221; global_colors_info=&#8221;{}&#8221;][et_pb_text admin_label=&#8221;Titre de la page&#8221; _builder_version=&#8221;4.16&#8243; _module_preset=&#8221;default&#8221; header_text_align=&#8221;center&#8221; header_text_color=&#8221;#DB0000&#8243; hover_enabled=&#8221;0&#8243; header_font_size_tablet=&#8221;36px&#8221; header_font_size_phone=&#8221;24px&#8221; header_font_size_last_edited=&#8221;on|phone&#8221; global_colors_info=&#8221;{}&#8221; sticky_enabled=&#8221;0&#8243;]<\/p>\n<h1>TRAILER HITCHES \u2013 Bike Racks<\/h1>\n<p>[\/et_pb_text][\/et_pb_column][\/et_pb_row][\/et_pb_section][et_pb_section fb_built=&#8221;1&#8243; admin_label=&#8221;Section bandeau&#8221; _builder_version=&#8221;4.17.3&#8243; _module_preset=&#8221;default&#8221; background_color=&#8221;#000000&#8243; background_image=&#8221;https:\/\/westislandgarage.com\/wp-content\/uploads\/2022\/05\/porte-velos.png&#8221; background_size=&#8221;initial&#8221; background_position=&#8221;bottom_center&#8221; custom_padding=&#8221;30px||180px||false|false&#8221; hover_enabled=&#8221;0&#8243; locked=&#8221;off&#8221; collapsed=&#8221;off&#8221; global_colors_info=&#8221;{}&#8221; title_text=&#8221;porte-velos&#8221; sticky_enabled=&#8221;0&#8243;][et_pb_row _builder_version=&#8221;4.16&#8243; _module_preset=&#8221;default&#8221; global_colors_info=&#8221;{}&#8221;][et_pb_column type=&#8221;4_4&#8243; _builder_version=&#8221;4.16&#8243; _module_preset=&#8221;default&#8221; global_colors_info=&#8221;{}&#8221;][et_pb_text admin_label=&#8221;Porte-v\u00e9los de qualit\u00e9, adapt\u00e9s \u00e0 vos besoins et install\u00e9s de fa\u00e7on s\u00e9curitaire&#8221; _builder_version=&#8221;4.17.3&#8243; _module_preset=&#8221;default&#8221; header_text_align=&#8221;center&#8221; header_text_color=&#8221;#FFFFFF&#8221; header_font_size=&#8221;40px&#8221; header_2_text_align=&#8221;center&#8221; header_2_text_color=&#8221;#FFFFFF&#8221; header_2_font_size=&#8221;40px&#8221; hover_enabled=&#8221;0&#8243; header_font_size_tablet=&#8221;36px&#8221; header_font_size_phone=&#8221;32px&#8221; header_font_size_last_edited=&#8221;on|phone&#8221; global_colors_info=&#8221;{}&#8221; sticky_enabled=&#8221;0&#8243;]<\/p>\n<h1>Wide range of premium-quality, top-brand bike racks at competitive prices<\/h1>\n<p>[\/et_pb_text][et_pb_button button_url=&#8221;https:\/\/westislandgarage.com\/en\/services\/trailer-hitches\/bike-racks\/bike-racks-models-available-at-autotech\/&#8221; button_text=&#8221;VIEW AVAILABLE MODELS&#8221; button_alignment=&#8221;center&#8221; _builder_version=&#8221;4.17.3&#8243; _module_preset=&#8221;default&#8221; hover_enabled=&#8221;0&#8243; global_colors_info=&#8221;{}&#8221; sticky_enabled=&#8221;0&#8243;][\/et_pb_button][\/et_pb_column][\/et_pb_row][\/et_pb_section][et_pb_section fb_built=&#8221;1&#8243; admin_label=&#8221;Section sous-menu&#8221; _builder_version=&#8221;4.16&#8243; _module_preset=&#8221;default&#8221; background_color=&#8221;#FFFFFF&#8221; custom_padding=&#8221;0px||0px||false|false&#8221; sticky_position=&#8221;top&#8221; box_shadow_style=&#8221;preset3&#8243; box_shadow_color=&#8221;rgba(0,0,0,0.2)&#8221; locked=&#8221;on&#8221; collapsed=&#8221;on&#8221; global_colors_info=&#8221;{}&#8221;][et_pb_row _builder_version=&#8221;4.16&#8243; _module_preset=&#8221;default&#8221; global_colors_info=&#8221;{}&#8221;][et_pb_column type=&#8221;4_4&#8243; _builder_version=&#8221;4.16&#8243; _module_preset=&#8221;default&#8221; global_colors_info=&#8221;{}&#8221;][et_pb_menu menu_id=&#8221;21637&#8243; menu_style=&#8221;centered&#8221; active_link_color=&#8221;#DB0000&#8243; admin_label=&#8221;Menu de sous-section&#8221; module_class=&#8221;sub-page-menu&#8221; _builder_version=&#8221;4.16&#8243; _module_preset=&#8221;default&#8221; menu_font=&#8221;Barlow Semi Condensed|600||on|||||&#8221; menu_text_color=&#8221;#3F3F3F&#8221; menu_font_size=&#8221;16px&#8221; global_colors_info=&#8221;{}&#8221;][\/et_pb_menu][\/et_pb_column][\/et_pb_row][\/et_pb_section][et_pb_section fb_built=&#8221;1&#8243; _builder_version=&#8221;4.16&#8243; _module_preset=&#8221;default&#8221; background_color=&#8221;#F1F1F1&#8243; global_colors_info=&#8221;{}&#8221;][et_pb_row _builder_version=&#8221;4.16&#8243; _module_preset=&#8221;default&#8221; global_colors_info=&#8221;{}&#8221;][et_pb_column type=&#8221;4_4&#8243; _builder_version=&#8221;4.16&#8243; _module_preset=&#8221;default&#8221; global_colors_info=&#8221;{}&#8221;][et_pb_text admin_label=&#8221;GRAND CHOIX DE PORTE-V\u00c9LOS DANS LE WEST ISLAND DE MONTR\u00c9AL&#8221; _builder_version=&#8221;4.16&#8243; _module_preset=&#8221;default&#8221; header_2_font_size=&#8221;24px&#8221; custom_padding=&#8221;15px||||false|false&#8221; hover_enabled=&#8221;0&#8243; global_colors_info=&#8221;{}&#8221; sticky_enabled=&#8221;0&#8243;]<\/p>\n<h2>A WIDE SELECTION OF BIKE RACKS IN MONTREAL&#8217;S WEST ISLAND<\/h2>\n<p>At Autotech Performance, we offer you a wide range of premium-quality, top-brand bike racks at competitive prices.<\/p>\n<p>We can guide you through the process so that your bike rack is adapted to your needs and installed safely.<\/p>\n<p>[\/et_pb_text][\/et_pb_column][\/et_pb_row][et_pb_row column_structure=&#8221;1_5,1_5,1_5,1_5,1_5&#8243; _builder_version=&#8221;4.16&#8243; _module_preset=&#8221;default&#8221; global_colors_info=&#8221;{}&#8221;][et_pb_column type=&#8221;1_5&#8243; _builder_version=&#8221;4.16&#8243; _module_preset=&#8221;default&#8221; global_colors_info=&#8221;{}&#8221;][et_pb_image src=&#8221;https:\/\/westislandgarage.com\/wp-content\/uploads\/2021\/05\/SportRack-2-bike-platefom-002-1.png&#8221; title_text=&#8221;SportRack-2-bike-platefom-(002)&#8221; align=&#8221;center&#8221; _builder_version=&#8221;4.16&#8243; _module_preset=&#8221;default&#8221; background_color=&#8221;#F1F1F1&#8243; global_colors_info=&#8221;{}&#8221;][\/et_pb_image][\/et_pb_column][et_pb_column type=&#8221;1_5&#8243; _builder_version=&#8221;4.16&#8243; _module_preset=&#8221;default&#8221; global_colors_info=&#8221;{}&#8221;][et_pb_image src=&#8221;https:\/\/westislandgarage.com\/wp-content\/uploads\/2021\/05\/SportRack-4-bike-platefom-002-1.png&#8221; title_text=&#8221;SportRack-4-bike-platefom-(002)&#8221; align=&#8221;center&#8221; _builder_version=&#8221;4.16&#8243; _module_preset=&#8221;default&#8221; global_colors_info=&#8221;{}&#8221;][\/et_pb_image][\/et_pb_column][et_pb_column type=&#8221;1_5&#8243; _builder_version=&#8221;4.16&#8243; _module_preset=&#8221;default&#8221; global_colors_info=&#8221;{}&#8221;][et_pb_image src=&#8221;https:\/\/westislandgarage.com\/wp-content\/uploads\/2021\/05\/Thule-plateform-2-bikes-002-1.png&#8221; title_text=&#8221;Thule-plateform-2-bikes-(002)&#8221; align=&#8221;center&#8221; _builder_version=&#8221;4.16&#8243; _module_preset=&#8221;default&#8221; global_colors_info=&#8221;{}&#8221;][\/et_pb_image][\/et_pb_column][et_pb_column type=&#8221;1_5&#8243; _builder_version=&#8221;4.16&#8243; _module_preset=&#8221;default&#8221; global_colors_info=&#8221;{}&#8221;][et_pb_image src=&#8221;https:\/\/westislandgarage.com\/wp-content\/uploads\/2021\/05\/Thule-Bike-Rack-swing-away-4-bike-002-1.png&#8221; title_text=&#8221;Thule-Bike-Rack-swing-away-4-bike-(002)&#8221; align=&#8221;center&#8221; _builder_version=&#8221;4.16&#8243; _module_preset=&#8221;default&#8221; global_colors_info=&#8221;{}&#8221;][\/et_pb_image][\/et_pb_column][et_pb_column type=&#8221;1_5&#8243; _builder_version=&#8221;4.16&#8243; _module_preset=&#8221;default&#8221; global_colors_info=&#8221;{}&#8221;][et_pb_image src=&#8221;https:\/\/westislandgarage.com\/wp-content\/uploads\/2021\/05\/Thule-Electrical-Bike-rack-1.png&#8221; title_text=&#8221;Thule-Electrical-Bike-rack&#8221; align=&#8221;center&#8221; _builder_version=&#8221;4.16&#8243; _module_preset=&#8221;default&#8221; global_colors_info=&#8221;{}&#8221;][\/et_pb_image][\/et_pb_column][\/et_pb_row][et_pb_row _builder_version=&#8221;4.16&#8243; _module_preset=&#8221;default&#8221; global_colors_info=&#8221;{}&#8221; disabled_on=&#8221;on|on|on&#8221; disabled=&#8221;on&#8221;][et_pb_column type=&#8221;4_4&#8243; _builder_version=&#8221;4.16&#8243; _module_preset=&#8221;default&#8221; global_colors_info=&#8221;{}&#8221;][et_pb_button button_url=&#8221;@ET-DC@eyJkeW5hbWljIjp0cnVlLCJjb250ZW50IjoicG9zdF9saW5rX3VybF9wYWdlIiwic2V0dGluZ3MiOnsicG9zdF9pZCI6Ijk3OTEzIn19@&#8221; button_text=&#8221;VIEW AVAILABLE MODELS&#8221; button_alignment=&#8221;center&#8221; admin_label=&#8221;Choisissez votre mod\u00e8le&#8221; _builder_version=&#8221;4.16&#8243; _dynamic_attributes=&#8221;button_url&#8221; _module_preset=&#8221;default&#8221; hover_enabled=&#8221;0&#8243; global_colors_info=&#8221;{}&#8221; sticky_enabled=&#8221;0&#8243;][\/et_pb_button][\/et_pb_column][\/et_pb_row][et_pb_row _builder_version=&#8221;4.16&#8243; _module_preset=&#8221;default&#8221; global_colors_info=&#8221;{}&#8221;][et_pb_column type=&#8221;4_4&#8243; _builder_version=&#8221;4.16&#8243; _module_preset=&#8221;default&#8221; global_colors_info=&#8221;{}&#8221;][et_pb_text admin_label=&#8221;COMMENT CHOSIR LE PORTE-V\u00c9LOS QUI CONVIENT \u00c0 VOS BESOINS?&#8221; _builder_version=&#8221;4.16&#8243; _module_preset=&#8221;default&#8221; header_2_font_size=&#8221;24px&#8221; header_3_font_size=&#8221;20px&#8221; custom_padding=&#8221;45px||||false|false&#8221; global_colors_info=&#8221;{}&#8221;]<\/p>\n<h3>CHOOSING THE BIKE RACK THAT SUITS YOUR NEEDS<\/h3>\n<p>We encourage you to answer the three questions below before beginning the purchase process. The information you provide will help you make an informed choice that meets your needs and fits your budget.<\/p>\n<p><strong>1 \u2013 What type of trailer hitch do you own?<br \/>\n<\/strong><\/p>\n<p>The type of trailer hitch mounted on your vehicle determines the number of bikes you can carry. In North America, <a href=\"https:\/\/autotech.acxcomdev.com\/services\/attaches-de-remorques\/infos-pratiques\/\"><strong>trailer hitches are grouped by class<\/strong><\/a>, according to the maximum number of bikes they can carry.<\/p>\n<p>Look at the table below to determine how many bikes you can carry with the trailer hitch you own<\/p>\n<table width=\"691\">\n<tbody>\n<tr>\n<td width=\"150\"><strong>TRAILER HITCH CLASS<\/strong><\/td>\n<td width=\"151\"><strong>MAXIMUM TOWING LOAD <\/strong>(weight of the trailer and its contents)<\/td>\n<td width=\"213\"><strong>MAXIMUM NUMBER OF BIKES<\/strong><\/td>\n<td width=\"177\"><strong>OPENING OF RECEIVER-TYPE HITCH<\/strong><\/td>\n<\/tr>\n<tr>\n<td width=\"150\">1<\/td>\n<td width=\"151\"><strong>2,000 lb<\/strong><\/td>\n<td width=\"213\"><strong>2-3<\/strong><\/td>\n<td width=\"177\"><strong>1 1\/4\u2033<\/strong><\/td>\n<\/tr>\n<tr>\n<td width=\"150\">2<\/td>\n<td width=\"151\"><strong>3,500 lb<\/strong><\/td>\n<td width=\"213\"><strong>4<\/strong><\/td>\n<td width=\"177\"><strong>1 1\/4\u2033<\/strong><\/td>\n<\/tr>\n<tr>\n<td width=\"150\">3<\/td>\n<td width=\"151\"><strong>5,000 lb<\/strong><\/td>\n<td width=\"213\"><strong>5<\/strong><\/td>\n<td width=\"177\"><strong>2\u2033<\/strong><\/td>\n<\/tr>\n<tr>\n<td width=\"150\">4<\/td>\n<td width=\"151\"><strong>12,000 lb<\/strong><\/td>\n<td width=\"213\"><strong>5<\/strong><\/td>\n<td width=\"177\"><strong>2\u2033<\/strong><\/td>\n<\/tr>\n<\/tbody>\n<\/table>\n<p>&nbsp;<\/p>\n<p><strong>You don\u2019t own a trailer hitch?\u00a0<\/strong><\/p>\n<p>Let us guide you as you choose the trailer hitch that meets your needs. Find out more on our <a href=\"https:\/\/autotech.acxcomdev.com\/services\/attaches-de-remorques\/comment-choisir-une-attache-de-remorque\/\"><strong>How to choose a trailer hitch <\/strong><\/a>page.<\/p>\n<p><strong>2 \u2013 What is the opening of your receiver-type hitch?<br \/>\n<\/strong><\/p>\n<p>The opening of the receiver-type hitch can be one of the following two sizes:<\/p>\n<ul>\n<li>1 1\/4\u201d for up to 4 bikes<\/li>\n<li>2\u201d for up to 5 bikes<\/li>\n<\/ul>\n<p>&nbsp;<\/p>\n<p><strong>3 \u2013 What types of bikes do you want to carry?<br \/>\n<\/strong><\/p>\n<p>Nowadays, bicycles come in all shapes and sizes. For instance, the shape of the bike frame\u2014with or without a top bar\u2014is an important factor when selecting a bike rack. It is essential that you hook and attach your bicycles securely to the rack. There are two types of bikes racks:<\/p>\n<ul>\n<li>for bikes with frames with a top bar<\/li>\n<li>for bikes with frames with or without a top bar<\/li>\n<\/ul>\n<p>[\/et_pb_text][\/et_pb_column][\/et_pb_row][\/et_pb_section][et_pb_section fb_built=&#8221;1&#8243; _builder_version=&#8221;4.16&#8243; _module_preset=&#8221;default&#8221; background_color=&#8221;#FFFFFF&#8221; custom_padding=&#8221;||90px||false|false&#8221; global_colors_info=&#8221;{}&#8221;][et_pb_row _builder_version=&#8221;4.16&#8243; _module_preset=&#8221;default&#8221; background_color=&#8221;RGBA(0,0,0,0)&#8221; custom_margin=&#8221;45px||||false|false&#8221; global_colors_info=&#8221;{}&#8221;][et_pb_column type=&#8221;4_4&#8243; _builder_version=&#8221;4.16&#8243; _module_preset=&#8221;default&#8221; global_colors_info=&#8221;{}&#8221;][et_pb_text admin_label=&#8221;Conclusion&#8221; _builder_version=&#8221;4.16&#8243; _module_preset=&#8221;default&#8221; text_font=&#8221;Barlow Semi Condensed||||||||&#8221; text_font_size=&#8221;24px&#8221; text_line_height=&#8221;1.3em&#8221; header_2_font_size=&#8221;24px&#8221; background_color=&#8221;RGBA(0,0,0,0)&#8221; text_orientation=&#8221;center&#8221; global_colors_info=&#8221;{}&#8221;]<\/p>\n<h1>At Autotech Performance, it will be our pleasure to discuss the options available with you.<\/h1>\n<p>We sell and install leading brand bike racks such as <a href=\"http:\/\/www.thule.com\/fr-CA\/CA\/Products\/Bike-Carriers\/Hitch\" target=\"_blank\" rel=\"noopener\"><strong>Thule<\/strong><\/a><strong>,\u00a0<\/strong><a href=\"http:\/\/canada-fr.sportrack.com\/k\/home-page\" target=\"_blank\" rel=\"noopener\"><strong>Sportrack<\/strong> <\/a>and <a href=\"http:\/\/www.swagman.net\/\" target=\"_blank\" rel=\"noopener\"><strong>Swagman<\/strong><\/a>. You\u2019ll leave with a top-quality bike rack that suits your taste and is installed securely and in compliance with the law.<\/p>\n<p>[\/et_pb_text][et_pb_button button_url=&#8221;@ET-DC@eyJkeW5hbWljIjp0cnVlLCJjb250ZW50IjoicG9zdF9saW5rX3VybF9wYWdlIiwic2V0dGluZ3MiOnsicG9zdF9pZCI6IjMzMiJ9fQ==@&#8221; button_text=&#8221;CONTACT US&#8221; button_alignment=&#8221;center&#8221; _builder_version=&#8221;4.16&#8243; _dynamic_attributes=&#8221;button_url&#8221; _module_preset=&#8221;default&#8221; global_colors_info=&#8221;{}&#8221;][\/et_pb_button][\/et_pb_column][\/et_pb_row][\/et_pb_section]<\/p>\n","protected":false},"excerpt":{"rendered":"<p>TRAILER HITCHES \u2013 Bike RacksWide range of premium-quality, top-brand bike racks at competitive pricesA WIDE SELECTION OF BIKE RACKS IN MONTREAL&#8217;S WEST ISLAND At Autotech Performance, we offer you a wide range of premium-quality, top-brand bike racks at competitive prices. We can guide you through the process so that your bike rack is adapted to [&hellip;]<\/p>\n","protected":false},"author":3,"featured_media":0,"parent":97386,"menu_order":40,"comment_status":"closed","ping_status":"closed","template":"","meta":{"_et_pb_use_builder":"on","_et_pb_old_content":"","_et_gb_content_width":"","footnotes":""},"class_list":["post-97402","page","type-page","status-publish","hentry"],"yoast_head":"<!-- This site is optimized with the Yoast SEO plugin v27.3 - https:\/\/yoast.com\/product\/yoast-seo-wordpress\/ -->\n<title>Porte-v\u00e9los de marques reconnues - Autotech Performance<\/title>\n<meta name=\"description\" content=\"Porte v\u00e9los pour tous les type d&#039;attache de remorques. Autotech Performance un sp\u00e9cialiste en attache de remorque depuis plus de 20 ans.\" \/>\n<meta name=\"robots\" content=\"index, follow, max-snippet:-1, max-image-preview:large, max-video-preview:-1\" \/>\n<link rel=\"canonical\" href=\"https:\/\/westislandgarage.com\/en\/services\/trailer-hitches\/bike-racks\/\" \/>\n<meta property=\"og:locale\" content=\"en_US\" \/>\n<meta property=\"og:type\" content=\"article\" \/>\n<meta property=\"og:title\" content=\"Porte-v\u00e9los de marques reconnues - Autotech Performance\" \/>\n<meta property=\"og:description\" content=\"Porte v\u00e9los pour tous les type d&#039;attache de remorques. Autotech Performance un sp\u00e9cialiste en attache de remorque depuis plus de 20 ans.\" \/>\n<meta property=\"og:url\" content=\"https:\/\/westislandgarage.com\/en\/services\/trailer-hitches\/bike-racks\/\" \/>\n<meta property=\"og:site_name\" content=\"Autotech\" \/>\n<meta property=\"article:publisher\" content=\"https:\/\/www.facebook.com\/Autotech-Performance-inc-273553479384265\/\" \/>\n<meta property=\"article:modified_time\" content=\"2022-05-02T20:05:28+00:00\" \/>\n<meta name=\"twitter:card\" content=\"summary_large_image\" \/>\n<meta name=\"twitter:label1\" content=\"Est. reading time\" \/>\n\t<meta name=\"twitter:data1\" content=\"7 minutes\" \/>\n<script type=\"application\/ld+json\" class=\"yoast-schema-graph\">{\"@context\":\"https:\\\/\\\/schema.org\",\"@graph\":[{\"@type\":\"WebPage\",\"@id\":\"https:\\\/\\\/westislandgarage.com\\\/en\\\/services\\\/trailer-hitches\\\/bike-racks\\\/\",\"url\":\"https:\\\/\\\/westislandgarage.com\\\/en\\\/services\\\/trailer-hitches\\\/bike-racks\\\/\",\"name\":\"Porte-v\u00e9los de marques reconnues - Autotech Performance\",\"isPartOf\":{\"@id\":\"https:\\\/\\\/westislandgarage.com\\\/#website\"},\"datePublished\":\"2021-06-11T17:06:43+00:00\",\"dateModified\":\"2022-05-02T20:05:28+00:00\",\"description\":\"Porte v\u00e9los pour tous les type d'attache de remorques. Autotech Performance un sp\u00e9cialiste en attache de remorque depuis plus de 20 ans.\",\"breadcrumb\":{\"@id\":\"https:\\\/\\\/westislandgarage.com\\\/en\\\/services\\\/trailer-hitches\\\/bike-racks\\\/#breadcrumb\"},\"inLanguage\":\"en-US\",\"potentialAction\":[{\"@type\":\"ReadAction\",\"target\":[\"https:\\\/\\\/westislandgarage.com\\\/en\\\/services\\\/trailer-hitches\\\/bike-racks\\\/\"]}]},{\"@type\":\"BreadcrumbList\",\"@id\":\"https:\\\/\\\/westislandgarage.com\\\/en\\\/services\\\/trailer-hitches\\\/bike-racks\\\/#breadcrumb\",\"itemListElement\":[{\"@type\":\"ListItem\",\"position\":1,\"name\":\"Accueil\",\"item\":\"https:\\\/\\\/westislandgarage.com\\\/en\\\/home\\\/\"},{\"@type\":\"ListItem\",\"position\":2,\"name\":\"Services\",\"item\":\"https:\\\/\\\/westislandgarage.com\\\/en\\\/services\\\/\"},{\"@type\":\"ListItem\",\"position\":3,\"name\":\"Trailer Hitches\",\"item\":\"https:\\\/\\\/westislandgarage.com\\\/en\\\/services\\\/trailer-hitches\\\/\"},{\"@type\":\"ListItem\",\"position\":4,\"name\":\"Bike Racks\"}]},{\"@type\":\"WebSite\",\"@id\":\"https:\\\/\\\/westislandgarage.com\\\/#website\",\"url\":\"https:\\\/\\\/westislandgarage.com\\\/\",\"name\":\"Autotech\",\"description\":\"CAA Quebec Certified Mechanic Auto Repair Shop - Montreal West Island\",\"publisher\":{\"@id\":\"https:\\\/\\\/westislandgarage.com\\\/#organization\"},\"potentialAction\":[{\"@type\":\"SearchAction\",\"target\":{\"@type\":\"EntryPoint\",\"urlTemplate\":\"https:\\\/\\\/westislandgarage.com\\\/?s={search_term_string}\"},\"query-input\":{\"@type\":\"PropertyValueSpecification\",\"valueRequired\":true,\"valueName\":\"search_term_string\"}}],\"inLanguage\":\"en-US\"},{\"@type\":\"Organization\",\"@id\":\"https:\\\/\\\/westislandgarage.com\\\/#organization\",\"name\":\"Autotech Performance\",\"url\":\"https:\\\/\\\/westislandgarage.com\\\/\",\"logo\":{\"@type\":\"ImageObject\",\"inLanguage\":\"en-US\",\"@id\":\"https:\\\/\\\/westislandgarage.com\\\/#\\\/schema\\\/logo\\\/image\\\/\",\"url\":\"https:\\\/\\\/westislandgarage.com\\\/wp-content\\\/uploads\\\/2021\\\/05\\\/autotech-logo-small.png\",\"contentUrl\":\"https:\\\/\\\/westislandgarage.com\\\/wp-content\\\/uploads\\\/2021\\\/05\\\/autotech-logo-small.png\",\"width\":165,\"height\":79,\"caption\":\"Autotech Performance\"},\"image\":{\"@id\":\"https:\\\/\\\/westislandgarage.com\\\/#\\\/schema\\\/logo\\\/image\\\/\"},\"sameAs\":[\"https:\\\/\\\/www.facebook.com\\\/Autotech-Performance-inc-273553479384265\\\/\"]}]}<\/script>\n<!-- \/ Yoast SEO plugin. -->","yoast_head_json":{"title":"Porte-v\u00e9los de marques reconnues - Autotech Performance","description":"Porte v\u00e9los pour tous les type d'attache de remorques. Autotech Performance un sp\u00e9cialiste en attache de remorque depuis plus de 20 ans.","robots":{"index":"index","follow":"follow","max-snippet":"max-snippet:-1","max-image-preview":"max-image-preview:large","max-video-preview":"max-video-preview:-1"},"canonical":"https:\/\/westislandgarage.com\/en\/services\/trailer-hitches\/bike-racks\/","og_locale":"en_US","og_type":"article","og_title":"Porte-v\u00e9los de marques reconnues - Autotech Performance","og_description":"Porte v\u00e9los pour tous les type d'attache de remorques. Autotech Performance un sp\u00e9cialiste en attache de remorque depuis plus de 20 ans.","og_url":"https:\/\/westislandgarage.com\/en\/services\/trailer-hitches\/bike-racks\/","og_site_name":"Autotech","article_publisher":"https:\/\/www.facebook.com\/Autotech-Performance-inc-273553479384265\/","article_modified_time":"2022-05-02T20:05:28+00:00","twitter_card":"summary_large_image","twitter_misc":{"Est. reading time":"7 minutes"},"schema":{"@context":"https:\/\/schema.org","@graph":[{"@type":"WebPage","@id":"https:\/\/westislandgarage.com\/en\/services\/trailer-hitches\/bike-racks\/","url":"https:\/\/westislandgarage.com\/en\/services\/trailer-hitches\/bike-racks\/","name":"Porte-v\u00e9los de marques reconnues - Autotech Performance","isPartOf":{"@id":"https:\/\/westislandgarage.com\/#website"},"datePublished":"2021-06-11T17:06:43+00:00","dateModified":"2022-05-02T20:05:28+00:00","description":"Porte v\u00e9los pour tous les type d'attache de remorques. Autotech Performance un sp\u00e9cialiste en attache de remorque depuis plus de 20 ans.","breadcrumb":{"@id":"https:\/\/westislandgarage.com\/en\/services\/trailer-hitches\/bike-racks\/#breadcrumb"},"inLanguage":"en-US","potentialAction":[{"@type":"ReadAction","target":["https:\/\/westislandgarage.com\/en\/services\/trailer-hitches\/bike-racks\/"]}]},{"@type":"BreadcrumbList","@id":"https:\/\/westislandgarage.com\/en\/services\/trailer-hitches\/bike-racks\/#breadcrumb","itemListElement":[{"@type":"ListItem","position":1,"name":"Accueil","item":"https:\/\/westislandgarage.com\/en\/home\/"},{"@type":"ListItem","position":2,"name":"Services","item":"https:\/\/westislandgarage.com\/en\/services\/"},{"@type":"ListItem","position":3,"name":"Trailer Hitches","item":"https:\/\/westislandgarage.com\/en\/services\/trailer-hitches\/"},{"@type":"ListItem","position":4,"name":"Bike Racks"}]},{"@type":"WebSite","@id":"https:\/\/westislandgarage.com\/#website","url":"https:\/\/westislandgarage.com\/","name":"Autotech","description":"CAA Quebec Certified Mechanic Auto Repair Shop - Montreal West Island","publisher":{"@id":"https:\/\/westislandgarage.com\/#organization"},"potentialAction":[{"@type":"SearchAction","target":{"@type":"EntryPoint","urlTemplate":"https:\/\/westislandgarage.com\/?s={search_term_string}"},"query-input":{"@type":"PropertyValueSpecification","valueRequired":true,"valueName":"search_term_string"}}],"inLanguage":"en-US"},{"@type":"Organization","@id":"https:\/\/westislandgarage.com\/#organization","name":"Autotech Performance","url":"https:\/\/westislandgarage.com\/","logo":{"@type":"ImageObject","inLanguage":"en-US","@id":"https:\/\/westislandgarage.com\/#\/schema\/logo\/image\/","url":"https:\/\/westislandgarage.com\/wp-content\/uploads\/2021\/05\/autotech-logo-small.png","contentUrl":"https:\/\/westislandgarage.com\/wp-content\/uploads\/2021\/05\/autotech-logo-small.png","width":165,"height":79,"caption":"Autotech Performance"},"image":{"@id":"https:\/\/westislandgarage.com\/#\/schema\/logo\/image\/"},"sameAs":["https:\/\/www.facebook.com\/Autotech-Performance-inc-273553479384265\/"]}]}},"_links":{"self":[{"href":"https:\/\/westislandgarage.com\/en\/wp-json\/wp\/v2\/pages\/97402","targetHints":{"allow":["GET"]}}],"collection":[{"href":"https:\/\/westislandgarage.com\/en\/wp-json\/wp\/v2\/pages"}],"about":[{"href":"https:\/\/westislandgarage.com\/en\/wp-json\/wp\/v2\/types\/page"}],"author":[{"embeddable":true,"href":"https:\/\/westislandgarage.com\/en\/wp-json\/wp\/v2\/users\/3"}],"replies":[{"embeddable":true,"href":"https:\/\/westislandgarage.com\/en\/wp-json\/wp\/v2\/comments?post=97402"}],"version-history":[{"count":5,"href":"https:\/\/westislandgarage.com\/en\/wp-json\/wp\/v2\/pages\/97402\/revisions"}],"predecessor-version":[{"id":100039,"href":"https:\/\/westislandgarage.com\/en\/wp-json\/wp\/v2\/pages\/97402\/revisions\/100039"}],"up":[{"embeddable":true,"href":"https:\/\/westislandgarage.com\/en\/wp-json\/wp\/v2\/pages\/97386"}],"wp:attachment":[{"href":"https:\/\/westislandgarage.com\/en\/wp-json\/wp\/v2\/media?parent=97402"}],"curies":[{"name":"wp","href":"https:\/\/api.w.org\/{rel}","templated":true}]}}