{"id":97362,"date":"2021-06-11T10:43:15","date_gmt":"2021-06-11T14:43:15","guid":{"rendered":"https:\/\/autotech.acxcomdev.com\/services\/maintenance-services\/coolant-replacement\/"},"modified":"2021-06-11T10:43:16","modified_gmt":"2021-06-11T14:43:16","slug":"coolant-replacement","status":"publish","type":"page","link":"https:\/\/westislandgarage.com\/en\/services\/maintenance-services\/coolant-replacement\/","title":{"rendered":"Coolant Replacement"},"content":{"rendered":"<p>[et_pb_section fb_built=&#8221;1&#8243; admin_label=&#8221;Section titre&#8221; _builder_version=&#8221;4.9.2&#8243; _module_preset=&#8221;default&#8221; background_color=&#8221;RGBA(0,0,0,0)&#8221; custom_padding=&#8221;0px||0px||false|false&#8221; locked=&#8221;off&#8221; collapsed=&#8221;off&#8221;][et_pb_row _builder_version=&#8221;4.9.2&#8243; _module_preset=&#8221;default&#8221; custom_padding=&#8221;30px||10px||false|false&#8221;][et_pb_column type=&#8221;4_4&#8243; _builder_version=&#8221;4.9.2&#8243; _module_preset=&#8221;default&#8221;][et_pb_text admin_label=&#8221;Titre de la page&#8221; _builder_version=&#8221;4.9.4&#8243; _module_preset=&#8221;default&#8221; header_text_align=&#8221;center&#8221; header_text_color=&#8221;#DB0000&#8243; header_font_size_tablet=&#8221;36px&#8221; header_font_size_phone=&#8221;24px&#8221; header_font_size_last_edited=&#8221;on|phone&#8221;]<\/p>\n<h1>PREVENTIVE MAINTENANCE \u2013 Coolant Replacement<\/h1>\n<p>[\/et_pb_text][\/et_pb_column][\/et_pb_row][\/et_pb_section][et_pb_section fb_built=&#8221;1&#8243; admin_label=&#8221;Section bandeau&#8221; _builder_version=&#8221;4.9.4&#8243; _module_preset=&#8221;default&#8221; background_color=&#8221;#000000&#8243; background_image=&#8221;https:\/\/westislandgarage.com\/wp-content\/uploads\/2021\/04\/entretien_auto.jpg&#8221; background_size=&#8221;initial&#8221; background_position=&#8221;bottom_center&#8221; custom_padding=&#8221;30px||180px||false|false&#8221; locked=&#8221;off&#8221; collapsed=&#8221;off&#8221;][et_pb_row _builder_version=&#8221;4.9.2&#8243; _module_preset=&#8221;default&#8221;][et_pb_column type=&#8221;4_4&#8243; _builder_version=&#8221;4.9.2&#8243; _module_preset=&#8221;default&#8221;][et_pb_text admin_label=&#8221;Prolongez la vie du moteur de votre v\u00e9hicule gr\u00e2ce \u00e0 nos services d\u2019entretiens&#8221; _builder_version=&#8221;4.9.4&#8243; _module_preset=&#8221;default&#8221; header_2_text_align=&#8221;center&#8221; header_2_text_color=&#8221;#FFFFFF&#8221; header_2_font_size=&#8221;40px&#8221; hover_enabled=&#8221;0&#8243; header_font_size_tablet=&#8221;36px&#8221; header_font_size_phone=&#8221;32px&#8221; header_font_size_last_edited=&#8221;on|phone&#8221; header_2_font_size_last_edited=&#8221;on|phone&#8221; sticky_enabled=&#8221;0&#8243; header_2_font_size_tablet=&#8221;36px&#8221; header_2_font_size_phone=&#8221;32px&#8221;]<\/p>\n<h2>Extend your car engine\u2019s life with our maintenance services<\/h2>\n<p>[\/et_pb_text][et_pb_button button_url=&#8221;@ET-DC@eyJkeW5hbWljIjp0cnVlLCJjb250ZW50IjoicG9zdF9saW5rX3VybF9wYWdlIiwic2V0dGluZ3MiOnsicG9zdF9pZCI6Ijk1OTQ5In19@&#8221; button_text=&#8221;BOOK AN APPOINTMENT WITH OUR EXPERTS&#8221; button_alignment=&#8221;center&#8221; _builder_version=&#8221;4.9.4&#8243; _dynamic_attributes=&#8221;button_url&#8221; _module_preset=&#8221;default&#8221;][\/et_pb_button][\/et_pb_column][\/et_pb_row][\/et_pb_section][et_pb_section fb_built=&#8221;1&#8243; admin_label=&#8221;Section sous-menu&#8221; _builder_version=&#8221;4.9.2&#8243; _module_preset=&#8221;default&#8221; background_color=&#8221;#FFFFFF&#8221; custom_padding=&#8221;0px||0px||false|false&#8221; sticky_position=&#8221;top&#8221; box_shadow_style=&#8221;preset3&#8243; box_shadow_color=&#8221;rgba(0,0,0,0.2)&#8221; locked=&#8221;on&#8221; collapsed=&#8221;on&#8221;][et_pb_row _builder_version=&#8221;4.9.2&#8243; _module_preset=&#8221;default&#8221;][et_pb_column type=&#8221;4_4&#8243; _builder_version=&#8221;4.9.2&#8243; _module_preset=&#8221;default&#8221;][et_pb_menu menu_id=&#8221;21636&#8243; menu_style=&#8221;centered&#8221; active_link_color=&#8221;#DB0000&#8243; admin_label=&#8221;Menu de sous-section&#8221; module_class=&#8221;sub-page-menu&#8221; _builder_version=&#8221;4.9.4&#8243; _module_preset=&#8221;default&#8221; menu_font=&#8221;Barlow Semi Condensed|600||on|||||&#8221; menu_text_color=&#8221;#3F3F3F&#8221; menu_font_size=&#8221;16px&#8221;][\/et_pb_menu][\/et_pb_column][\/et_pb_row][\/et_pb_section][et_pb_section fb_built=&#8221;1&#8243; _builder_version=&#8221;4.9.2&#8243; _module_preset=&#8221;default&#8221; background_color=&#8221;#F1F1F1&#8243;][et_pb_row _builder_version=&#8221;4.9.2&#8243; _module_preset=&#8221;default&#8221;][et_pb_column type=&#8221;4_4&#8243; _builder_version=&#8221;4.9.2&#8243; _module_preset=&#8221;default&#8221;][et_pb_code admin_label=&#8221;Vid\u00e9o&#8221; _builder_version=&#8221;4.9.4&#8243; _module_preset=&#8221;default&#8221;]<iframe loading=\"lazy\" src=\"https:\/\/www.youtube.com\/embed\/ZW0eBbOEQcE?rel=0&#038;showinfo=0\" allowfullscreen=\"allowfullscreen\" width=\"560\" height=\"315\" frameborder=\"0\"><\/iframe>[\/et_pb_code][et_pb_text admin_label=&#8221;LE LIQUIDE DE REFROIDISSEMENT : UN \u00c9L\u00c9MENT ESSENTIEL POUR LE MOTEUR&#8221; _builder_version=&#8221;4.9.4&#8243; _module_preset=&#8221;default&#8221; header_2_font_size=&#8221;24px&#8221; custom_padding=&#8221;45px||||false|false&#8221;]<\/p>\n<h2>COOLING FLUID OR COOLANT: CRUCIAL FOR THE ENGINE<\/h2>\n<p>Over time, the cooling system\u2019s coolant breaks down and loses its ability to protect the engine from heat, corrosion and scale. Replacing the coolant is essential to ensure long engine life.<\/p>\n<p>[\/et_pb_text][et_pb_text admin_label=&#8221;NOTRE PROC\u00c9DURE DE REMPLACEMENT DU LIQUIDE DE REFROIDISSEMENT&#8221; _builder_version=&#8221;4.9.4&#8243; _module_preset=&#8221;default&#8221; header_2_font_size=&#8221;24px&#8221; header_3_font_size=&#8221;20px&#8221; custom_padding=&#8221;45px||||false|false&#8221;]<\/p>\n<h3>OUR COOLANT REPLACEMENT PROCESS<\/h3>\n<p>We perform these four steps to restore and refill the cooling system:<\/p>\n<ul>\n<li>We power-clean the entire cooling system, including the radiator, engine ports and lines and cooler tubing.<\/li>\n<li>We remove rust, scale, sludge and used coolant.<\/li>\n<li>Then we refill the system with new premium coolant and special corrosion inhibitors to condition and provide ongoing protection.<\/li>\n<li>Lastly, we check the cooling system for leaks and proper fluid level.<\/li>\n<\/ul>\n<p>[\/et_pb_text][et_pb_text admin_label=&#8221;LES R\u00c9SULTATS DE CET ENTRETIEN PR\u00c9VENTIF&#8221; _builder_version=&#8221;4.9.4&#8243; _module_preset=&#8221;default&#8221; header_2_font_size=&#8221;24px&#8221; header_3_font_size=&#8221;20px&#8221; custom_padding=&#8221;45px||||false|false&#8221;]<\/p>\n<h3>RESULTS OF THIS PREVENTIVE MAINTENANCE SERVICE<\/h3>\n<ul>\n<li>Cooler running engine.<\/li>\n<li>Cleared coolant lines, which extend engine life.<\/li>\n<li>Extended water pump, radiator and hose life.<\/li>\n<\/ul>\n<p>[\/et_pb_text][et_pb_text admin_label=&#8221;\u00c0 QUELLE FR\u00c9QUENCE DEVRIEZ-VOUS FAIRE CE SERVICE D\u2019ENTRETIEN?&#8221; _builder_version=&#8221;4.9.4&#8243; _module_preset=&#8221;default&#8221; header_2_font_size=&#8221;24px&#8221; header_3_font_size=&#8221;20px&#8221; custom_padding=&#8221;45px||||false|false&#8221;]<\/p>\n<h3>HOW OFTEN SHOULD THIS MAINTENANCE SERVICE BE CARRIED OUT?<\/h3>\n<p>We recommend that you have the coolant (anti-freeze fluid) replaced every 2 years or 50,000\u00a0km. To check the coolant\u2019s freezing point, you can use an anti-freeze tester available in most auto parts stores.<\/p>\n<p>[\/et_pb_text][et_pb_text admin_label=&#8221;LE PLAN DE PROTECTION VALVOLINE&#8221; _builder_version=&#8221;4.9.4&#8243; _module_preset=&#8221;default&#8221; header_2_font_size=&#8221;24px&#8221; header_3_font_size=&#8221;20px&#8221; custom_padding=&#8221;45px||||false|false&#8221;]<\/p>\n<h3>VALVOLINE PROTECTION PLAN<\/h3>\n<p>This maintenance service uses Valvoline products, equipment and processes that have been specifically designed so that your vehicle can reach its maximum performance level. When this service is part of a complete maintenance program and carried out under the terms and conditions of the <a href=\"https:\/\/westislandgarage.com\/en\/warranties\/valvoline-protection-plan\/\"><strong>Valvoline Protection Plan<\/strong><\/a>, your vehicle is covered by the plan, without time or mileage limits!<\/p>\n<p>[\/et_pb_text][\/et_pb_column][\/et_pb_row][\/et_pb_section][et_pb_section fb_built=&#8221;1&#8243; _builder_version=&#8221;4.9.4&#8243; _module_preset=&#8221;default&#8221; background_color=&#8221;#FFFFFF&#8221; custom_padding=&#8221;||90px||false|false&#8221;][et_pb_row _builder_version=&#8221;4.9.2&#8243; _module_preset=&#8221;default&#8221; background_color=&#8221;RGBA(0,0,0,0)&#8221; custom_margin=&#8221;45px||||false|false&#8221;][et_pb_column type=&#8221;4_4&#8243; _builder_version=&#8221;4.9.2&#8243; _module_preset=&#8221;default&#8221;][et_pb_text admin_label=&#8221;Conclusion&#8221; _builder_version=&#8221;4.9.4&#8243; _module_preset=&#8221;default&#8221; text_font=&#8221;Barlow Semi Condensed||||||||&#8221; text_font_size=&#8221;24px&#8221; text_line_height=&#8221;1.3em&#8221; header_2_font_size=&#8221;24px&#8221; background_color=&#8221;RGBA(0,0,0,0)&#8221; text_orientation=&#8221;center&#8221;]<\/p>\n<h1>Coolant replacement prices vary between garages, and some are more expensive than others.<\/h1>\n<p>When you use our preventive maintenance services, you can trust that the replacement of your vehicle&#8217;s cooling fluid will be performed by highly qualified technicians who use cutting-edge technology and equipment and top-quality products. All this, at competitive prices!<\/p>\n<p>[\/et_pb_text][et_pb_button button_url=&#8221;@ET-DC@eyJkeW5hbWljIjp0cnVlLCJjb250ZW50IjoicG9zdF9saW5rX3VybF9wYWdlIiwic2V0dGluZ3MiOnsicG9zdF9pZCI6Ijk0NTg1In19@&#8221; button_text=&#8221;HOW MUCH DOES COOLANT REPLACEMENT COST AT AUTOTECH PERFORMANCE?&#8221; button_alignment=&#8221;center&#8221; _builder_version=&#8221;4.9.4&#8243; _dynamic_attributes=&#8221;button_url&#8221; _module_preset=&#8221;default&#8221;][\/et_pb_button][\/et_pb_column][\/et_pb_row][\/et_pb_section]<\/p>\n","protected":false},"excerpt":{"rendered":"<p>PREVENTIVE MAINTENANCE \u2013 Coolant ReplacementExtend your car engine\u2019s life with our maintenance servicesCOOLING FLUID OR COOLANT: CRUCIAL FOR THE ENGINE Over time, the cooling system\u2019s coolant breaks down and loses its ability to protect the engine from heat, corrosion and scale. Replacing the coolant is essential to ensure long engine life.OUR COOLANT REPLACEMENT PROCESS We [&hellip;]<\/p>\n","protected":false},"author":3,"featured_media":0,"parent":97344,"menu_order":40,"comment_status":"closed","ping_status":"closed","template":"","meta":{"_et_pb_use_builder":"on","_et_pb_old_content":"","_et_gb_content_width":"","footnotes":""},"class_list":["post-97362","page","type-page","status-publish","hentry"],"yoast_head":"<!-- This site is optimized with the Yoast SEO plugin v27.3 - https:\/\/yoast.com\/product\/yoast-seo-wordpress\/ -->\n<title>Coolant Replacement - Autotech<\/title>\n<meta name=\"robots\" content=\"index, follow, max-snippet:-1, max-image-preview:large, max-video-preview:-1\" \/>\n<link rel=\"canonical\" href=\"https:\/\/westislandgarage.com\/en\/services\/maintenance-services\/coolant-replacement\/\" \/>\n<meta property=\"og:locale\" content=\"en_US\" \/>\n<meta property=\"og:type\" content=\"article\" \/>\n<meta property=\"og:title\" content=\"Coolant Replacement - Autotech\" \/>\n<meta property=\"og:description\" content=\"PREVENTIVE MAINTENANCE \u2013 Coolant ReplacementExtend your car engine\u2019s life with our maintenance servicesCOOLING FLUID OR COOLANT: CRUCIAL FOR THE ENGINE Over time, the cooling system\u2019s coolant breaks down and loses its ability to protect the engine from heat, corrosion and scale. Replacing the coolant is essential to ensure long engine life.OUR COOLANT REPLACEMENT PROCESS We [&hellip;]\" \/>\n<meta property=\"og:url\" content=\"https:\/\/westislandgarage.com\/en\/services\/maintenance-services\/coolant-replacement\/\" \/>\n<meta property=\"og:site_name\" content=\"Autotech\" \/>\n<meta property=\"article:publisher\" content=\"https:\/\/www.facebook.com\/Autotech-Performance-inc-273553479384265\/\" \/>\n<meta property=\"article:modified_time\" content=\"2021-06-11T14:43:16+00:00\" \/>\n<meta name=\"twitter:card\" content=\"summary_large_image\" \/>\n<meta name=\"twitter:label1\" content=\"Est. reading time\" \/>\n\t<meta name=\"twitter:data1\" content=\"5 minutes\" \/>\n<script type=\"application\/ld+json\" class=\"yoast-schema-graph\">{\"@context\":\"https:\\\/\\\/schema.org\",\"@graph\":[{\"@type\":\"WebPage\",\"@id\":\"https:\\\/\\\/westislandgarage.com\\\/en\\\/services\\\/maintenance-services\\\/coolant-replacement\\\/\",\"url\":\"https:\\\/\\\/westislandgarage.com\\\/en\\\/services\\\/maintenance-services\\\/coolant-replacement\\\/\",\"name\":\"Coolant Replacement - Autotech\",\"isPartOf\":{\"@id\":\"https:\\\/\\\/westislandgarage.com\\\/#website\"},\"datePublished\":\"2021-06-11T14:43:15+00:00\",\"dateModified\":\"2021-06-11T14:43:16+00:00\",\"breadcrumb\":{\"@id\":\"https:\\\/\\\/westislandgarage.com\\\/en\\\/services\\\/maintenance-services\\\/coolant-replacement\\\/#breadcrumb\"},\"inLanguage\":\"en-US\",\"potentialAction\":[{\"@type\":\"ReadAction\",\"target\":[\"https:\\\/\\\/westislandgarage.com\\\/en\\\/services\\\/maintenance-services\\\/coolant-replacement\\\/\"]}]},{\"@type\":\"BreadcrumbList\",\"@id\":\"https:\\\/\\\/westislandgarage.com\\\/en\\\/services\\\/maintenance-services\\\/coolant-replacement\\\/#breadcrumb\",\"itemListElement\":[{\"@type\":\"ListItem\",\"position\":1,\"name\":\"Accueil\",\"item\":\"https:\\\/\\\/westislandgarage.com\\\/en\\\/home\\\/\"},{\"@type\":\"ListItem\",\"position\":2,\"name\":\"Services\",\"item\":\"https:\\\/\\\/westislandgarage.com\\\/en\\\/services\\\/\"},{\"@type\":\"ListItem\",\"position\":3,\"name\":\"Maintenance Services\",\"item\":\"https:\\\/\\\/westislandgarage.com\\\/en\\\/services\\\/maintenance-services\\\/\"},{\"@type\":\"ListItem\",\"position\":4,\"name\":\"Coolant Replacement\"}]},{\"@type\":\"WebSite\",\"@id\":\"https:\\\/\\\/westislandgarage.com\\\/#website\",\"url\":\"https:\\\/\\\/westislandgarage.com\\\/\",\"name\":\"Autotech\",\"description\":\"CAA Quebec Certified Mechanic Auto Repair Shop - Montreal West Island\",\"publisher\":{\"@id\":\"https:\\\/\\\/westislandgarage.com\\\/#organization\"},\"potentialAction\":[{\"@type\":\"SearchAction\",\"target\":{\"@type\":\"EntryPoint\",\"urlTemplate\":\"https:\\\/\\\/westislandgarage.com\\\/?s={search_term_string}\"},\"query-input\":{\"@type\":\"PropertyValueSpecification\",\"valueRequired\":true,\"valueName\":\"search_term_string\"}}],\"inLanguage\":\"en-US\"},{\"@type\":\"Organization\",\"@id\":\"https:\\\/\\\/westislandgarage.com\\\/#organization\",\"name\":\"Autotech Performance\",\"url\":\"https:\\\/\\\/westislandgarage.com\\\/\",\"logo\":{\"@type\":\"ImageObject\",\"inLanguage\":\"en-US\",\"@id\":\"https:\\\/\\\/westislandgarage.com\\\/#\\\/schema\\\/logo\\\/image\\\/\",\"url\":\"https:\\\/\\\/westislandgarage.com\\\/wp-content\\\/uploads\\\/2021\\\/05\\\/autotech-logo-small.png\",\"contentUrl\":\"https:\\\/\\\/westislandgarage.com\\\/wp-content\\\/uploads\\\/2021\\\/05\\\/autotech-logo-small.png\",\"width\":165,\"height\":79,\"caption\":\"Autotech Performance\"},\"image\":{\"@id\":\"https:\\\/\\\/westislandgarage.com\\\/#\\\/schema\\\/logo\\\/image\\\/\"},\"sameAs\":[\"https:\\\/\\\/www.facebook.com\\\/Autotech-Performance-inc-273553479384265\\\/\"]}]}<\/script>\n<!-- \/ Yoast SEO plugin. -->","yoast_head_json":{"title":"Coolant Replacement - Autotech","robots":{"index":"index","follow":"follow","max-snippet":"max-snippet:-1","max-image-preview":"max-image-preview:large","max-video-preview":"max-video-preview:-1"},"canonical":"https:\/\/westislandgarage.com\/en\/services\/maintenance-services\/coolant-replacement\/","og_locale":"en_US","og_type":"article","og_title":"Coolant Replacement - Autotech","og_description":"PREVENTIVE MAINTENANCE \u2013 Coolant ReplacementExtend your car engine\u2019s life with our maintenance servicesCOOLING FLUID OR COOLANT: CRUCIAL FOR THE ENGINE Over time, the cooling system\u2019s coolant breaks down and loses its ability to protect the engine from heat, corrosion and scale. Replacing the coolant is essential to ensure long engine life.OUR COOLANT REPLACEMENT PROCESS We [&hellip;]","og_url":"https:\/\/westislandgarage.com\/en\/services\/maintenance-services\/coolant-replacement\/","og_site_name":"Autotech","article_publisher":"https:\/\/www.facebook.com\/Autotech-Performance-inc-273553479384265\/","article_modified_time":"2021-06-11T14:43:16+00:00","twitter_card":"summary_large_image","twitter_misc":{"Est. reading time":"5 minutes"},"schema":{"@context":"https:\/\/schema.org","@graph":[{"@type":"WebPage","@id":"https:\/\/westislandgarage.com\/en\/services\/maintenance-services\/coolant-replacement\/","url":"https:\/\/westislandgarage.com\/en\/services\/maintenance-services\/coolant-replacement\/","name":"Coolant Replacement - Autotech","isPartOf":{"@id":"https:\/\/westislandgarage.com\/#website"},"datePublished":"2021-06-11T14:43:15+00:00","dateModified":"2021-06-11T14:43:16+00:00","breadcrumb":{"@id":"https:\/\/westislandgarage.com\/en\/services\/maintenance-services\/coolant-replacement\/#breadcrumb"},"inLanguage":"en-US","potentialAction":[{"@type":"ReadAction","target":["https:\/\/westislandgarage.com\/en\/services\/maintenance-services\/coolant-replacement\/"]}]},{"@type":"BreadcrumbList","@id":"https:\/\/westislandgarage.com\/en\/services\/maintenance-services\/coolant-replacement\/#breadcrumb","itemListElement":[{"@type":"ListItem","position":1,"name":"Accueil","item":"https:\/\/westislandgarage.com\/en\/home\/"},{"@type":"ListItem","position":2,"name":"Services","item":"https:\/\/westislandgarage.com\/en\/services\/"},{"@type":"ListItem","position":3,"name":"Maintenance Services","item":"https:\/\/westislandgarage.com\/en\/services\/maintenance-services\/"},{"@type":"ListItem","position":4,"name":"Coolant Replacement"}]},{"@type":"WebSite","@id":"https:\/\/westislandgarage.com\/#website","url":"https:\/\/westislandgarage.com\/","name":"Autotech","description":"CAA Quebec Certified Mechanic Auto Repair Shop - Montreal West Island","publisher":{"@id":"https:\/\/westislandgarage.com\/#organization"},"potentialAction":[{"@type":"SearchAction","target":{"@type":"EntryPoint","urlTemplate":"https:\/\/westislandgarage.com\/?s={search_term_string}"},"query-input":{"@type":"PropertyValueSpecification","valueRequired":true,"valueName":"search_term_string"}}],"inLanguage":"en-US"},{"@type":"Organization","@id":"https:\/\/westislandgarage.com\/#organization","name":"Autotech Performance","url":"https:\/\/westislandgarage.com\/","logo":{"@type":"ImageObject","inLanguage":"en-US","@id":"https:\/\/westislandgarage.com\/#\/schema\/logo\/image\/","url":"https:\/\/westislandgarage.com\/wp-content\/uploads\/2021\/05\/autotech-logo-small.png","contentUrl":"https:\/\/westislandgarage.com\/wp-content\/uploads\/2021\/05\/autotech-logo-small.png","width":165,"height":79,"caption":"Autotech Performance"},"image":{"@id":"https:\/\/westislandgarage.com\/#\/schema\/logo\/image\/"},"sameAs":["https:\/\/www.facebook.com\/Autotech-Performance-inc-273553479384265\/"]}]}},"_links":{"self":[{"href":"https:\/\/westislandgarage.com\/en\/wp-json\/wp\/v2\/pages\/97362","targetHints":{"allow":["GET"]}}],"collection":[{"href":"https:\/\/westislandgarage.com\/en\/wp-json\/wp\/v2\/pages"}],"about":[{"href":"https:\/\/westislandgarage.com\/en\/wp-json\/wp\/v2\/types\/page"}],"author":[{"embeddable":true,"href":"https:\/\/westislandgarage.com\/en\/wp-json\/wp\/v2\/users\/3"}],"replies":[{"embeddable":true,"href":"https:\/\/westislandgarage.com\/en\/wp-json\/wp\/v2\/comments?post=97362"}],"version-history":[{"count":2,"href":"https:\/\/westislandgarage.com\/en\/wp-json\/wp\/v2\/pages\/97362\/revisions"}],"predecessor-version":[{"id":97364,"href":"https:\/\/westislandgarage.com\/en\/wp-json\/wp\/v2\/pages\/97362\/revisions\/97364"}],"up":[{"embeddable":true,"href":"https:\/\/westislandgarage.com\/en\/wp-json\/wp\/v2\/pages\/97344"}],"wp:attachment":[{"href":"https:\/\/westislandgarage.com\/en\/wp-json\/wp\/v2\/media?parent=97362"}],"curies":[{"name":"wp","href":"https:\/\/api.w.org\/{rel}","templated":true}]}}