{"id":97344,"date":"2021-06-10T16:39:44","date_gmt":"2021-06-10T20:39:44","guid":{"rendered":"https:\/\/autotech.acxcomdev.com\/services\/maintenance-services\/"},"modified":"2021-06-10T16:41:52","modified_gmt":"2021-06-10T20:41:52","slug":"maintenance-services","status":"publish","type":"page","link":"https:\/\/westislandgarage.com\/en\/services\/maintenance-services\/","title":{"rendered":"Maintenance Services"},"content":{"rendered":"<p>[et_pb_section fb_built=&#8221;1&#8243; admin_label=&#8221;Section titre&#8221; _builder_version=&#8221;4.9.2&#8243; _module_preset=&#8221;default&#8221; background_color=&#8221;RGBA(0,0,0,0)&#8221; custom_padding=&#8221;0px||0px||false|false&#8221; locked=&#8221;off&#8221; collapsed=&#8221;off&#8221;][et_pb_row _builder_version=&#8221;4.9.2&#8243; _module_preset=&#8221;default&#8221; custom_padding=&#8221;30px||10px||false|false&#8221;][et_pb_column type=&#8221;4_4&#8243; _builder_version=&#8221;4.9.2&#8243; _module_preset=&#8221;default&#8221;][et_pb_text admin_label=&#8221;Titre de la page&#8221; _builder_version=&#8221;4.9.4&#8243; _module_preset=&#8221;default&#8221; header_text_align=&#8221;center&#8221; header_text_color=&#8221;#DB0000&#8243; header_font_size_tablet=&#8221;36px&#8221; header_font_size_phone=&#8221;24px&#8221; header_font_size_last_edited=&#8221;on|phone&#8221;]<\/p>\n<h1>PREVENTIVE MAINTENANCE \u2013 Maintenance Services<\/h1>\n<p>[\/et_pb_text][\/et_pb_column][\/et_pb_row][\/et_pb_section][et_pb_section fb_built=&#8221;1&#8243; admin_label=&#8221;Section bandeau&#8221; _builder_version=&#8221;4.9.4&#8243; _module_preset=&#8221;default&#8221; background_color=&#8221;#000000&#8243; background_image=&#8221;https:\/\/westislandgarage.com\/wp-content\/uploads\/2021\/04\/entretien_auto.jpg&#8221; background_size=&#8221;initial&#8221; background_position=&#8221;bottom_center&#8221; custom_padding=&#8221;30px||180px||false|false&#8221; locked=&#8221;off&#8221; collapsed=&#8221;off&#8221;][et_pb_row _builder_version=&#8221;4.9.2&#8243; _module_preset=&#8221;default&#8221;][et_pb_column type=&#8221;4_4&#8243; _builder_version=&#8221;4.9.2&#8243; _module_preset=&#8221;default&#8221;][et_pb_text admin_label=&#8221;\u00c9vitez les bris m\u00e9caniques avec notre programme d\u2019entretien pr\u00e9ventif!&#8221; _builder_version=&#8221;4.9.4&#8243; _module_preset=&#8221;default&#8221; header_2_text_align=&#8221;center&#8221; header_2_text_color=&#8221;#FFFFFF&#8221; header_2_font_size=&#8221;40px&#8221; hover_enabled=&#8221;0&#8243; header_font_size_tablet=&#8221;36px&#8221; header_font_size_phone=&#8221;32px&#8221; header_font_size_last_edited=&#8221;on|phone&#8221; sticky_enabled=&#8221;0&#8243; header_2_font_size_last_edited=&#8221;on|phone&#8221; header_2_font_size_tablet=&#8221;36px&#8221; header_2_font_size_phone=&#8221;32px&#8221;]<\/p>\n<h2>Avoid mechanical issues with our preventive maintenance program!<\/h2>\n<p>[\/et_pb_text][et_pb_button button_url=&#8221;@ET-DC@eyJkeW5hbWljIjp0cnVlLCJjb250ZW50IjoicG9zdF9saW5rX3VybF9wYWdlIiwic2V0dGluZ3MiOnsicG9zdF9pZCI6Ijk0NTg1In19@&#8221; button_text=&#8221;GET A PRICE ONLINE&#8221; button_alignment=&#8221;center&#8221; _builder_version=&#8221;4.9.4&#8243; _dynamic_attributes=&#8221;button_url&#8221; _module_preset=&#8221;default&#8221;][\/et_pb_button][\/et_pb_column][\/et_pb_row][\/et_pb_section][et_pb_section fb_built=&#8221;1&#8243; admin_label=&#8221;Section sous-menu&#8221; _builder_version=&#8221;4.9.2&#8243; _module_preset=&#8221;default&#8221; background_color=&#8221;#FFFFFF&#8221; custom_padding=&#8221;0px||0px||false|false&#8221; sticky_position=&#8221;top&#8221; box_shadow_style=&#8221;preset3&#8243; box_shadow_color=&#8221;rgba(0,0,0,0.2)&#8221; locked=&#8221;on&#8221; collapsed=&#8221;on&#8221;][et_pb_row _builder_version=&#8221;4.9.2&#8243; _module_preset=&#8221;default&#8221;][et_pb_column type=&#8221;4_4&#8243; _builder_version=&#8221;4.9.2&#8243; _module_preset=&#8221;default&#8221;][et_pb_menu menu_id=&#8221;21636&#8243; menu_style=&#8221;centered&#8221; active_link_color=&#8221;#DB0000&#8243; admin_label=&#8221;Menu de sous-section&#8221; module_class=&#8221;sub-page-menu&#8221; _builder_version=&#8221;4.9.4&#8243; _module_preset=&#8221;default&#8221; menu_font=&#8221;Barlow Semi Condensed|600||on|||||&#8221; menu_text_color=&#8221;#3F3F3F&#8221; menu_font_size=&#8221;16px&#8221;][\/et_pb_menu][\/et_pb_column][\/et_pb_row][\/et_pb_section][et_pb_section fb_built=&#8221;1&#8243; _builder_version=&#8221;4.9.4&#8243; _module_preset=&#8221;default&#8221; background_color=&#8221;#F1F1F1&#8243; custom_padding=&#8221;||90px||false|false&#8221;][et_pb_row column_structure=&#8221;1_4,3_4&#8243; use_custom_gutter=&#8221;on&#8221; gutter_width=&#8221;1&#8243; make_equal=&#8221;on&#8221; _builder_version=&#8221;4.9.2&#8243; _module_preset=&#8221;default&#8221; background_color=&#8221;#FFFFFF&#8221; custom_padding=&#8221;20px|60px|20px|60px|false|false&#8221;][et_pb_column type=&#8221;1_4&#8243; _builder_version=&#8221;4.9.2&#8243; _module_preset=&#8221;default&#8221;][et_pb_image src=&#8221;https:\/\/westislandgarage.com\/wp-content\/uploads\/2021\/05\/denis-cordeiro-small.jpg&#8221; title_text=&#8221;denis-cordeiro-small&#8221; admin_label=&#8221;Photo Denis&#8221; _builder_version=&#8221;4.9.4&#8243; _module_preset=&#8221;default&#8221; width=&#8221;70%&#8221; border_radii=&#8221;on|100%|100%|100%|100%&#8221;][\/et_pb_image][\/et_pb_column][et_pb_column type=&#8221;3_4&#8243; module_class=&#8221;col-flex-center-left&#8221; _builder_version=&#8221;4.9.2&#8243; _module_preset=&#8221;default&#8221;][et_pb_text admin_label=&#8221;Citation Denis&#8221; _builder_version=&#8221;4.9.4&#8243; _module_preset=&#8221;default&#8221; text_font_size=&#8221;24px&#8221; text_line_height=&#8221;1.2em&#8221;]<\/p>\n<p><strong>\u00ab Our maintenance program guarantees the durability and performance of your vehicle while providing you with safety and peace of mind. \u00bb<\/strong><\/p>\n<p>Denis Cordeiro, owner of Autotech Performance<\/p>\n<p>[\/et_pb_text][\/et_pb_column][\/et_pb_row][et_pb_row _builder_version=&#8221;4.9.2&#8243; _module_preset=&#8221;default&#8221;][et_pb_column type=&#8221;4_4&#8243; _builder_version=&#8221;4.9.2&#8243; _module_preset=&#8221;default&#8221;][et_pb_text admin_label=&#8221;DES SERVICES D\u2019ENTRETIEN AUTOMOBILE INCOMPARABLES! &#8221; _builder_version=&#8221;4.9.4&#8243; _module_preset=&#8221;default&#8221; header_2_font_size=&#8221;24px&#8221; custom_padding=&#8221;45px||||false|false&#8221;]<\/p>\n<h2>UNPARALLELED AUTOMOBILE MAINTENANCE SERVICES!<\/h2>\n<p>At Autotech Performance, regular maintenance of your motor vehicle is of the utmost importance. We offer a comprehensive preventive maintenance program that will not only save you a lot of trouble, but also help you avoid costly repairs.<\/p>\n<p>Our program includes several preventive maintenance services that maximize your vehicle\u2019s efficiency, extend the life of parts and provide you with a safe and enjoyable drive, regardless of road or weather conditions.<\/p>\n<p>[\/et_pb_text][\/et_pb_column][\/et_pb_row][et_pb_row column_structure=&#8221;1_2,1_2&#8243; use_custom_gutter=&#8221;on&#8221; gutter_width=&#8221;1&#8243; make_equal=&#8221;on&#8221; _builder_version=&#8221;4.9.4&#8243; _module_preset=&#8221;default&#8221; width=&#8221;100%&#8221; max_width=&#8221;100%&#8221; custom_margin=&#8221;45px||||false|false&#8221; custom_padding=&#8221;0px||0px||false|false&#8221;][et_pb_column type=&#8221;1_2&#8243; _builder_version=&#8221;4.9.4&#8243; _module_preset=&#8221;default&#8221; background_color=&#8221;#B70000&#8243; custom_padding=&#8221;45px|60px|45px|10%|false|false&#8221;][et_pb_image src=&#8221;https:\/\/westislandgarage.com\/wp-content\/uploads\/2021\/05\/question.png&#8221; title_text=&#8221;question&#8221; _builder_version=&#8221;4.9.4&#8243; _module_preset=&#8221;default&#8221;][\/et_pb_image][et_pb_text admin_label=&#8221;POURQUOI NOUS CHOISIR?&#8221; module_class=&#8221;check-bullet-list&#8221; _builder_version=&#8221;4.9.4&#8243; _module_preset=&#8221;default&#8221; text_font=&#8221;Barlow Semi Condensed||||||||&#8221; text_text_color=&#8221;#FFFFFF&#8221; text_font_size=&#8221;22px&#8221; text_line_height=&#8221;1.3em&#8221; header_2_font_size=&#8221;24px&#8221; header_4_text_color=&#8221;#FFFFFF&#8221; custom_padding=&#8221;30px||||false|false&#8221;]<\/p>\n<h4>WHY CHOOSE US?<\/h4>\n<ul>\n<li>Highly qualified CAA-certified technicians<\/li>\n<li>Valvoline Protection Plan<\/li>\n<li>Filters and oil that comply with or exceed manufacturers\u2019 standards<\/li>\n<li>Cutting-edge tools and equipment<\/li>\n<li>Top-quality products and procedures<\/li>\n<li>Knowledge of innovations in auto maintenance<\/li>\n<li>Personalized services based on communication and trust<\/li>\n<li>Your satisfaction is guaranteed!<\/li>\n<\/ul>\n<p>[\/et_pb_text][\/et_pb_column][et_pb_column type=&#8221;1_2&#8243; _builder_version=&#8221;4.9.4&#8243; _module_preset=&#8221;default&#8221; background_color=&#8221;#3F3F3F&#8221; custom_padding=&#8221;45px|10%|45px|60px|false|false&#8221;][et_pb_image src=&#8221;https:\/\/westislandgarage.com\/wp-content\/uploads\/2021\/05\/checkmark.png&#8221; title_text=&#8221;checkmark&#8221; _builder_version=&#8221;4.9.4&#8243; _module_preset=&#8221;default&#8221;][\/et_pb_image][et_pb_text admin_label=&#8221;FAITES-NOUS CONFIANCE&#8230;&#8221; module_class=&#8221;check-bullet-list&#8221; _builder_version=&#8221;4.9.4&#8243; _module_preset=&#8221;default&#8221; text_font=&#8221;Barlow Semi Condensed||||||||&#8221; text_text_color=&#8221;#FFFFFF&#8221; text_font_size=&#8221;22px&#8221; text_line_height=&#8221;1.3em&#8221; header_2_font_size=&#8221;24px&#8221; header_4_text_color=&#8221;#FFFFFF&#8221; custom_padding=&#8221;30px||||false|false&#8221;]<\/p>\n<h4>YOU CAN TRUST US WITH YOUR PREVENTIVE MAINTENANCE<\/h4>\n<ul>\n<li><a style=\"color: #fff;\" href=\"https:\/\/westislandgarage.com\/en\/services\/maintenance-services\/oil-change\/\">Oil change<\/a><\/li>\n<li><a style=\"color: #fff;\" href=\"https:\/\/westislandgarage.com\/en\/services\/maintenance-services\/wheel-alignment\/\">Wheel alignment<\/a><\/li>\n<li><a style=\"color: #fff;\" href=\"https:\/\/westislandgarage.com\/en\/services\/maintenance-services\/fuel-air-induction\/\">Fuel-air induction<\/a><\/li>\n<li><a style=\"color: #fff;\" href=\"https:\/\/westislandgarage.com\/en\/services\/maintenance-services\/coolant-replacement\/\">Coolant replacement<\/a><\/li>\n<li><a style=\"color: #fff;\" href=\"https:\/\/westislandgarage.com\/en\/services\/maintenance-services\/drive-line-fluid-replacement\/\">Gearbox fluid replacement<\/a><\/li>\n<li><a style=\"color: #fff;\" href=\"https:\/\/westislandgarage.com\/en\/services\/maintenance-services\/brake-fluid-replacement\/\">Brake fluid replacement<\/a><\/li>\n<li><a style=\"color: #fff;\" href=\"https:\/\/westislandgarage.com\/en\/services\/maintenance-services\/transmission-fluid-replacement\/\">Transmission fluid replacement<\/a><\/li>\n<li><a style=\"color: #fff;\" href=\"https:\/\/westislandgarage.com\/en\/services\/maintenance-services\/power-steering-fluid-replacement\/\">Power steering fluid replacement<\/a><\/li>\n<\/ul>\n<p>[\/et_pb_text][\/et_pb_column][\/et_pb_row][et_pb_row _builder_version=&#8221;4.9.4&#8243; _module_preset=&#8221;default&#8221; background_color=&#8221;#FFFFFF&#8221; width=&#8221;100%&#8221; max_width=&#8221;100%&#8221; custom_padding=&#8221;10px|10%||10%|false|false&#8221;][et_pb_column type=&#8221;4_4&#8243; _builder_version=&#8221;4.9.2&#8243; _module_preset=&#8221;default&#8221;][et_pb_text admin_label=&#8221;Prenez rendez-vous&#8230;&#8221; _builder_version=&#8221;4.9.4&#8243; _module_preset=&#8221;default&#8221; text_font=&#8221;Barlow Semi Condensed||||||||&#8221; text_font_size=&#8221;32px&#8221; text_line_height=&#8221;1.3em&#8221; text_orientation=&#8221;center&#8221;]<\/p>\n<p>Don&#8217;t wait! Book an <a href=\"https:\/\/westislandgarage.com\/en\/appointement\/\"><strong>appointment<\/strong><\/a> with one of our experts now!<\/p>\n<p>[\/et_pb_text][\/et_pb_column][\/et_pb_row][et_pb_row _builder_version=&#8221;4.9.2&#8243; _module_preset=&#8221;default&#8221;][et_pb_column type=&#8221;4_4&#8243; _builder_version=&#8221;4.9.2&#8243; _module_preset=&#8221;default&#8221;][et_pb_text admin_label=&#8221;EXPERT EN M\u00c9CANIQUE AUTOMOBILE &#8211; CERTIFI\u00c9 CAA QU\u00c9BEC&#8221; _builder_version=&#8221;4.9.4&#8243; _module_preset=&#8221;default&#8221; header_2_font_size=&#8221;24px&#8221; header_3_font_size=&#8221;20px&#8221; custom_padding=&#8221;45px||||false|false&#8221;]<\/p>\n<h3>AUTO MECHANICS EXPERTS \u2013 CAA-QUEBEC CERTIFIED<\/h3>\n<p>At Autotech Performance, all our technicians are CAA-Quebec certified. They are highly trained to perform all regular and preventive maintenance services quickly and efficiently.\u00a0<\/p>\n<p>Given that our employees\u2019 continuing education is a priority, we provide them with training to update their knowledge and procedures at least once per year. Thus, we make sure that we&#8217;re always familiar with new technologies and that we can use them when serving our customers. No matter the type of vehicle (traditional or hybrid), we\u2019re up to the challenge!<\/p>\n<p>[\/et_pb_text][et_pb_text admin_label=&#8221;JETEZ UN COUP D\u2019\u0152IL AUX SERVICES D\u00c9CRITS DANS CETTE SECTION&#8221; _builder_version=&#8221;4.9.4&#8243; _module_preset=&#8221;default&#8221; header_2_font_size=&#8221;24px&#8221; header_3_font_size=&#8221;20px&#8221; custom_padding=&#8221;45px||||false|false&#8221;]<\/p>\n<h3>TAKE A LOOK AT THE SERVICES DESCRIBED IN THIS SECTION<\/h3>\n<p>Want to find out more about the advantages of preventive maintenance? In the pages of this section, we have compiled useful information such as our maintenance procedures and the results of the various auto maintenance services. Knowing this information will help you make informed decisions with respect to the services that should be done regularly.<\/p>\n<p>If you have other questions, don&#8217;t hesitate to\u00a0<a href=\"https:\/\/westislandgarage.com\/en\/contact-us\/\"><strong>contact us<\/strong><\/a>.<\/p>\n<p>[\/et_pb_text][et_pb_text admin_label=&#8221;LES INSPECTIONS SAISONNI\u00c8RES \u2013 QUELQUES CONSEILS&#8221; _builder_version=&#8221;4.9.4&#8243; _module_preset=&#8221;default&#8221; header_2_font_size=&#8221;24px&#8221; header_3_font_size=&#8221;20px&#8221; custom_padding=&#8221;45px||||false|false&#8221;]<\/p>\n<h3>SEASONAL INSPECTIONS \u2013 A FEW TIPS<\/h3>\n<p><strong>Summer<\/strong><\/p>\n<ul>\n<li>Before hitting the road for summer vacation, remember to have your vehicle checked to avoid issues related to summer driving, such as engine overheating.<\/li>\n<li>The charging system, radiator, hoses, water pump and fluid levels should all be checked.<\/li>\n<li>Inspecting the brakes, tires, headlights and A\/C system is also crucial to ensure your safety and comfort on the road.<\/li>\n<li>Your mechanic can even help you assemble an \u201cAutomobile First Aid Kit\u201d to bring along on your vacation.<\/li>\n<\/ul>\n<p>&nbsp;<\/p>\n<p><strong>Winter<\/strong><\/p>\n<ul>\n<li>According to CAA-Qu\u00e9bec, it\u2019s important to have the battery of your vehicle checked before winter. It might have to be fully recharged, especially if you haven\u2019t used your vehicle much in the previous months.<\/li>\n<li>You must also make sure that there are no leaks or cracks in the casing, that the battery holder is solid and that the terminals, cover and connections are all clean.<\/li>\n<li>We highly recommend that winter tires be installed well before the <a href=\"https:\/\/www.transports.gouv.qc.ca\/fr\/securite-signalisation\/securite-conditions-hivernales\/Pages\/Pneu-hiver-pictogramme.aspx\" target=\"_blank\" rel=\"noopener\"><strong>date set by the Quebec government<\/strong><\/a>. This way, you\u2019ll avoid the rush at garages and be safe more quickly!<\/li>\n<\/ul>\n<p>[\/et_pb_text][\/et_pb_column][\/et_pb_row][et_pb_row _builder_version=&#8221;4.9.4&#8243; _module_preset=&#8221;default&#8221; background_color=&#8221;#FFFFFF&#8221; custom_margin=&#8221;45px||||false|false&#8221; custom_padding=&#8221;20px|30px|20px|30px|false|false&#8221; box_shadow_style=&#8221;preset1&#8243;][et_pb_column type=&#8221;4_4&#8243; _builder_version=&#8221;4.9.2&#8243; _module_preset=&#8221;default&#8221;][et_pb_text admin_label=&#8221;Conclusion&#8221; _builder_version=&#8221;4.9.4&#8243; _module_preset=&#8221;default&#8221; text_font=&#8221;Barlow Semi Condensed||||||||&#8221; text_font_size=&#8221;24px&#8221; text_line_height=&#8221;1.3em&#8221; header_2_font_size=&#8221;24px&#8221; background_color=&#8221;RGBA(0,0,0,0)&#8221; text_orientation=&#8221;center&#8221;]<\/p>\n<p>Whether your vehicle needs preventive or emergency maintenance, Autotech Performance is Montreal\u2019s West Island top garage!<\/p>\n<p>[\/et_pb_text][\/et_pb_column][\/et_pb_row][\/et_pb_section]<\/p>\n","protected":false},"excerpt":{"rendered":"<p>PREVENTIVE MAINTENANCE \u2013 Maintenance ServicesAvoid mechanical issues with our preventive maintenance program!\u00ab Our maintenance program guarantees the durability and performance of your vehicle while providing you with safety and peace of mind. \u00bb Denis Cordeiro, owner of Autotech PerformanceUNPARALLELED AUTOMOBILE MAINTENANCE SERVICES! At Autotech Performance, regular maintenance of your motor vehicle is of the utmost [&hellip;]<\/p>\n","protected":false},"author":3,"featured_media":0,"parent":97269,"menu_order":20,"comment_status":"closed","ping_status":"closed","template":"","meta":{"_et_pb_use_builder":"on","_et_pb_old_content":"","_et_gb_content_width":"","footnotes":""},"class_list":["post-97344","page","type-page","status-publish","hentry"],"yoast_head":"<!-- This site is optimized with the Yoast SEO plugin v27.3 - https:\/\/yoast.com\/product\/yoast-seo-wordpress\/ -->\n<title>Maintenance Services - Autotech<\/title>\n<meta name=\"robots\" content=\"index, follow, max-snippet:-1, max-image-preview:large, max-video-preview:-1\" \/>\n<link rel=\"canonical\" href=\"https:\/\/westislandgarage.com\/en\/services\/maintenance-services\/\" \/>\n<meta property=\"og:locale\" content=\"en_US\" \/>\n<meta property=\"og:type\" content=\"article\" \/>\n<meta property=\"og:title\" content=\"Maintenance Services - Autotech\" \/>\n<meta property=\"og:description\" content=\"PREVENTIVE MAINTENANCE \u2013 Maintenance ServicesAvoid mechanical issues with our preventive maintenance program!\u00ab Our maintenance program guarantees the durability and performance of your vehicle while providing you with safety and peace of mind. \u00bb Denis Cordeiro, owner of Autotech PerformanceUNPARALLELED AUTOMOBILE MAINTENANCE SERVICES! At Autotech Performance, regular maintenance of your motor vehicle is of the utmost [&hellip;]\" \/>\n<meta property=\"og:url\" content=\"https:\/\/westislandgarage.com\/en\/services\/maintenance-services\/\" \/>\n<meta property=\"og:site_name\" content=\"Autotech\" \/>\n<meta property=\"article:publisher\" content=\"https:\/\/www.facebook.com\/Autotech-Performance-inc-273553479384265\/\" \/>\n<meta property=\"article:modified_time\" content=\"2021-06-10T20:41:52+00:00\" \/>\n<meta name=\"twitter:card\" content=\"summary_large_image\" \/>\n<meta name=\"twitter:label1\" content=\"Est. reading time\" \/>\n\t<meta name=\"twitter:data1\" content=\"8 minutes\" \/>\n<script type=\"application\/ld+json\" class=\"yoast-schema-graph\">{\"@context\":\"https:\\\/\\\/schema.org\",\"@graph\":[{\"@type\":\"WebPage\",\"@id\":\"https:\\\/\\\/westislandgarage.com\\\/en\\\/services\\\/maintenance-services\\\/\",\"url\":\"https:\\\/\\\/westislandgarage.com\\\/en\\\/services\\\/maintenance-services\\\/\",\"name\":\"Maintenance Services - Autotech\",\"isPartOf\":{\"@id\":\"https:\\\/\\\/westislandgarage.com\\\/#website\"},\"datePublished\":\"2021-06-10T20:39:44+00:00\",\"dateModified\":\"2021-06-10T20:41:52+00:00\",\"breadcrumb\":{\"@id\":\"https:\\\/\\\/westislandgarage.com\\\/en\\\/services\\\/maintenance-services\\\/#breadcrumb\"},\"inLanguage\":\"en-US\",\"potentialAction\":[{\"@type\":\"ReadAction\",\"target\":[\"https:\\\/\\\/westislandgarage.com\\\/en\\\/services\\\/maintenance-services\\\/\"]}]},{\"@type\":\"BreadcrumbList\",\"@id\":\"https:\\\/\\\/westislandgarage.com\\\/en\\\/services\\\/maintenance-services\\\/#breadcrumb\",\"itemListElement\":[{\"@type\":\"ListItem\",\"position\":1,\"name\":\"Accueil\",\"item\":\"https:\\\/\\\/westislandgarage.com\\\/en\\\/home\\\/\"},{\"@type\":\"ListItem\",\"position\":2,\"name\":\"Services\",\"item\":\"https:\\\/\\\/westislandgarage.com\\\/en\\\/services\\\/\"},{\"@type\":\"ListItem\",\"position\":3,\"name\":\"Maintenance Services\"}]},{\"@type\":\"WebSite\",\"@id\":\"https:\\\/\\\/westislandgarage.com\\\/#website\",\"url\":\"https:\\\/\\\/westislandgarage.com\\\/\",\"name\":\"Autotech\",\"description\":\"CAA Quebec Certified Mechanic Auto Repair Shop - Montreal West Island\",\"publisher\":{\"@id\":\"https:\\\/\\\/westislandgarage.com\\\/#organization\"},\"potentialAction\":[{\"@type\":\"SearchAction\",\"target\":{\"@type\":\"EntryPoint\",\"urlTemplate\":\"https:\\\/\\\/westislandgarage.com\\\/?s={search_term_string}\"},\"query-input\":{\"@type\":\"PropertyValueSpecification\",\"valueRequired\":true,\"valueName\":\"search_term_string\"}}],\"inLanguage\":\"en-US\"},{\"@type\":\"Organization\",\"@id\":\"https:\\\/\\\/westislandgarage.com\\\/#organization\",\"name\":\"Autotech Performance\",\"url\":\"https:\\\/\\\/westislandgarage.com\\\/\",\"logo\":{\"@type\":\"ImageObject\",\"inLanguage\":\"en-US\",\"@id\":\"https:\\\/\\\/westislandgarage.com\\\/#\\\/schema\\\/logo\\\/image\\\/\",\"url\":\"https:\\\/\\\/westislandgarage.com\\\/wp-content\\\/uploads\\\/2021\\\/05\\\/autotech-logo-small.png\",\"contentUrl\":\"https:\\\/\\\/westislandgarage.com\\\/wp-content\\\/uploads\\\/2021\\\/05\\\/autotech-logo-small.png\",\"width\":165,\"height\":79,\"caption\":\"Autotech Performance\"},\"image\":{\"@id\":\"https:\\\/\\\/westislandgarage.com\\\/#\\\/schema\\\/logo\\\/image\\\/\"},\"sameAs\":[\"https:\\\/\\\/www.facebook.com\\\/Autotech-Performance-inc-273553479384265\\\/\"]}]}<\/script>\n<!-- \/ Yoast SEO plugin. -->","yoast_head_json":{"title":"Maintenance Services - Autotech","robots":{"index":"index","follow":"follow","max-snippet":"max-snippet:-1","max-image-preview":"max-image-preview:large","max-video-preview":"max-video-preview:-1"},"canonical":"https:\/\/westislandgarage.com\/en\/services\/maintenance-services\/","og_locale":"en_US","og_type":"article","og_title":"Maintenance Services - Autotech","og_description":"PREVENTIVE MAINTENANCE \u2013 Maintenance ServicesAvoid mechanical issues with our preventive maintenance program!\u00ab Our maintenance program guarantees the durability and performance of your vehicle while providing you with safety and peace of mind. \u00bb Denis Cordeiro, owner of Autotech PerformanceUNPARALLELED AUTOMOBILE MAINTENANCE SERVICES! At Autotech Performance, regular maintenance of your motor vehicle is of the utmost [&hellip;]","og_url":"https:\/\/westislandgarage.com\/en\/services\/maintenance-services\/","og_site_name":"Autotech","article_publisher":"https:\/\/www.facebook.com\/Autotech-Performance-inc-273553479384265\/","article_modified_time":"2021-06-10T20:41:52+00:00","twitter_card":"summary_large_image","twitter_misc":{"Est. reading time":"8 minutes"},"schema":{"@context":"https:\/\/schema.org","@graph":[{"@type":"WebPage","@id":"https:\/\/westislandgarage.com\/en\/services\/maintenance-services\/","url":"https:\/\/westislandgarage.com\/en\/services\/maintenance-services\/","name":"Maintenance Services - Autotech","isPartOf":{"@id":"https:\/\/westislandgarage.com\/#website"},"datePublished":"2021-06-10T20:39:44+00:00","dateModified":"2021-06-10T20:41:52+00:00","breadcrumb":{"@id":"https:\/\/westislandgarage.com\/en\/services\/maintenance-services\/#breadcrumb"},"inLanguage":"en-US","potentialAction":[{"@type":"ReadAction","target":["https:\/\/westislandgarage.com\/en\/services\/maintenance-services\/"]}]},{"@type":"BreadcrumbList","@id":"https:\/\/westislandgarage.com\/en\/services\/maintenance-services\/#breadcrumb","itemListElement":[{"@type":"ListItem","position":1,"name":"Accueil","item":"https:\/\/westislandgarage.com\/en\/home\/"},{"@type":"ListItem","position":2,"name":"Services","item":"https:\/\/westislandgarage.com\/en\/services\/"},{"@type":"ListItem","position":3,"name":"Maintenance Services"}]},{"@type":"WebSite","@id":"https:\/\/westislandgarage.com\/#website","url":"https:\/\/westislandgarage.com\/","name":"Autotech","description":"CAA Quebec Certified Mechanic Auto Repair Shop - Montreal West Island","publisher":{"@id":"https:\/\/westislandgarage.com\/#organization"},"potentialAction":[{"@type":"SearchAction","target":{"@type":"EntryPoint","urlTemplate":"https:\/\/westislandgarage.com\/?s={search_term_string}"},"query-input":{"@type":"PropertyValueSpecification","valueRequired":true,"valueName":"search_term_string"}}],"inLanguage":"en-US"},{"@type":"Organization","@id":"https:\/\/westislandgarage.com\/#organization","name":"Autotech Performance","url":"https:\/\/westislandgarage.com\/","logo":{"@type":"ImageObject","inLanguage":"en-US","@id":"https:\/\/westislandgarage.com\/#\/schema\/logo\/image\/","url":"https:\/\/westislandgarage.com\/wp-content\/uploads\/2021\/05\/autotech-logo-small.png","contentUrl":"https:\/\/westislandgarage.com\/wp-content\/uploads\/2021\/05\/autotech-logo-small.png","width":165,"height":79,"caption":"Autotech Performance"},"image":{"@id":"https:\/\/westislandgarage.com\/#\/schema\/logo\/image\/"},"sameAs":["https:\/\/www.facebook.com\/Autotech-Performance-inc-273553479384265\/"]}]}},"_links":{"self":[{"href":"https:\/\/westislandgarage.com\/en\/wp-json\/wp\/v2\/pages\/97344","targetHints":{"allow":["GET"]}}],"collection":[{"href":"https:\/\/westislandgarage.com\/en\/wp-json\/wp\/v2\/pages"}],"about":[{"href":"https:\/\/westislandgarage.com\/en\/wp-json\/wp\/v2\/types\/page"}],"author":[{"embeddable":true,"href":"https:\/\/westislandgarage.com\/en\/wp-json\/wp\/v2\/users\/3"}],"replies":[{"embeddable":true,"href":"https:\/\/westislandgarage.com\/en\/wp-json\/wp\/v2\/comments?post=97344"}],"version-history":[{"count":5,"href":"https:\/\/westislandgarage.com\/en\/wp-json\/wp\/v2\/pages\/97344\/revisions"}],"predecessor-version":[{"id":97349,"href":"https:\/\/westislandgarage.com\/en\/wp-json\/wp\/v2\/pages\/97344\/revisions\/97349"}],"up":[{"embeddable":true,"href":"https:\/\/westislandgarage.com\/en\/wp-json\/wp\/v2\/pages\/97269"}],"wp:attachment":[{"href":"https:\/\/westislandgarage.com\/en\/wp-json\/wp\/v2\/media?parent=97344"}],"curies":[{"name":"wp","href":"https:\/\/api.w.org\/{rel}","templated":true}]}}