{"id":97304,"date":"2021-06-10T15:40:14","date_gmt":"2021-06-10T19:40:14","guid":{"rendered":"https:\/\/autotech.acxcomdev.com\/services\/auto-repairs\/air-conditioning\/"},"modified":"2021-07-08T15:28:32","modified_gmt":"2021-07-08T19:28:32","slug":"air-conditioning","status":"publish","type":"page","link":"https:\/\/westislandgarage.com\/en\/services\/auto-repairs\/air-conditioning\/","title":{"rendered":"Air Conditioning"},"content":{"rendered":"<p>[et_pb_section fb_built=&#8221;1&#8243; admin_label=&#8221;Section titre&#8221; _builder_version=&#8221;4.9.2&#8243; _module_preset=&#8221;default&#8221; background_color=&#8221;RGBA(0,0,0,0)&#8221; custom_padding=&#8221;0px||0px||false|false&#8221; locked=&#8221;off&#8221; collapsed=&#8221;off&#8221;][et_pb_row _builder_version=&#8221;4.9.2&#8243; _module_preset=&#8221;default&#8221; custom_padding=&#8221;30px||10px||false|false&#8221;][et_pb_column type=&#8221;4_4&#8243; _builder_version=&#8221;4.9.2&#8243; _module_preset=&#8221;default&#8221;][et_pb_text admin_label=&#8221;Titre de la page&#8221; _builder_version=&#8221;4.9.4&#8243; _module_preset=&#8221;default&#8221; header_text_align=&#8221;center&#8221; header_text_color=&#8221;#DB0000&#8243; header_font_size_tablet=&#8221;36px&#8221; header_font_size_phone=&#8221;24px&#8221; header_font_size_last_edited=&#8221;on|desktop&#8221;]<\/p>\n<h1>AUTO REPAIRS \u2013 Air Conditioning<\/h1>\n<p>[\/et_pb_text][\/et_pb_column][\/et_pb_row][\/et_pb_section][et_pb_section fb_built=&#8221;1&#8243; disabled_on=&#8221;off|off|off&#8221; admin_label=&#8221;Section bandeau&#8221; _builder_version=&#8221;4.9.4&#8243; _module_preset=&#8221;default&#8221; background_color=&#8221;#000000&#8243; background_image=&#8221;https:\/\/westislandgarage.com\/wp-content\/uploads\/2021\/04\/reparation_auto.jpg&#8221; background_size=&#8221;initial&#8221; background_position=&#8221;bottom_center&#8221; custom_padding=&#8221;30px||180px||false|false&#8221; locked=&#8221;off&#8221; collapsed=&#8221;off&#8221;][et_pb_row _builder_version=&#8221;4.9.4&#8243; _module_preset=&#8221;default&#8221; custom_margin=&#8221;30px||||false|false&#8221;][et_pb_column type=&#8221;4_4&#8243; _builder_version=&#8221;4.9.2&#8243; _module_preset=&#8221;default&#8221;][et_pb_text admin_label=&#8221;Vous voulez une estimation des co\u00fbts&#8230;&#8221; _builder_version=&#8221;4.9.4&#8243; _module_preset=&#8221;default&#8221; header_text_align=&#8221;center&#8221; header_text_color=&#8221;#FFFFFF&#8221; header_font_size=&#8221;40px&#8221; header_2_text_align=&#8221;center&#8221; header_2_text_color=&#8221;#FFFFFF&#8221; header_2_font_size=&#8221;40px&#8221; header_font_size_tablet=&#8221;36px&#8221; header_font_size_phone=&#8221;32px&#8221; header_font_size_last_edited=&#8221;on|phone&#8221;]<\/p>\n<h1>Want to get an estimate of the cost for having your car\u2019s air conditioning checked or repaired?<\/h1>\n<p>[\/et_pb_text][et_pb_button button_url=&#8221;@ET-DC@eyJkeW5hbWljIjp0cnVlLCJjb250ZW50IjoicG9zdF9saW5rX3VybF9wYWdlIiwic2V0dGluZ3MiOnsicG9zdF9pZCI6Ijk0NTY3In19@&#8221; button_text=&#8221;REQUEST A PRICE ONLINE&#8221; button_alignment=&#8221;center&#8221; _builder_version=&#8221;4.9.4&#8243; _dynamic_attributes=&#8221;button_url&#8221; _module_preset=&#8221;default&#8221;][\/et_pb_button][\/et_pb_column][\/et_pb_row][\/et_pb_section][et_pb_section fb_built=&#8221;1&#8243; admin_label=&#8221;Section sous-menu&#8221; _builder_version=&#8221;4.9.2&#8243; _module_preset=&#8221;default&#8221; background_color=&#8221;#FFFFFF&#8221; custom_padding=&#8221;0px||0px||false|false&#8221; sticky_position=&#8221;top&#8221; box_shadow_style=&#8221;preset3&#8243; box_shadow_color=&#8221;rgba(0,0,0,0.2)&#8221; locked=&#8221;on&#8221; collapsed=&#8221;on&#8221;][et_pb_row _builder_version=&#8221;4.9.2&#8243; _module_preset=&#8221;default&#8221;][et_pb_column type=&#8221;4_4&#8243; _builder_version=&#8221;4.9.2&#8243; _module_preset=&#8221;default&#8221;]<\/p>\n<p>[et_pb_menu menu_id=&#8221;21635&#8243; menu_style=&#8221;centered&#8221; active_link_color=&#8221;#DB0000&#8243; admin_label=&#8221;Menu de sous-section&#8221; module_class=&#8221;sub-page-menu&#8221; _builder_version=&#8221;4.9.4&#8243; _module_preset=&#8221;default&#8221; menu_font=&#8221;Barlow Semi Condensed|600||on|||||&#8221; menu_text_color=&#8221;#3F3F3F&#8221; menu_font_size=&#8221;16px&#8221;][\/et_pb_menu]<\/p>\n<p>[\/et_pb_column][\/et_pb_row][\/et_pb_section][et_pb_section fb_built=&#8221;1&#8243; _builder_version=&#8221;4.9.2&#8243; _module_preset=&#8221;default&#8221; background_color=&#8221;#F1F1F1&#8243;][et_pb_row _builder_version=&#8221;4.9.2&#8243; _module_preset=&#8221;default&#8221;][et_pb_column type=&#8221;4_4&#8243; _builder_version=&#8221;4.9.2&#8243; _module_preset=&#8221;default&#8221;][et_pb_text admin_label=&#8221;LA CLIMATISATION VOUS ASSURE&#8230;&#8221; _builder_version=&#8221;4.9.4&#8243; _module_preset=&#8221;default&#8221; header_2_font_size=&#8221;24px&#8221; custom_padding=&#8221;45px||||false|false&#8221;]<\/p>\n<h2>AIR CONDITIONING PROVIDES YOU WITH A COMFORTABLE, COOL AND DRY ENVIRONMENT<\/h2>\n<p>Air conditioning has become a standard feature in all recent vehicle models. At Autotech Performance, our technicians can perform all regular maintenance and repair work required to ensure your vehicle\u2019s air conditioning system functions properly. Your comfort is our priority!<\/p>\n<p>[\/et_pb_text][\/et_pb_column][\/et_pb_row][et_pb_row use_custom_gutter=&#8221;on&#8221; gutter_width=&#8221;1&#8243; make_equal=&#8221;on&#8221; _builder_version=&#8221;4.9.2&#8243; _module_preset=&#8221;default&#8221; background_color=&#8221;#B70000&#8243; width=&#8221;100%&#8221; max_width=&#8221;100%&#8221; module_alignment=&#8221;center&#8221; custom_margin=&#8221;45px||||false|false&#8221; custom_padding=&#8221;0px||0px||false|false&#8221;][et_pb_column type=&#8221;4_4&#8243; _builder_version=&#8221;4.9.2&#8243; _module_preset=&#8221;default&#8221; background_color=&#8221;RGBA(0,0,0,0)&#8221; custom_padding=&#8221;60px||45px||false|false&#8221;][et_pb_image src=&#8221;https:\/\/westislandgarage.com\/wp-content\/uploads\/2021\/05\/alerte.png&#8221; title_text=&#8221;alert&#8221; _builder_version=&#8221;4.9.4&#8243; _module_preset=&#8221;default&#8221; width=&#8221;80%&#8221; max_width=&#8221;1080px&#8221; module_alignment=&#8221;center&#8221;][\/et_pb_image][et_pb_text admin_label=&#8221;Signes d&#8217;ennuis potentiels&#8230;&#8221; module_class=&#8221;check-bullet-list&#8221; _builder_version=&#8221;4.9.7&#8243; _module_preset=&#8221;default&#8221; text_font=&#8221;Barlow Semi Condensed||||||||&#8221; text_text_color=&#8221;#FFFFFF&#8221; text_font_size=&#8221;22px&#8221; text_line_height=&#8221;1.3em&#8221; header_2_font_size=&#8221;24px&#8221; header_4_text_color=&#8221;#FFFFFF&#8221; width=&#8221;80%&#8221; max_width=&#8221;1080px&#8221; module_alignment=&#8221;center&#8221; custom_padding=&#8221;30px||||false|false&#8221; hover_enabled=&#8221;0&#8243; sticky_enabled=&#8221;0&#8243;]<\/p>\n<h4>SIGNS OF POTENTIAL ISSUES RELATED TO THE AIR CONDITIONING (A\/C) SYSTEM<\/h4>\n<ul>\n<li>A\/C output is not cool<\/li>\n<li>Cooled air volume is low<\/li>\n<li>The belt squeals<\/li>\n<li>Noise in the A\/C compressor<\/li>\n<li>Squealing noise at startup<\/li>\n<\/ul>\n<p>[\/et_pb_text][\/et_pb_column][\/et_pb_row][et_pb_row custom_padding_last_edited=&#8221;on|desktop&#8221; _builder_version=&#8221;4.9.4&#8243; _module_preset=&#8221;default&#8221; background_color=&#8221;#FFFFFF&#8221; width=&#8221;100%&#8221; max_width=&#8221;100%&#8221; custom_padding=&#8221;10px|10%||10%|false|false&#8221; custom_padding_tablet=&#8221;|10%|15px|10%|false|false&#8221; custom_padding_phone=&#8221;&#8221;][et_pb_column type=&#8221;4_4&#8243; _builder_version=&#8221;4.9.2&#8243; _module_preset=&#8221;default&#8221;][et_pb_text admin_label=&#8221;Prenez rendez-vous&#8230;&#8221; _builder_version=&#8221;4.9.4&#8243; _module_preset=&#8221;default&#8221; text_font=&#8221;Barlow Semi Condensed||||||||&#8221; text_font_size=&#8221;32px&#8221; text_line_height=&#8221;1.3em&#8221; text_orientation=&#8221;center&#8221; text_font_size_tablet=&#8221;28px&#8221; text_font_size_phone=&#8221;&#8221; text_font_size_last_edited=&#8221;on|tablet&#8221;]<\/p>\n<p>Vous avez remarqu\u00e9 un ou plusieurs de ces probl\u00e8mes sur votre v\u00e9hicule? <a href=\"https:\/\/westislandgarage.com\/en\/appointement\/\"><strong>Prenez un rendez-vous avec nos experts<\/strong><\/a> d\u00e8s maintenant.<\/p>\n<p>[\/et_pb_text][\/et_pb_column][\/et_pb_row][et_pb_row column_structure=&#8221;3_5,2_5&#8243; _builder_version=&#8221;4.9.4&#8243; _module_preset=&#8221;default&#8221; custom_padding=&#8221;60px||||false|false&#8221;][et_pb_column type=&#8221;3_5&#8243; _builder_version=&#8221;4.9.2&#8243; _module_preset=&#8221;default&#8221;][et_pb_text admin_label=&#8221;APPRENEZ-EN PLUS&#8230;&#8221; _builder_version=&#8221;4.9.4&#8243; _module_preset=&#8221;default&#8221; header_2_font_size=&#8221;24px&#8221; header_3_font_size=&#8221;20px&#8221; custom_padding=&#8221;||||false|false&#8221;]<\/p>\n<h2>LEARN MORE ABOUT THE AIR CONDITIONING SYSTEM<\/h2>\n<h3>THE MAIN COMPONENTS OF THE AIR CONDITIONING SYSTEM<\/h3>\n<ul>\n<li>Compressor<\/li>\n<li>Freon<\/li>\n<li>Condenser<\/li>\n<li>Receiver\/Dryer<\/li>\n<li>Expansion valve<\/li>\n<li>Evaporator<\/li>\n<li>Fan<\/li>\n<li>Vaporizer<\/li>\n<li>Thermostat<\/li>\n<li>A\/C control panel<\/li>\n<\/ul>\n<p>[\/et_pb_text][\/et_pb_column][et_pb_column type=&#8221;2_5&#8243; _builder_version=&#8221;4.9.2&#8243; _module_preset=&#8221;default&#8221;][et_pb_image src=&#8221;https:\/\/westislandgarage.com\/wp-content\/uploads\/2021\/05\/air-conditioning.jpg&#8221; title_text=&#8221;air-conditioning&#8221; _builder_version=&#8221;4.9.4&#8243; _module_preset=&#8221;default&#8221; custom_padding=&#8221;45px||||false|false&#8221;][\/et_pb_image][\/et_pb_column][\/et_pb_row][et_pb_row _builder_version=&#8221;4.9.2&#8243; _module_preset=&#8221;default&#8221;][et_pb_column type=&#8221;4_4&#8243; _builder_version=&#8221;4.9.2&#8243; _module_preset=&#8221;default&#8221;][et_pb_text admin_label=&#8221;COMMENT FONCTIONNE LE SYST\u00c8ME DE CLIMATISATION?&#8221; _builder_version=&#8221;4.9.4&#8243; _module_preset=&#8221;default&#8221; header_2_font_size=&#8221;24px&#8221; header_3_font_size=&#8221;20px&#8221; custom_padding=&#8221;45px||||false|false&#8221;]<\/p>\n<h3>HOW DOES THE AIR CONDITIONING SYSTEM WORK?<\/h3>\n<p>Here\u2019s an overview of the air conditioning system. The compressor\u2019s role is to pump and push freon\u2014a refrigerant\u2014through the system when you switch the A\/C on by activating it on the A\/C control panel. The freon reaches the condenser that dissipates the heat absorbed by the freon and converts it to a liquid. The refrigerant then moves toward the receiver\/dryer where it is cleaned and dried. From there, the freon is directed toward the expansion valve that controls its flow into the evaporator and transforms it from liquid to gas. In its gaseous form, the freon then circulates through the evaporator.<\/p>\n<p>The compressor is usually a multicylinder pump. It is driven by a belt from the main engine pulley and turns at roughly the same rpm as the engine. The compressor circulates the freon at a constant pressure, regardless of the engine rpm. A clutch on the compressor allows the latter to disconnect from the drive pulley when the refrigerant temperature reaches the thermostat\u2019s pre-set level, to avoid freezing within the evaporator. The compressor clutch is also deactivated when the vehicle carries heavy loads to redirect more power to the engine.<\/p>\n<p>Freon is a substance with very high heat-absorption properties. As a liquid, freon is very cold\u2014around 150 degrees below zero Fahrenheit. There are several kinds of freon. New vehicles (1994 and up) use \u201cfreon 134\u201d instead of \u201cfreon 12\u201d because it does not contain chlorofluorocarbons or CFCs. The change was made to eliminate one of the causes of the ozone layer depletion. Note that the different types of freon are not interchangeable.<\/p>\n<p>The condenser dissipates the heat absorbed by the freon. It is located in front of the radiator and is cooled by both radiator fans.<\/p>\n<p>The receiver\/dryer is a canister through which liquid freon circulates to be cleaned and dried. It contains a desiccant that dries the freon and a charcoal filter that absorbs its moisture. The sight glass, used to view the level of refrigerant in the A\/C system, is usually located at the receiver\/dryer.<\/p>\n<p>The expansion valve has a very small hole through which freon is forced, thereby entering the evaporator as a gas. The valve opening is regulated by the temperature of the freon circulating through the evaporator. If the thermostat, located within the evaporator housing, indicates that the temperature and pressure of the refrigerant are too high, the valve restricts the flow of freon coming in, lowering its temperature and pressure.<\/p>\n<p>The evaporator is located under the dashboard on the right side. It is a small radiator-like device in which the freon circulates. A fan blows air from the passenger compartment through this small radiator. As air passes through, its heat is removed by the freon and its moisture is vented to the ground.<\/p>\n<p>The fan blows the air from the passenger compartment toward the vaporizer where the freon circulating there absorbs its heat and moisture and then returns to its liquid state.<\/p>\n<p>The thermostat, located inside the vaporizer, prevents the vaporizer from freezing by cycling the compressor on and off.<\/p>\n<p>The A\/C control panel located on the dashboard lets you regulate the temperature and direction of the air flow from the air conditioning system.<\/p>\n<p>[\/et_pb_text][et_pb_text admin_label=&#8221;CONSEILS POUR OPTIMISER L\u2019UTILISATION&#8230;&#8221; _builder_version=&#8221;4.9.4&#8243; _module_preset=&#8221;default&#8221; header_2_font_size=&#8221;24px&#8221; header_3_font_size=&#8221;20px&#8221; custom_padding=&#8221;45px||||false|false&#8221;]<\/p>\n<h3>ADVICE TO OPTIMIZE THE USE OF YOUR VEHICLE\u2019S AIR CONDITIONING SYSTEM<\/h3>\n<ul>\n<li>To quickly cool and dehumidify the passenger compartment, you should set the controls as follows: Air vent open \u2013 Cold air \u2013 Fresh air \u2013 A\/C on \u2013 Fan on high.<\/li>\n<li>After 5 minutes or so, reset the controls to: Air vent open to your liking \u2013 Temperature to your liking \u2013 Fresh air \u2013 A\/C on \u2013 Fan on low.<\/li>\n<li>To quickly defrost your vehicle, you should set the controls as follows: Defrost on \u2013 Hot air \u2013 Re-circulated air \u2013 A\/C on \u2013 Fan on high.<\/li>\n<li>The A\/C system should be checked periodically for leaks. This system remains sealed through a small amount of oil circulating through it that keeps the seals flexible and effective. Infrequent use of the A\/C system causes leaks to develop as the seals dry up and crack. Therefore, as a prevention measure, you should run the A\/C system for at least several minutes weekly, year-round.<\/li>\n<li>Freon does not require periodic changing.<\/li>\n<\/ul>\n<p>[\/et_pb_text][\/et_pb_column][\/et_pb_row][\/et_pb_section][et_pb_section fb_built=&#8221;1&#8243; _builder_version=&#8221;4.9.4&#8243; _module_preset=&#8221;default&#8221; background_color=&#8221;#FFFFFF&#8221; custom_padding=&#8221;||90px||false|false&#8221;][et_pb_row _builder_version=&#8221;4.9.2&#8243; _module_preset=&#8221;default&#8221; background_color=&#8221;RGBA(0,0,0,0)&#8221; custom_margin=&#8221;45px||||false|false&#8221;][et_pb_column type=&#8221;4_4&#8243; _builder_version=&#8221;4.9.2&#8243; _module_preset=&#8221;default&#8221;][et_pb_text admin_label=&#8221;Conclusion&#8221; _builder_version=&#8221;4.9.4&#8243; _module_preset=&#8221;default&#8221; text_font=&#8221;Barlow Semi Condensed||||||||&#8221; text_font_size=&#8221;24px&#8221; text_line_height=&#8221;1.3em&#8221; header_2_font_size=&#8221;24px&#8221; background_color=&#8221;RGBA(0,0,0,0)&#8221; text_orientation=&#8221;center&#8221;]<\/p>\n<h1>You noticed an unusual noise coming from your air conditioning?<\/h1>\n<p>The air output is not cool enough? Our auto technicians have the expertise required to check and repair your A\/C system!<\/p>\n<p>[\/et_pb_text][et_pb_button button_url=&#8221;@ET-DC@eyJkeW5hbWljIjp0cnVlLCJjb250ZW50IjoicG9zdF9saW5rX3VybF9wYWdlIiwic2V0dGluZ3MiOnsicG9zdF9pZCI6Ijk0NTY3In19@&#8221; button_text=&#8221;REQUEST A PRICE ONLINE &#8221; button_alignment=&#8221;center&#8221; _builder_version=&#8221;4.9.4&#8243; _dynamic_attributes=&#8221;button_url&#8221; _module_preset=&#8221;default&#8221;][\/et_pb_button][\/et_pb_column][\/et_pb_row][\/et_pb_section]<\/p>\n","protected":false},"excerpt":{"rendered":"<p>AUTO REPAIRS \u2013 Air ConditioningWant to get an estimate of the cost for having your car\u2019s air conditioning checked or repaired?AIR CONDITIONING PROVIDES YOU WITH A COMFORTABLE, COOL AND DRY ENVIRONMENT Air conditioning has become a standard feature in all recent vehicle models. At Autotech Performance, our technicians can perform all regular maintenance and repair [&hellip;]<\/p>\n","protected":false},"author":3,"featured_media":0,"parent":97272,"menu_order":40,"comment_status":"closed","ping_status":"closed","template":"","meta":{"_et_pb_use_builder":"on","_et_pb_old_content":"","_et_gb_content_width":"","footnotes":""},"class_list":["post-97304","page","type-page","status-publish","hentry"],"yoast_head":"<!-- This site is optimized with the Yoast SEO plugin v27.3 - https:\/\/yoast.com\/product\/yoast-seo-wordpress\/ -->\n<title>Air Conditioning - Autotech<\/title>\n<meta name=\"robots\" content=\"index, follow, max-snippet:-1, max-image-preview:large, max-video-preview:-1\" \/>\n<link rel=\"canonical\" href=\"https:\/\/westislandgarage.com\/en\/services\/auto-repairs\/air-conditioning\/\" \/>\n<meta property=\"og:locale\" content=\"en_US\" \/>\n<meta property=\"og:type\" content=\"article\" \/>\n<meta property=\"og:title\" content=\"Air Conditioning - Autotech\" \/>\n<meta property=\"og:description\" content=\"AUTO REPAIRS \u2013 Air ConditioningWant to get an estimate of the cost for having your car\u2019s air conditioning checked or repaired?AIR CONDITIONING PROVIDES YOU WITH A COMFORTABLE, COOL AND DRY ENVIRONMENT Air conditioning has become a standard feature in all recent vehicle models. At Autotech Performance, our technicians can perform all regular maintenance and repair [&hellip;]\" \/>\n<meta property=\"og:url\" content=\"https:\/\/westislandgarage.com\/en\/services\/auto-repairs\/air-conditioning\/\" \/>\n<meta property=\"og:site_name\" content=\"Autotech\" \/>\n<meta property=\"article:publisher\" content=\"https:\/\/www.facebook.com\/Autotech-Performance-inc-273553479384265\/\" \/>\n<meta property=\"article:modified_time\" content=\"2021-07-08T19:28:32+00:00\" \/>\n<meta name=\"twitter:card\" content=\"summary_large_image\" \/>\n<meta name=\"twitter:label1\" content=\"Est. reading time\" \/>\n\t<meta name=\"twitter:data1\" content=\"10 minutes\" \/>\n<script type=\"application\/ld+json\" class=\"yoast-schema-graph\">{\"@context\":\"https:\\\/\\\/schema.org\",\"@graph\":[{\"@type\":\"WebPage\",\"@id\":\"https:\\\/\\\/westislandgarage.com\\\/en\\\/services\\\/auto-repairs\\\/air-conditioning\\\/\",\"url\":\"https:\\\/\\\/westislandgarage.com\\\/en\\\/services\\\/auto-repairs\\\/air-conditioning\\\/\",\"name\":\"Air Conditioning - Autotech\",\"isPartOf\":{\"@id\":\"https:\\\/\\\/westislandgarage.com\\\/#website\"},\"datePublished\":\"2021-06-10T19:40:14+00:00\",\"dateModified\":\"2021-07-08T19:28:32+00:00\",\"breadcrumb\":{\"@id\":\"https:\\\/\\\/westislandgarage.com\\\/en\\\/services\\\/auto-repairs\\\/air-conditioning\\\/#breadcrumb\"},\"inLanguage\":\"en-US\",\"potentialAction\":[{\"@type\":\"ReadAction\",\"target\":[\"https:\\\/\\\/westislandgarage.com\\\/en\\\/services\\\/auto-repairs\\\/air-conditioning\\\/\"]}]},{\"@type\":\"BreadcrumbList\",\"@id\":\"https:\\\/\\\/westislandgarage.com\\\/en\\\/services\\\/auto-repairs\\\/air-conditioning\\\/#breadcrumb\",\"itemListElement\":[{\"@type\":\"ListItem\",\"position\":1,\"name\":\"Accueil\",\"item\":\"https:\\\/\\\/westislandgarage.com\\\/en\\\/home\\\/\"},{\"@type\":\"ListItem\",\"position\":2,\"name\":\"Services\",\"item\":\"https:\\\/\\\/westislandgarage.com\\\/en\\\/services\\\/\"},{\"@type\":\"ListItem\",\"position\":3,\"name\":\"Auto Repairs\",\"item\":\"https:\\\/\\\/westislandgarage.com\\\/en\\\/services\\\/auto-repairs\\\/\"},{\"@type\":\"ListItem\",\"position\":4,\"name\":\"Air Conditioning\"}]},{\"@type\":\"WebSite\",\"@id\":\"https:\\\/\\\/westislandgarage.com\\\/#website\",\"url\":\"https:\\\/\\\/westislandgarage.com\\\/\",\"name\":\"Autotech\",\"description\":\"CAA Quebec Certified Mechanic Auto Repair Shop - Montreal West Island\",\"publisher\":{\"@id\":\"https:\\\/\\\/westislandgarage.com\\\/#organization\"},\"potentialAction\":[{\"@type\":\"SearchAction\",\"target\":{\"@type\":\"EntryPoint\",\"urlTemplate\":\"https:\\\/\\\/westislandgarage.com\\\/?s={search_term_string}\"},\"query-input\":{\"@type\":\"PropertyValueSpecification\",\"valueRequired\":true,\"valueName\":\"search_term_string\"}}],\"inLanguage\":\"en-US\"},{\"@type\":\"Organization\",\"@id\":\"https:\\\/\\\/westislandgarage.com\\\/#organization\",\"name\":\"Autotech Performance\",\"url\":\"https:\\\/\\\/westislandgarage.com\\\/\",\"logo\":{\"@type\":\"ImageObject\",\"inLanguage\":\"en-US\",\"@id\":\"https:\\\/\\\/westislandgarage.com\\\/#\\\/schema\\\/logo\\\/image\\\/\",\"url\":\"https:\\\/\\\/westislandgarage.com\\\/wp-content\\\/uploads\\\/2021\\\/05\\\/autotech-logo-small.png\",\"contentUrl\":\"https:\\\/\\\/westislandgarage.com\\\/wp-content\\\/uploads\\\/2021\\\/05\\\/autotech-logo-small.png\",\"width\":165,\"height\":79,\"caption\":\"Autotech Performance\"},\"image\":{\"@id\":\"https:\\\/\\\/westislandgarage.com\\\/#\\\/schema\\\/logo\\\/image\\\/\"},\"sameAs\":[\"https:\\\/\\\/www.facebook.com\\\/Autotech-Performance-inc-273553479384265\\\/\"]}]}<\/script>\n<!-- \/ Yoast SEO plugin. -->","yoast_head_json":{"title":"Air Conditioning - Autotech","robots":{"index":"index","follow":"follow","max-snippet":"max-snippet:-1","max-image-preview":"max-image-preview:large","max-video-preview":"max-video-preview:-1"},"canonical":"https:\/\/westislandgarage.com\/en\/services\/auto-repairs\/air-conditioning\/","og_locale":"en_US","og_type":"article","og_title":"Air Conditioning - Autotech","og_description":"AUTO REPAIRS \u2013 Air ConditioningWant to get an estimate of the cost for having your car\u2019s air conditioning checked or repaired?AIR CONDITIONING PROVIDES YOU WITH A COMFORTABLE, COOL AND DRY ENVIRONMENT Air conditioning has become a standard feature in all recent vehicle models. At Autotech Performance, our technicians can perform all regular maintenance and repair [&hellip;]","og_url":"https:\/\/westislandgarage.com\/en\/services\/auto-repairs\/air-conditioning\/","og_site_name":"Autotech","article_publisher":"https:\/\/www.facebook.com\/Autotech-Performance-inc-273553479384265\/","article_modified_time":"2021-07-08T19:28:32+00:00","twitter_card":"summary_large_image","twitter_misc":{"Est. reading time":"10 minutes"},"schema":{"@context":"https:\/\/schema.org","@graph":[{"@type":"WebPage","@id":"https:\/\/westislandgarage.com\/en\/services\/auto-repairs\/air-conditioning\/","url":"https:\/\/westislandgarage.com\/en\/services\/auto-repairs\/air-conditioning\/","name":"Air Conditioning - Autotech","isPartOf":{"@id":"https:\/\/westislandgarage.com\/#website"},"datePublished":"2021-06-10T19:40:14+00:00","dateModified":"2021-07-08T19:28:32+00:00","breadcrumb":{"@id":"https:\/\/westislandgarage.com\/en\/services\/auto-repairs\/air-conditioning\/#breadcrumb"},"inLanguage":"en-US","potentialAction":[{"@type":"ReadAction","target":["https:\/\/westislandgarage.com\/en\/services\/auto-repairs\/air-conditioning\/"]}]},{"@type":"BreadcrumbList","@id":"https:\/\/westislandgarage.com\/en\/services\/auto-repairs\/air-conditioning\/#breadcrumb","itemListElement":[{"@type":"ListItem","position":1,"name":"Accueil","item":"https:\/\/westislandgarage.com\/en\/home\/"},{"@type":"ListItem","position":2,"name":"Services","item":"https:\/\/westislandgarage.com\/en\/services\/"},{"@type":"ListItem","position":3,"name":"Auto Repairs","item":"https:\/\/westislandgarage.com\/en\/services\/auto-repairs\/"},{"@type":"ListItem","position":4,"name":"Air Conditioning"}]},{"@type":"WebSite","@id":"https:\/\/westislandgarage.com\/#website","url":"https:\/\/westislandgarage.com\/","name":"Autotech","description":"CAA Quebec Certified Mechanic Auto Repair Shop - Montreal West Island","publisher":{"@id":"https:\/\/westislandgarage.com\/#organization"},"potentialAction":[{"@type":"SearchAction","target":{"@type":"EntryPoint","urlTemplate":"https:\/\/westislandgarage.com\/?s={search_term_string}"},"query-input":{"@type":"PropertyValueSpecification","valueRequired":true,"valueName":"search_term_string"}}],"inLanguage":"en-US"},{"@type":"Organization","@id":"https:\/\/westislandgarage.com\/#organization","name":"Autotech Performance","url":"https:\/\/westislandgarage.com\/","logo":{"@type":"ImageObject","inLanguage":"en-US","@id":"https:\/\/westislandgarage.com\/#\/schema\/logo\/image\/","url":"https:\/\/westislandgarage.com\/wp-content\/uploads\/2021\/05\/autotech-logo-small.png","contentUrl":"https:\/\/westislandgarage.com\/wp-content\/uploads\/2021\/05\/autotech-logo-small.png","width":165,"height":79,"caption":"Autotech Performance"},"image":{"@id":"https:\/\/westislandgarage.com\/#\/schema\/logo\/image\/"},"sameAs":["https:\/\/www.facebook.com\/Autotech-Performance-inc-273553479384265\/"]}]}},"_links":{"self":[{"href":"https:\/\/westislandgarage.com\/en\/wp-json\/wp\/v2\/pages\/97304","targetHints":{"allow":["GET"]}}],"collection":[{"href":"https:\/\/westislandgarage.com\/en\/wp-json\/wp\/v2\/pages"}],"about":[{"href":"https:\/\/westislandgarage.com\/en\/wp-json\/wp\/v2\/types\/page"}],"author":[{"embeddable":true,"href":"https:\/\/westislandgarage.com\/en\/wp-json\/wp\/v2\/users\/3"}],"replies":[{"embeddable":true,"href":"https:\/\/westislandgarage.com\/en\/wp-json\/wp\/v2\/comments?post=97304"}],"version-history":[{"count":5,"href":"https:\/\/westislandgarage.com\/en\/wp-json\/wp\/v2\/pages\/97304\/revisions"}],"predecessor-version":[{"id":97800,"href":"https:\/\/westislandgarage.com\/en\/wp-json\/wp\/v2\/pages\/97304\/revisions\/97800"}],"up":[{"embeddable":true,"href":"https:\/\/westislandgarage.com\/en\/wp-json\/wp\/v2\/pages\/97272"}],"wp:attachment":[{"href":"https:\/\/westislandgarage.com\/en\/wp-json\/wp\/v2\/media?parent=97304"}],"curies":[{"name":"wp","href":"https:\/\/api.w.org\/{rel}","templated":true}]}}