{"id":97275,"date":"2021-06-10T14:47:47","date_gmt":"2021-06-10T18:47:47","guid":{"rendered":"https:\/\/autotech.acxcomdev.com\/services\/auto-repairs\/exhaust-system\/"},"modified":"2021-06-10T14:58:34","modified_gmt":"2021-06-10T18:58:34","slug":"exhaust-system","status":"publish","type":"page","link":"https:\/\/westislandgarage.com\/en\/services\/auto-repairs\/exhaust-system\/","title":{"rendered":"Exhaust System"},"content":{"rendered":"<p>[et_pb_section fb_built=&#8221;1&#8243; admin_label=&#8221;Section titre&#8221; _builder_version=&#8221;4.9.2&#8243; _module_preset=&#8221;default&#8221; background_color=&#8221;RGBA(0,0,0,0)&#8221; custom_padding=&#8221;0px||0px||false|false&#8221; locked=&#8221;off&#8221; collapsed=&#8221;off&#8221;][et_pb_row _builder_version=&#8221;4.9.2&#8243; _module_preset=&#8221;default&#8221; custom_padding=&#8221;30px||10px||false|false&#8221;][et_pb_column type=&#8221;4_4&#8243; _builder_version=&#8221;4.9.2&#8243; _module_preset=&#8221;default&#8221;][et_pb_text admin_label=&#8221;Titre de la page&#8221; _builder_version=&#8221;4.9.4&#8243; _module_preset=&#8221;default&#8221; header_text_align=&#8221;center&#8221; header_text_color=&#8221;#DB0000&#8243; header_font_size_tablet=&#8221;36px&#8221; header_font_size_phone=&#8221;24px&#8221; header_font_size_last_edited=&#8221;on|phone&#8221;]<\/p>\n<h1>AUTO REPAIRS \u2013 Exhaust System<\/h1>\n<p>[\/et_pb_text][\/et_pb_column][\/et_pb_row][\/et_pb_section][et_pb_section fb_built=&#8221;1&#8243; disabled_on=&#8221;off|off|off&#8221; admin_label=&#8221;Section bandeau&#8221; _builder_version=&#8221;4.9.4&#8243; _module_preset=&#8221;default&#8221; background_color=&#8221;#000000&#8243; background_image=&#8221;https:\/\/westislandgarage.com\/wp-content\/uploads\/2021\/04\/reparation_auto.jpg&#8221; background_size=&#8221;initial&#8221; background_position=&#8221;bottom_center&#8221; custom_padding=&#8221;30px||180px||false|false&#8221; locked=&#8221;off&#8221; collapsed=&#8221;off&#8221;][et_pb_row _builder_version=&#8221;4.9.4&#8243; _module_preset=&#8221;default&#8221; custom_margin=&#8221;30px||||false|false&#8221;][et_pb_column type=&#8221;4_4&#8243; _builder_version=&#8221;4.9.2&#8243; _module_preset=&#8221;default&#8221;][et_pb_text admin_label=&#8221;Vous voulez savoir combien co\u00fbte une v\u00e9rification ou une r\u00e9paration de votre syst\u00e8me d\u2019\u00e9chappement?&#8221; _builder_version=&#8221;4.9.4&#8243; _module_preset=&#8221;default&#8221; header_text_align=&#8221;center&#8221; header_text_color=&#8221;#FFFFFF&#8221; header_font_size=&#8221;40px&#8221; header_2_text_align=&#8221;center&#8221; header_2_text_color=&#8221;#FFFFFF&#8221; header_2_font_size=&#8221;40px&#8221; header_font_size_tablet=&#8221;36px&#8221; header_font_size_phone=&#8221;32px&#8221; header_font_size_last_edited=&#8221;on|phone&#8221;]<\/p>\n<h1>You want to know how much a check-up or repair of your exhaust system costs?<\/h1>\n<p>[\/et_pb_text][et_pb_button button_url=&#8221;@ET-DC@eyJkeW5hbWljIjp0cnVlLCJjb250ZW50IjoicG9zdF9saW5rX3VybF9wYWdlIiwic2V0dGluZ3MiOnsicG9zdF9pZCI6Ijk0NTY3In19@&#8221; button_text=&#8221;REQUEST A PRICE ONLINE&#8221; button_alignment=&#8221;center&#8221; _builder_version=&#8221;4.9.4&#8243; _dynamic_attributes=&#8221;button_url&#8221; _module_preset=&#8221;default&#8221;][\/et_pb_button][\/et_pb_column][\/et_pb_row][\/et_pb_section][et_pb_section fb_built=&#8221;1&#8243; admin_label=&#8221;Section sous-menu&#8221; _builder_version=&#8221;4.9.2&#8243; _module_preset=&#8221;default&#8221; background_color=&#8221;#FFFFFF&#8221; custom_padding=&#8221;0px||0px||false|false&#8221; sticky_position=&#8221;top&#8221; box_shadow_style=&#8221;preset3&#8243; box_shadow_color=&#8221;rgba(0,0,0,0.2)&#8221; locked=&#8221;on&#8221; collapsed=&#8221;on&#8221;][et_pb_row _builder_version=&#8221;4.9.2&#8243; _module_preset=&#8221;default&#8221;][et_pb_column type=&#8221;4_4&#8243; _builder_version=&#8221;4.9.2&#8243; _module_preset=&#8221;default&#8221;]<\/p>\n<p>[et_pb_menu menu_id=&#8221;21635&#8243; menu_style=&#8221;centered&#8221; active_link_color=&#8221;#DB0000&#8243; admin_label=&#8221;Menu de sous-section&#8221; module_class=&#8221;sub-page-menu&#8221; _builder_version=&#8221;4.9.4&#8243; _module_preset=&#8221;default&#8221; menu_font=&#8221;Barlow Semi Condensed|600||on|||||&#8221; menu_text_color=&#8221;#3F3F3F&#8221; menu_font_size=&#8221;16px&#8221;][\/et_pb_menu]<\/p>\n<p>[\/et_pb_column][\/et_pb_row][\/et_pb_section][et_pb_section fb_built=&#8221;1&#8243; _builder_version=&#8221;4.9.2&#8243; _module_preset=&#8221;default&#8221; background_color=&#8221;#F1F1F1&#8243;][et_pb_row _builder_version=&#8221;4.9.2&#8243; _module_preset=&#8221;default&#8221;][et_pb_column type=&#8221;4_4&#8243; _builder_version=&#8221;4.9.2&#8243; _module_preset=&#8221;default&#8221;][et_pb_text admin_label=&#8221;LE SYST\u00c8ME D\u2019\u00c9CHAPPEMEMENT&#8230;&#8221; _builder_version=&#8221;4.9.4&#8243; _module_preset=&#8221;default&#8221; header_2_font_size=&#8221;24px&#8221; custom_padding=&#8221;45px||||false|false&#8221;]<\/p>\n<h2>YOUR VEHICLE\u2019S EXHAUST SYSTEM IS AS IMPORTANT AS ALL THE OTHERS!<\/h2>\n<p>This system is not only designed to reduce noise, but also to neutralize environmentally harmful emissions. The exhaust system has two purposes: to reduce the noise caused by the hot gases produced by the engine and to neutralize their toxicity. It\u2019s thanks to this system that you can enjoy a silent, efficient and clean ride. And the system manages to do all this while precariously suspended from your vehicle\u2019s underside and being exposed to bad weather and all sorts of road conditions!<\/p>\n<p>[\/et_pb_text][\/et_pb_column][\/et_pb_row][et_pb_row use_custom_gutter=&#8221;on&#8221; gutter_width=&#8221;1&#8243; make_equal=&#8221;on&#8221; _builder_version=&#8221;4.9.2&#8243; _module_preset=&#8221;default&#8221; background_color=&#8221;#B70000&#8243; width=&#8221;100%&#8221; max_width=&#8221;100%&#8221; module_alignment=&#8221;center&#8221; custom_margin=&#8221;45px||||false|false&#8221; custom_padding=&#8221;0px||0px||false|false&#8221;][et_pb_column type=&#8221;4_4&#8243; _builder_version=&#8221;4.9.2&#8243; _module_preset=&#8221;default&#8221; background_color=&#8221;RGBA(0,0,0,0)&#8221; custom_padding=&#8221;60px||45px||false|false&#8221;][et_pb_image src=&#8221;https:\/\/westislandgarage.com\/wp-content\/uploads\/2021\/05\/alerte.png&#8221; title_text=&#8221;alerte&#8221; _builder_version=&#8221;4.9.4&#8243; _module_preset=&#8221;default&#8221; width=&#8221;80%&#8221; max_width=&#8221;1080px&#8221; module_alignment=&#8221;center&#8221;][\/et_pb_image][et_pb_text admin_label=&#8221;Signes d&#8217;ennuis potentiels li\u00e9s au syst\u00e8me d&#8217;\u00e9chappement&#8221; module_class=&#8221;check-bullet-list&#8221; _builder_version=&#8221;4.9.4&#8243; _module_preset=&#8221;default&#8221; text_font=&#8221;Barlow Semi Condensed||||||||&#8221; text_text_color=&#8221;#FFFFFF&#8221; text_font_size=&#8221;22px&#8221; text_line_height=&#8221;1.3em&#8221; header_2_font_size=&#8221;24px&#8221; header_4_text_color=&#8221;#FFFFFF&#8221; width=&#8221;80%&#8221; max_width=&#8221;1080px&#8221; module_alignment=&#8221;center&#8221; custom_padding=&#8221;30px||||false|false&#8221;]<\/p>\n<h4>SIGNS OF POTENTIAL ISSUES RELATED TO THE EXHAUST SYSTEM<\/h4>\n<ul>\n<li>The engine doesn\u2019t run smoothly<\/li>\n<li>Fuel efficiency is low<\/li>\n<li>Exhaust noise is loud, parts of the system are corroded and pierced<\/li>\n<li>Engine has low power<\/li>\n<li>There\u2019s a rotten egg smell<\/li>\n<li>Parts of the exhaust system hang too low<\/li>\n<\/ul>\n<p>[\/et_pb_text][\/et_pb_column][\/et_pb_row][et_pb_row custom_padding_last_edited=&#8221;on|desktop&#8221; _builder_version=&#8221;4.9.4&#8243; _module_preset=&#8221;default&#8221; background_color=&#8221;#FFFFFF&#8221; width=&#8221;100%&#8221; max_width=&#8221;100%&#8221; custom_padding=&#8221;10px|10%||10%|false|false&#8221; custom_padding_tablet=&#8221;|10%|15px|10%|false|false&#8221; custom_padding_phone=&#8221;&#8221;][et_pb_column type=&#8221;4_4&#8243; _builder_version=&#8221;4.9.2&#8243; _module_preset=&#8221;default&#8221;][et_pb_text admin_label=&#8221;Prenez rendez-vous&#8230;&#8221; _builder_version=&#8221;4.9.4&#8243; _module_preset=&#8221;default&#8221; text_font=&#8221;Barlow Semi Condensed||||||||&#8221; text_font_size=&#8221;32px&#8221; text_line_height=&#8221;1.3em&#8221; text_orientation=&#8221;center&#8221; text_font_size_tablet=&#8221;28px&#8221; text_font_size_phone=&#8221;&#8221; text_font_size_last_edited=&#8221;on|tablet&#8221;]<\/p>\n<p>Have you noticed one or more of these issues on your vehicle? For a silent ride that complies with environmental standards, <a href=\"https:\/\/westislandgarage.com\/en\/appointement\/\"><strong>book an appointment<\/strong><\/a> with our experts now.<\/p>\n<p>[\/et_pb_text][\/et_pb_column][\/et_pb_row][et_pb_row column_structure=&#8221;3_5,2_5&#8243; _builder_version=&#8221;4.9.2&#8243; _module_preset=&#8221;default&#8221;][et_pb_column type=&#8221;3_5&#8243; _builder_version=&#8221;4.9.2&#8243; _module_preset=&#8221;default&#8221;][et_pb_text admin_label=&#8221;APPRENEZ-EN PLUS&#8230;&#8221; _builder_version=&#8221;4.9.4&#8243; _module_preset=&#8221;default&#8221; header_2_font_size=&#8221;24px&#8221; header_3_font_size=&#8221;20px&#8221; custom_padding=&#8221;45px||||false|false&#8221;]<\/p>\n<h2>LEARN MORE ABOUT THE EXHAUST SYSTEM<\/h2>\n<h3>THE MAIN COMPONENTS OF THE EXHAUST SYSTEM<\/h3>\n<ul>\n<li>Exhaust manifold<\/li>\n<li>Catalytic converter<\/li>\n<li>Oxygen sensor<\/li>\n<li>Muffler<\/li>\n<li>Helmholtz tuning chambers<\/li>\n<\/ul>\n<p>[\/et_pb_text][\/et_pb_column][et_pb_column type=&#8221;2_5&#8243; _builder_version=&#8221;4.9.2&#8243; _module_preset=&#8221;default&#8221;][et_pb_image src=&#8221;https:\/\/westislandgarage.com\/wp-content\/uploads\/2021\/05\/muffler.jpg&#8221; title_text=&#8221;muffler&#8221; align=&#8221;center&#8221; _builder_version=&#8221;4.9.4&#8243; _module_preset=&#8221;default&#8221; custom_padding=&#8221;45px||||false|false&#8221;][\/et_pb_image][\/et_pb_column][\/et_pb_row][et_pb_row _builder_version=&#8221;4.9.2&#8243; _module_preset=&#8221;default&#8221;][et_pb_column type=&#8221;4_4&#8243; _builder_version=&#8221;4.9.2&#8243; _module_preset=&#8221;default&#8221;][et_pb_text admin_label=&#8221;COMMENT FONCTIONNE LE SYST\u00c8ME D\u2019\u00c9CHAPPEMENT?&#8221; _builder_version=&#8221;4.9.4&#8243; _module_preset=&#8221;default&#8221; header_2_font_size=&#8221;24px&#8221; header_3_font_size=&#8221;20px&#8221; custom_padding=&#8221;45px||||false|false&#8221;]<\/p>\n<h3>HOW DOES THE EXHAUST SYSTEM WORK?<\/h3>\n<p>The exhaust system starts at the front of your vehicle, right behind the engine.<\/p>\n<p>The exhaust manifold is connected to the cylinder head and collects the engine\u2019s exhaust gases. It also reduces combustion noise and transfers heat downstream\u2014toward the rear of the vehicle\u2014to promote the oxidation of unburned hydrocarbons and carbon monoxide. The emissions control process is therefore initiated within the exhaust manifold.<\/p>\n<p>Then, the exhaust gases reach the catalytic converter located further down the system. This device is designed to convert the toxic exhaust gases (carbon monoxide, nitrogen oxide and hydrocarbons) into harmless carbon dioxide and water vapour through a chemical reaction involving platinum and palladium catalysts. Unleaded gasoline must be used in vehicles equipped with a catalytic converter to prevent lead from coating the catalysts and rendering them ineffective.<\/p>\n<p>The oxygen sensor detects the oxygen content within the exhaust stream, which is in turn read by the electronic control unit (ECU) that constantly adjusts the fuel\/air ratio to maintain optimal levels. As the values of several variables (RPM, engine temperature, air temperature and coolant temperature, among others) are constantly changing, the oxygen sensor is an essential component that optimizes your vehicle\u2019s efficiency and performance.<\/p>\n<p>Engine noise is the result of a collection of firing frequencies with a wide range of noises caused by the resonance of various components. The muffler silences the exhaust by channelling it through compartments called Helmholtz tuning chambers. These resonating chambers are specifically tuned to cause destructive interference, meaning that the various sound waves cancel each other out.<\/p>\n<p>Having gone through the entire exhaust system, the exhaust gases\u2019 temperature, pressure, toxicity and noise are significantly reduced when they exit the tail pipe.<\/p>\n<p>[\/et_pb_text][\/et_pb_column][\/et_pb_row][\/et_pb_section][et_pb_section fb_built=&#8221;1&#8243; _builder_version=&#8221;4.9.4&#8243; _module_preset=&#8221;default&#8221; background_color=&#8221;#FFFFFF&#8221; custom_padding=&#8221;||90px||false|false&#8221;][et_pb_row _builder_version=&#8221;4.9.2&#8243; _module_preset=&#8221;default&#8221; background_color=&#8221;RGBA(0,0,0,0)&#8221; custom_margin=&#8221;45px||||false|false&#8221;][et_pb_column type=&#8221;4_4&#8243; _builder_version=&#8221;4.9.2&#8243; _module_preset=&#8221;default&#8221;][et_pb_text admin_label=&#8221;Conclusion&#8221; _builder_version=&#8221;4.9.4&#8243; _module_preset=&#8221;default&#8221; text_font=&#8221;Barlow Semi Condensed||||||||&#8221; text_font_size=&#8221;24px&#8221; text_line_height=&#8221;1.3em&#8221; header_2_font_size=&#8221;24px&#8221; background_color=&#8221;RGBA(0,0,0,0)&#8221; text_orientation=&#8221;center&#8221;]<\/p>\n<h1>Is your exhaust pipe giving off an unusual smell?<\/h1>\n<p>It\u2019s important to have your exhaust system checked at least once a year. The technicians at Autotech Performance will be happy to do it for you!<\/p>\n<p>[\/et_pb_text][et_pb_button button_url=&#8221;@ET-DC@eyJkeW5hbWljIjp0cnVlLCJjb250ZW50IjoicG9zdF9saW5rX3VybF9wYWdlIiwic2V0dGluZ3MiOnsicG9zdF9pZCI6Ijk1OTQ5In19@&#8221; button_text=&#8221;MAKE AN APPOINTMENT WITH OUR EXPERTS &#8221; button_alignment=&#8221;center&#8221; _builder_version=&#8221;4.9.4&#8243; _dynamic_attributes=&#8221;button_url&#8221; _module_preset=&#8221;default&#8221;][\/et_pb_button][\/et_pb_column][\/et_pb_row][\/et_pb_section]<\/p>\n","protected":false},"excerpt":{"rendered":"<p>AUTO REPAIRS \u2013 Exhaust SystemYou want to know how much a check-up or repair of your exhaust system costs?YOUR VEHICLE\u2019S EXHAUST SYSTEM IS AS IMPORTANT AS ALL THE OTHERS! This system is not only designed to reduce noise, but also to neutralize environmentally harmful emissions. The exhaust system has two purposes: to reduce the noise [&hellip;]<\/p>\n","protected":false},"author":3,"featured_media":0,"parent":97272,"menu_order":10,"comment_status":"closed","ping_status":"closed","template":"","meta":{"_et_pb_use_builder":"on","_et_pb_old_content":"","_et_gb_content_width":"","footnotes":""},"class_list":["post-97275","page","type-page","status-publish","hentry"],"yoast_head":"<!-- This site is optimized with the Yoast SEO plugin v27.3 - https:\/\/yoast.com\/product\/yoast-seo-wordpress\/ -->\n<title>Exhaust System - Autotech<\/title>\n<meta name=\"robots\" content=\"index, follow, max-snippet:-1, max-image-preview:large, max-video-preview:-1\" \/>\n<link rel=\"canonical\" href=\"https:\/\/westislandgarage.com\/en\/services\/auto-repairs\/exhaust-system\/\" \/>\n<meta property=\"og:locale\" content=\"en_US\" \/>\n<meta property=\"og:type\" content=\"article\" \/>\n<meta property=\"og:title\" content=\"Exhaust System - Autotech\" \/>\n<meta property=\"og:description\" content=\"AUTO REPAIRS \u2013 Exhaust SystemYou want to know how much a check-up or repair of your exhaust system costs?YOUR VEHICLE\u2019S EXHAUST SYSTEM IS AS IMPORTANT AS ALL THE OTHERS! This system is not only designed to reduce noise, but also to neutralize environmentally harmful emissions. The exhaust system has two purposes: to reduce the noise [&hellip;]\" \/>\n<meta property=\"og:url\" content=\"https:\/\/westislandgarage.com\/en\/services\/auto-repairs\/exhaust-system\/\" \/>\n<meta property=\"og:site_name\" content=\"Autotech\" \/>\n<meta property=\"article:publisher\" content=\"https:\/\/www.facebook.com\/Autotech-Performance-inc-273553479384265\/\" \/>\n<meta property=\"article:modified_time\" content=\"2021-06-10T18:58:34+00:00\" \/>\n<meta name=\"twitter:card\" content=\"summary_large_image\" \/>\n<meta name=\"twitter:label1\" content=\"Est. reading time\" \/>\n\t<meta name=\"twitter:data1\" content=\"8 minutes\" \/>\n<script type=\"application\/ld+json\" class=\"yoast-schema-graph\">{\"@context\":\"https:\\\/\\\/schema.org\",\"@graph\":[{\"@type\":\"WebPage\",\"@id\":\"https:\\\/\\\/westislandgarage.com\\\/en\\\/services\\\/auto-repairs\\\/exhaust-system\\\/\",\"url\":\"https:\\\/\\\/westislandgarage.com\\\/en\\\/services\\\/auto-repairs\\\/exhaust-system\\\/\",\"name\":\"Exhaust System - Autotech\",\"isPartOf\":{\"@id\":\"https:\\\/\\\/westislandgarage.com\\\/#website\"},\"datePublished\":\"2021-06-10T18:47:47+00:00\",\"dateModified\":\"2021-06-10T18:58:34+00:00\",\"breadcrumb\":{\"@id\":\"https:\\\/\\\/westislandgarage.com\\\/en\\\/services\\\/auto-repairs\\\/exhaust-system\\\/#breadcrumb\"},\"inLanguage\":\"en-US\",\"potentialAction\":[{\"@type\":\"ReadAction\",\"target\":[\"https:\\\/\\\/westislandgarage.com\\\/en\\\/services\\\/auto-repairs\\\/exhaust-system\\\/\"]}]},{\"@type\":\"BreadcrumbList\",\"@id\":\"https:\\\/\\\/westislandgarage.com\\\/en\\\/services\\\/auto-repairs\\\/exhaust-system\\\/#breadcrumb\",\"itemListElement\":[{\"@type\":\"ListItem\",\"position\":1,\"name\":\"Accueil\",\"item\":\"https:\\\/\\\/westislandgarage.com\\\/en\\\/home\\\/\"},{\"@type\":\"ListItem\",\"position\":2,\"name\":\"Services\",\"item\":\"https:\\\/\\\/westislandgarage.com\\\/en\\\/services\\\/\"},{\"@type\":\"ListItem\",\"position\":3,\"name\":\"Auto Repairs\",\"item\":\"https:\\\/\\\/westislandgarage.com\\\/en\\\/services\\\/auto-repairs\\\/\"},{\"@type\":\"ListItem\",\"position\":4,\"name\":\"Exhaust System\"}]},{\"@type\":\"WebSite\",\"@id\":\"https:\\\/\\\/westislandgarage.com\\\/#website\",\"url\":\"https:\\\/\\\/westislandgarage.com\\\/\",\"name\":\"Autotech\",\"description\":\"CAA Quebec Certified Mechanic Auto Repair Shop - Montreal West Island\",\"publisher\":{\"@id\":\"https:\\\/\\\/westislandgarage.com\\\/#organization\"},\"potentialAction\":[{\"@type\":\"SearchAction\",\"target\":{\"@type\":\"EntryPoint\",\"urlTemplate\":\"https:\\\/\\\/westislandgarage.com\\\/?s={search_term_string}\"},\"query-input\":{\"@type\":\"PropertyValueSpecification\",\"valueRequired\":true,\"valueName\":\"search_term_string\"}}],\"inLanguage\":\"en-US\"},{\"@type\":\"Organization\",\"@id\":\"https:\\\/\\\/westislandgarage.com\\\/#organization\",\"name\":\"Autotech Performance\",\"url\":\"https:\\\/\\\/westislandgarage.com\\\/\",\"logo\":{\"@type\":\"ImageObject\",\"inLanguage\":\"en-US\",\"@id\":\"https:\\\/\\\/westislandgarage.com\\\/#\\\/schema\\\/logo\\\/image\\\/\",\"url\":\"https:\\\/\\\/westislandgarage.com\\\/wp-content\\\/uploads\\\/2021\\\/05\\\/autotech-logo-small.png\",\"contentUrl\":\"https:\\\/\\\/westislandgarage.com\\\/wp-content\\\/uploads\\\/2021\\\/05\\\/autotech-logo-small.png\",\"width\":165,\"height\":79,\"caption\":\"Autotech Performance\"},\"image\":{\"@id\":\"https:\\\/\\\/westislandgarage.com\\\/#\\\/schema\\\/logo\\\/image\\\/\"},\"sameAs\":[\"https:\\\/\\\/www.facebook.com\\\/Autotech-Performance-inc-273553479384265\\\/\"]}]}<\/script>\n<!-- \/ Yoast SEO plugin. -->","yoast_head_json":{"title":"Exhaust System - Autotech","robots":{"index":"index","follow":"follow","max-snippet":"max-snippet:-1","max-image-preview":"max-image-preview:large","max-video-preview":"max-video-preview:-1"},"canonical":"https:\/\/westislandgarage.com\/en\/services\/auto-repairs\/exhaust-system\/","og_locale":"en_US","og_type":"article","og_title":"Exhaust System - Autotech","og_description":"AUTO REPAIRS \u2013 Exhaust SystemYou want to know how much a check-up or repair of your exhaust system costs?YOUR VEHICLE\u2019S EXHAUST SYSTEM IS AS IMPORTANT AS ALL THE OTHERS! This system is not only designed to reduce noise, but also to neutralize environmentally harmful emissions. The exhaust system has two purposes: to reduce the noise [&hellip;]","og_url":"https:\/\/westislandgarage.com\/en\/services\/auto-repairs\/exhaust-system\/","og_site_name":"Autotech","article_publisher":"https:\/\/www.facebook.com\/Autotech-Performance-inc-273553479384265\/","article_modified_time":"2021-06-10T18:58:34+00:00","twitter_card":"summary_large_image","twitter_misc":{"Est. reading time":"8 minutes"},"schema":{"@context":"https:\/\/schema.org","@graph":[{"@type":"WebPage","@id":"https:\/\/westislandgarage.com\/en\/services\/auto-repairs\/exhaust-system\/","url":"https:\/\/westislandgarage.com\/en\/services\/auto-repairs\/exhaust-system\/","name":"Exhaust System - Autotech","isPartOf":{"@id":"https:\/\/westislandgarage.com\/#website"},"datePublished":"2021-06-10T18:47:47+00:00","dateModified":"2021-06-10T18:58:34+00:00","breadcrumb":{"@id":"https:\/\/westislandgarage.com\/en\/services\/auto-repairs\/exhaust-system\/#breadcrumb"},"inLanguage":"en-US","potentialAction":[{"@type":"ReadAction","target":["https:\/\/westislandgarage.com\/en\/services\/auto-repairs\/exhaust-system\/"]}]},{"@type":"BreadcrumbList","@id":"https:\/\/westislandgarage.com\/en\/services\/auto-repairs\/exhaust-system\/#breadcrumb","itemListElement":[{"@type":"ListItem","position":1,"name":"Accueil","item":"https:\/\/westislandgarage.com\/en\/home\/"},{"@type":"ListItem","position":2,"name":"Services","item":"https:\/\/westislandgarage.com\/en\/services\/"},{"@type":"ListItem","position":3,"name":"Auto Repairs","item":"https:\/\/westislandgarage.com\/en\/services\/auto-repairs\/"},{"@type":"ListItem","position":4,"name":"Exhaust System"}]},{"@type":"WebSite","@id":"https:\/\/westislandgarage.com\/#website","url":"https:\/\/westislandgarage.com\/","name":"Autotech","description":"CAA Quebec Certified Mechanic Auto Repair Shop - Montreal West Island","publisher":{"@id":"https:\/\/westislandgarage.com\/#organization"},"potentialAction":[{"@type":"SearchAction","target":{"@type":"EntryPoint","urlTemplate":"https:\/\/westislandgarage.com\/?s={search_term_string}"},"query-input":{"@type":"PropertyValueSpecification","valueRequired":true,"valueName":"search_term_string"}}],"inLanguage":"en-US"},{"@type":"Organization","@id":"https:\/\/westislandgarage.com\/#organization","name":"Autotech Performance","url":"https:\/\/westislandgarage.com\/","logo":{"@type":"ImageObject","inLanguage":"en-US","@id":"https:\/\/westislandgarage.com\/#\/schema\/logo\/image\/","url":"https:\/\/westislandgarage.com\/wp-content\/uploads\/2021\/05\/autotech-logo-small.png","contentUrl":"https:\/\/westislandgarage.com\/wp-content\/uploads\/2021\/05\/autotech-logo-small.png","width":165,"height":79,"caption":"Autotech Performance"},"image":{"@id":"https:\/\/westislandgarage.com\/#\/schema\/logo\/image\/"},"sameAs":["https:\/\/www.facebook.com\/Autotech-Performance-inc-273553479384265\/"]}]}},"_links":{"self":[{"href":"https:\/\/westislandgarage.com\/en\/wp-json\/wp\/v2\/pages\/97275","targetHints":{"allow":["GET"]}}],"collection":[{"href":"https:\/\/westislandgarage.com\/en\/wp-json\/wp\/v2\/pages"}],"about":[{"href":"https:\/\/westislandgarage.com\/en\/wp-json\/wp\/v2\/types\/page"}],"author":[{"embeddable":true,"href":"https:\/\/westislandgarage.com\/en\/wp-json\/wp\/v2\/users\/3"}],"replies":[{"embeddable":true,"href":"https:\/\/westislandgarage.com\/en\/wp-json\/wp\/v2\/comments?post=97275"}],"version-history":[{"count":4,"href":"https:\/\/westislandgarage.com\/en\/wp-json\/wp\/v2\/pages\/97275\/revisions"}],"predecessor-version":[{"id":97297,"href":"https:\/\/westislandgarage.com\/en\/wp-json\/wp\/v2\/pages\/97275\/revisions\/97297"}],"up":[{"embeddable":true,"href":"https:\/\/westislandgarage.com\/en\/wp-json\/wp\/v2\/pages\/97272"}],"wp:attachment":[{"href":"https:\/\/westislandgarage.com\/en\/wp-json\/wp\/v2\/media?parent=97275"}],"curies":[{"name":"wp","href":"https:\/\/api.w.org\/{rel}","templated":true}]}}