{"id":97272,"date":"2021-06-10T14:38:18","date_gmt":"2021-06-10T18:38:18","guid":{"rendered":"https:\/\/autotech.acxcomdev.com\/services\/auto-repairs\/"},"modified":"2021-06-10T14:38:19","modified_gmt":"2021-06-10T18:38:19","slug":"auto-repairs","status":"publish","type":"page","link":"https:\/\/westislandgarage.com\/en\/services\/auto-repairs\/","title":{"rendered":"Auto Repairs"},"content":{"rendered":"<p>[et_pb_section fb_built=&#8221;1&#8243; admin_label=&#8221;Section titre&#8221; _builder_version=&#8221;4.9.2&#8243; _module_preset=&#8221;default&#8221; background_color=&#8221;RGBA(0,0,0,0)&#8221; custom_padding=&#8221;0px||0px||false|false&#8221; locked=&#8221;off&#8221; collapsed=&#8221;off&#8221;][et_pb_row _builder_version=&#8221;4.9.2&#8243; _module_preset=&#8221;default&#8221; custom_padding=&#8221;30px||10px||false|false&#8221;][et_pb_column type=&#8221;4_4&#8243; _builder_version=&#8221;4.9.2&#8243; _module_preset=&#8221;default&#8221;][et_pb_text admin_label=&#8221;Titre de la page&#8221; _builder_version=&#8221;4.9.4&#8243; _module_preset=&#8221;default&#8221; header_text_align=&#8221;center&#8221; header_text_color=&#8221;#DB0000&#8243; header_font_size_tablet=&#8221;36px&#8221; header_font_size_phone=&#8221;24px&#8221; header_font_size_last_edited=&#8221;on|phone&#8221;]<\/p>\n<h1>AUTO REPAIRS \u2013 Inspection and Repairs<\/h1>\n<p>[\/et_pb_text][\/et_pb_column][\/et_pb_row][\/et_pb_section][et_pb_section fb_built=&#8221;1&#8243; admin_label=&#8221;Section bandeau&#8221; _builder_version=&#8221;4.9.4&#8243; _module_preset=&#8221;default&#8221; background_color=&#8221;#000000&#8243; background_image=&#8221;https:\/\/westislandgarage.com\/wp-content\/uploads\/2021\/04\/reparation_auto.jpg&#8221; background_size=&#8221;initial&#8221; background_position=&#8221;bottom_center&#8221; custom_padding=&#8221;30px||180px||false|false&#8221; locked=&#8221;off&#8221; collapsed=&#8221;off&#8221;][et_pb_row _builder_version=&#8221;4.9.2&#8243; _module_preset=&#8221;default&#8221;][et_pb_column type=&#8221;4_4&#8243; _builder_version=&#8221;4.9.2&#8243; _module_preset=&#8221;default&#8221;][et_pb_text admin_label=&#8221;Vous \u00eates \u00e0 la recherche de professionnels en m\u00e9canique automobile pour r\u00e9gler un probl\u00e8me avec votre v\u00e9hicule?&#8221; _builder_version=&#8221;4.9.4&#8243; _module_preset=&#8221;default&#8221; header_text_align=&#8221;center&#8221; header_text_color=&#8221;#FFFFFF&#8221; header_font_size=&#8221;40px&#8221; header_2_text_align=&#8221;center&#8221; header_2_text_color=&#8221;#FFFFFF&#8221; header_2_font_size=&#8221;40px&#8221; header_font_size_tablet=&#8221;36px&#8221; header_font_size_phone=&#8221;32px&#8221; header_font_size_last_edited=&#8221;on|tablet&#8221;]<\/p>\n<h1>Are you looking for professional auto mechanics to solve a problem with your vehicle?<\/h1>\n<p>[\/et_pb_text][et_pb_button button_url=&#8221;@ET-DC@eyJkeW5hbWljIjp0cnVlLCJjb250ZW50IjoicG9zdF9saW5rX3VybF9wYWdlIiwic2V0dGluZ3MiOnsicG9zdF9pZCI6Ijk0NTY3In19@&#8221; button_text=&#8221;GET A PRICE ONLINE&#8221; button_alignment=&#8221;center&#8221; _builder_version=&#8221;4.9.4&#8243; _dynamic_attributes=&#8221;button_url&#8221; _module_preset=&#8221;default&#8221;][\/et_pb_button][\/et_pb_column][\/et_pb_row][\/et_pb_section][et_pb_section fb_built=&#8221;1&#8243; admin_label=&#8221;Section sous-menu&#8221; _builder_version=&#8221;4.9.2&#8243; _module_preset=&#8221;default&#8221; background_color=&#8221;#FFFFFF&#8221; custom_padding=&#8221;0px||0px||false|false&#8221; sticky_position=&#8221;top&#8221; box_shadow_style=&#8221;preset3&#8243; box_shadow_color=&#8221;rgba(0,0,0,0.2)&#8221; locked=&#8221;on&#8221; collapsed=&#8221;on&#8221;][et_pb_row _builder_version=&#8221;4.9.2&#8243; _module_preset=&#8221;default&#8221;][et_pb_column type=&#8221;4_4&#8243; _builder_version=&#8221;4.9.2&#8243; _module_preset=&#8221;default&#8221;][et_pb_menu menu_id=&#8221;21635&#8243; menu_style=&#8221;centered&#8221; active_link_color=&#8221;#DB0000&#8243; admin_label=&#8221;Menu de sous-section&#8221; module_class=&#8221;sub-page-menu&#8221; _builder_version=&#8221;4.9.4&#8243; _module_preset=&#8221;default&#8221; menu_font=&#8221;Barlow Semi Condensed|600||on|||||&#8221; menu_text_color=&#8221;#3F3F3F&#8221; menu_font_size=&#8221;16px&#8221;][\/et_pb_menu][\/et_pb_column][\/et_pb_row][\/et_pb_section][et_pb_section fb_built=&#8221;1&#8243; _builder_version=&#8221;4.9.2&#8243; _module_preset=&#8221;default&#8221; background_color=&#8221;#F1F1F1&#8243;][et_pb_row column_structure=&#8221;1_4,3_4&#8243; use_custom_gutter=&#8221;on&#8221; gutter_width=&#8221;1&#8243; make_equal=&#8221;on&#8221; _builder_version=&#8221;4.9.2&#8243; _module_preset=&#8221;default&#8221; background_color=&#8221;#FFFFFF&#8221; custom_padding=&#8221;20px|60px|20px|60px|false|false&#8221;][et_pb_column type=&#8221;1_4&#8243; _builder_version=&#8221;4.9.2&#8243; _module_preset=&#8221;default&#8221;][et_pb_image src=&#8221;https:\/\/westislandgarage.com\/wp-content\/uploads\/2021\/05\/denis-cordeiro-small.jpg&#8221; title_text=&#8221;denis-cordeiro-small&#8221; show_bottom_space_tablet=&#8221;on&#8221; show_bottom_space_phone=&#8221;&#8221; show_bottom_space_last_edited=&#8221;on|phone&#8221; align_tablet=&#8221;center&#8221; align_phone=&#8221;&#8221; align_last_edited=&#8221;on|phone&#8221; admin_label=&#8221;Photo Denis&#8221; _builder_version=&#8221;4.9.4&#8243; _module_preset=&#8221;default&#8221; width=&#8221;70%&#8221; custom_margin=&#8221;||20px||false|false&#8221; border_radii=&#8221;on|100%|100%|100%|100%&#8221;][\/et_pb_image][\/et_pb_column][et_pb_column type=&#8221;3_4&#8243; module_class=&#8221;col-flex-center-left&#8221; _builder_version=&#8221;4.9.2&#8243; _module_preset=&#8221;default&#8221;][et_pb_text admin_label=&#8221;Citation Denis&#8221; _builder_version=&#8221;4.9.4&#8243; _module_preset=&#8221;default&#8221; text_font_size=&#8221;24px&#8221; text_line_height=&#8221;1.2em&#8221; text_orientation_tablet=&#8221;center&#8221; text_orientation_phone=&#8221;&#8221; text_orientation_last_edited=&#8221;on|phone&#8221;]<\/p>\n<p><strong>\u00ab At Autotech Performance, we make every effort possible to ensure your comfort and safety while you drive your vehicle. \u00bb<\/strong><\/p>\n<p>Denis Cordeiro, owner of Autotech Performance<\/p>\n<p>[\/et_pb_text][\/et_pb_column][\/et_pb_row][et_pb_row _builder_version=&#8221;4.9.2&#8243; _module_preset=&#8221;default&#8221;][et_pb_column type=&#8221;4_4&#8243; _builder_version=&#8221;4.9.2&#8243; _module_preset=&#8221;default&#8221;][et_pb_text admin_label=&#8221;EXPERT EN M\u00c9CANIQUE&#8230;&#8221; _builder_version=&#8221;4.9.4&#8243; _module_preset=&#8221;default&#8221; header_2_font_size=&#8221;24px&#8221; custom_padding=&#8221;45px||||false|false&#8221;]<\/p>\n<h2>AUTO MECHANICS EXPERTS \u2013 CAA-QUEBEC CERTIFIED<\/h2>\n<p>Most systems that make up vehicles today are increasingly complex. It is crucial then that they be assessed and fixed by experienced auto mechanics using cutting-edge technology and tools.<\/p>\n<p>At Autotech Performance, all our technicians are CAA-Quebec certified. They have received top-notch training to be able to identify, assess and carry out all types of auto repairs, whether they are mechanical, electrical or electronic. They also know how to precisely use our equipment and electronic diagnostic tools.<\/p>\n<p>Given that our employees\u2019 continuing education is a priority, we provide them with training to update their knowledge and procedures at least once per year. Thus, we make sure that we\u2019re always familiar with new technologies and that we can use them when serving our customers. No matter the type of vehicle (traditional or hybrid), we\u2019re up to the challenge!<\/p>\n<p>As our goal is to always provide you with flawless service, our technicians are available to explain to you why and how they will carry out a repair, and to tell you how much it will cost. This way, you can make an informed decision.<\/p>\n<p>[\/et_pb_text][\/et_pb_column][\/et_pb_row][et_pb_row column_structure=&#8221;1_2,1_2&#8243; use_custom_gutter=&#8221;on&#8221; gutter_width=&#8221;1&#8243; make_equal=&#8221;on&#8221; _builder_version=&#8221;4.9.4&#8243; _module_preset=&#8221;default&#8221; width=&#8221;100%&#8221; max_width=&#8221;100%&#8221; custom_margin=&#8221;45px||||false|false&#8221; custom_padding=&#8221;0px||0px||false|false&#8221;][et_pb_column type=&#8221;1_2&#8243; _builder_version=&#8221;4.9.4&#8243; _module_preset=&#8221;default&#8221; background_color=&#8221;#B70000&#8243; custom_padding=&#8221;45px|60px|45px|10%|false|false&#8221;][et_pb_image src=&#8221;https:\/\/westislandgarage.com\/wp-content\/uploads\/2021\/05\/question.png&#8221; title_text=&#8221;question&#8221; _builder_version=&#8221;4.9.4&#8243; _module_preset=&#8221;default&#8221;][\/et_pb_image][et_pb_text admin_label=&#8221;POURQUOI NOUS CHOISIR?&#8221; module_class=&#8221;check-bullet-list&#8221; _builder_version=&#8221;4.9.4&#8243; _module_preset=&#8221;default&#8221; text_font=&#8221;Barlow Semi Condensed||||||||&#8221; text_text_color=&#8221;#FFFFFF&#8221; text_font_size=&#8221;22px&#8221; text_line_height=&#8221;1.3em&#8221; header_2_font_size=&#8221;24px&#8221; header_4_text_color=&#8221;#FFFFFF&#8221; custom_padding=&#8221;30px||||false|false&#8221;]<\/p>\n<h4>WHY CHOOSE US?<\/h4>\n<ul>\n<li>Highly qualified CAA-certified technicians<\/li>\n<li>Personalized services based on communication and trust<\/li>\n<li>Electronic diagnostic system<\/li>\n<li>Cutting-edge tools and equipment<\/li>\n<li>Auto parts of equal or superior quality to original parts<\/li>\n<li>On the lookout for innovations in auto repair<\/li>\n<li>Your satisfaction is guaranteed!<\/li>\n<\/ul>\n<p>[\/et_pb_text][\/et_pb_column][et_pb_column type=&#8221;1_2&#8243; _builder_version=&#8221;4.9.4&#8243; _module_preset=&#8221;default&#8221; background_color=&#8221;#3F3F3F&#8221; custom_padding=&#8221;45px|10%|45px|60px|false|false&#8221;][et_pb_image src=&#8221;https:\/\/westislandgarage.com\/wp-content\/uploads\/2021\/05\/checkmark.png&#8221; title_text=&#8221;checkmark&#8221; _builder_version=&#8221;4.9.4&#8243; _module_preset=&#8221;default&#8221;][\/et_pb_image][et_pb_text admin_label=&#8221;FAITES-NOUS CONFIANCE&#8230;&#8221; module_class=&#8221;check-bullet-list&#8221; _builder_version=&#8221;4.9.4&#8243; _module_preset=&#8221;default&#8221; text_font=&#8221;Barlow Semi Condensed||||||||&#8221; text_text_color=&#8221;#FFFFFF&#8221; text_font_size=&#8221;22px&#8221; text_line_height=&#8221;1.3em&#8221; header_2_font_size=&#8221;24px&#8221; header_4_text_color=&#8221;#FFFFFF&#8221; custom_padding=&#8221;30px||||false|false&#8221;]<\/p>\n<h4>YOU CAN TRUST US TO INSPECT AND REPAIR<\/h4>\n<ul>\n<li>Your <a style=\"color: #fff;\" href=\"https:\/\/westislandgarage.com\/en\/services\/auto-repairs\/exhaust-system\/\">exhaust system<\/a><\/li>\n<li>Your <a style=\"color: #fff;\" href=\"https:\/\/westislandgarage.com\/en\/services\/auto-repairs\/brakes\/\">brakes<\/a> and your <a style=\"color: #fff;\" href=\"https:\/\/westislandgarage.com\/en\/services\/auto-repairs\/suspension\/\">suspension<\/a><\/li>\n<li>Your <a style=\"color: #fff;\" href=\"https:\/\/westislandgarage.com\/en\/services\/auto-repairs\/air-conditioning\/\">air conditioning<\/a><\/li>\n<li>Your <a style=\"color: #fff;\" href=\"https:\/\/westislandgarage.com\/en\/services\/auto-repairs\/engine-diagnostics\/\">engine and its fuel injection system<\/a><\/li>\n<li>Your <a style=\"color: #fff;\" href=\"https:\/\/westislandgarage.com\/en\/services\/auto-repairs\/batteries-and-charging-systems\/\">battery and its charging system<\/a><\/li>\n<li>Your <a style=\"color: #fff;\" href=\"https:\/\/westislandgarage.com\/en\/services\/auto-repairs\/radiator-and-cooling-systems\/\">radiator and its cooling system<\/a><\/li>\n<li>Your <a style=\"color: #fff;\" href=\"https:\/\/westislandgarage.com\/en\/services\/auto-repairs\/power-steering\/\">power steering<\/a><\/li>\n<\/ul>\n<p>[\/et_pb_text][\/et_pb_column][\/et_pb_row][et_pb_row custom_padding_last_edited=&#8221;on|desktop&#8221; _builder_version=&#8221;4.9.4&#8243; _module_preset=&#8221;default&#8221; background_color=&#8221;#FFFFFF&#8221; width=&#8221;100%&#8221; max_width=&#8221;100%&#8221; custom_padding=&#8221;10px|10%||10%|false|false&#8221; custom_padding_tablet=&#8221;|10%|15px|10%|false|false&#8221; custom_padding_phone=&#8221;&#8221;][et_pb_column type=&#8221;4_4&#8243; _builder_version=&#8221;4.9.2&#8243; _module_preset=&#8221;default&#8221;][et_pb_text admin_label=&#8221;Prenez rendez-vous&#8230;&#8221; _builder_version=&#8221;4.9.4&#8243; _module_preset=&#8221;default&#8221; text_font=&#8221;Barlow Semi Condensed||||||||&#8221; text_font_size=&#8221;32px&#8221; text_line_height=&#8221;1.3em&#8221; text_orientation=&#8221;center&#8221; text_font_size_tablet=&#8221;28px&#8221; text_font_size_phone=&#8221;&#8221; text_font_size_last_edited=&#8221;on|tablet&#8221;]Don\u2019t wait! Book an <a href=\"https:\/\/westislandgarage.com\/en\/appointement\/\"><strong>appointment<\/strong><\/a> with one of our experts now![\/et_pb_text][\/et_pb_column][\/et_pb_row][et_pb_row _builder_version=&#8221;4.9.2&#8243; _module_preset=&#8221;default&#8221;][et_pb_column type=&#8221;4_4&#8243; _builder_version=&#8221;4.9.2&#8243; _module_preset=&#8221;default&#8221;][et_pb_text admin_label=&#8221;APPRENEZ COMMENT RECONNAITRE&#8230;&#8221; _builder_version=&#8221;4.9.4&#8243; _module_preset=&#8221;default&#8221; header_2_font_size=&#8221;24px&#8221; header_3_font_size=&#8221;20px&#8221; custom_padding=&#8221;45px||||false|false&#8221;]<\/p>\n<h3>LEARN HOW TO RECOGNIZE THE SIGNS OF POTENTIAL PROBLEMS<\/h3>\n<p>As auto mechanics experts, we\u2019re happy to share with you some of our knowledge and our advice so that you\u2019re able to detect some of the problems your vehicle may have. It\u2019s also important for you to know the meaning of the various warning lights that appear on your dashboard. This way, you\u2019ll be able to prevent serious issues.<\/p>\n<p>So, you will find in this section\u2019s pages a list of signs of potential problems and some useful advice.<\/p>\n<p>[\/et_pb_text][et_pb_text admin_label=&#8221;JETEZ UN COUP D\u2019\u0152IL&#8230;&#8221; _builder_version=&#8221;4.9.4&#8243; _module_preset=&#8221;default&#8221; header_2_font_size=&#8221;24px&#8221; header_3_font_size=&#8221;20px&#8221; custom_padding=&#8221;45px||||false|false&#8221;]<\/p>\n<h3>TAKE A LOOK AT THE SYSTEMS DECRIBED IN THIS SECTION<\/h3>\n<p>Want to find out more about the various systems that make up your vehicle? In this section, we\u2019ve compiled a great deal of useful information such as how auto systems work and what they\u2019re composed of, as well as some advice that will help you optimize your vehicle\u2019s performance.<\/p>\n<p>Knowing these systems will also help you better understand the repairs we carry out on your vehicle.<\/p>\n<p>If you have other questions, don\u2019t hesitate to\u00a0<a href=\"https:\/\/westislandgarage.com\/en\/contact-us\/\">contact us<\/a>.<\/p>\n<p>[\/et_pb_text][\/et_pb_column][\/et_pb_row][et_pb_row _builder_version=&#8221;4.9.4&#8243; _module_preset=&#8221;default&#8221; background_color=&#8221;#FFFFFF&#8221; custom_margin=&#8221;45px||60px||false|false&#8221; custom_padding=&#8221;20px|30px|20px|30px|false|false&#8221; box_shadow_style=&#8221;preset1&#8243;][et_pb_column type=&#8221;4_4&#8243; _builder_version=&#8221;4.9.2&#8243; _module_preset=&#8221;default&#8221;][et_pb_text admin_label=&#8221;Conclusion&#8221; _builder_version=&#8221;4.9.4&#8243; _module_preset=&#8221;default&#8221; text_font=&#8221;Barlow Semi Condensed||||||||&#8221; text_font_size=&#8221;24px&#8221; text_line_height=&#8221;1.3em&#8221; header_2_font_size=&#8221;24px&#8221; background_color=&#8221;RGBA(0,0,0,0)&#8221; text_orientation=&#8221;center&#8221;]<\/p>\n<p>Whether it\u2019s for a general inspection, an unusual problem or a specific repair, Autotech Performance is Montreal\u2019s West Island\u2019s top garage!<\/p>\n<p>[\/et_pb_text][\/et_pb_column][\/et_pb_row][\/et_pb_section]<\/p>\n","protected":false},"excerpt":{"rendered":"<p>AUTO REPAIRS \u2013 Inspection and RepairsAre you looking for professional auto mechanics to solve a problem with your vehicle?\u00ab At Autotech Performance, we make every effort possible to ensure your comfort and safety while you drive your vehicle. \u00bb Denis Cordeiro, owner of Autotech PerformanceAUTO MECHANICS EXPERTS \u2013 CAA-QUEBEC CERTIFIED Most systems that make up [&hellip;]<\/p>\n","protected":false},"author":3,"featured_media":0,"parent":97269,"menu_order":10,"comment_status":"closed","ping_status":"closed","template":"","meta":{"_et_pb_use_builder":"on","_et_pb_old_content":"","_et_gb_content_width":"","footnotes":""},"class_list":["post-97272","page","type-page","status-publish","hentry"],"yoast_head":"<!-- This site is optimized with the Yoast SEO plugin v27.5 - https:\/\/yoast.com\/product\/yoast-seo-wordpress\/ -->\n<title>R\u00e9paration automobile Pierrefonds West Island - Autotech Performance<\/title>\n<meta name=\"description\" content=\"Garage de r\u00e9paration automobile situ\u00e9e \u00e0 Pierrefonds dans l&#039;ouest de Montr\u00e9al (West Island Montreal). Nous sommes sp\u00e9cialis\u00e9s dans la r\u00e9paration de syst\u00e8mes d&#039;injection \u00e9lectronique, climatisation, freins, suspension, pneus, alignement des roues et l&#039;entretien pr\u00e9ventif.\" \/>\n<meta name=\"robots\" content=\"index, follow, max-snippet:-1, max-image-preview:large, max-video-preview:-1\" \/>\n<link rel=\"canonical\" href=\"https:\/\/westislandgarage.com\/en\/services\/auto-repairs\/\" \/>\n<meta property=\"og:locale\" content=\"en_US\" \/>\n<meta property=\"og:type\" content=\"article\" \/>\n<meta property=\"og:title\" content=\"R\u00e9paration automobile Pierrefonds West Island - Autotech Performance\" \/>\n<meta property=\"og:description\" content=\"Garage de r\u00e9paration automobile situ\u00e9e \u00e0 Pierrefonds dans l&#039;ouest de Montr\u00e9al (West Island Montreal). Nous sommes sp\u00e9cialis\u00e9s dans la r\u00e9paration de syst\u00e8mes d&#039;injection \u00e9lectronique, climatisation, freins, suspension, pneus, alignement des roues et l&#039;entretien pr\u00e9ventif.\" \/>\n<meta property=\"og:url\" content=\"https:\/\/westislandgarage.com\/en\/services\/auto-repairs\/\" \/>\n<meta property=\"og:site_name\" content=\"Autotech\" \/>\n<meta property=\"article:publisher\" content=\"https:\/\/www.facebook.com\/Autotech-Performance-inc-273553479384265\/\" \/>\n<meta property=\"article:modified_time\" content=\"2021-06-10T18:38:19+00:00\" \/>\n<meta name=\"twitter:card\" content=\"summary_large_image\" \/>\n<meta name=\"twitter:label1\" content=\"Est. reading time\" \/>\n\t<meta name=\"twitter:data1\" content=\"8 minutes\" \/>\n<script type=\"application\/ld+json\" class=\"yoast-schema-graph\">{\"@context\":\"https:\\\/\\\/schema.org\",\"@graph\":[{\"@type\":\"WebPage\",\"@id\":\"https:\\\/\\\/westislandgarage.com\\\/en\\\/services\\\/auto-repairs\\\/\",\"url\":\"https:\\\/\\\/westislandgarage.com\\\/en\\\/services\\\/auto-repairs\\\/\",\"name\":\"R\u00e9paration automobile Pierrefonds West Island - Autotech Performance\",\"isPartOf\":{\"@id\":\"https:\\\/\\\/westislandgarage.com\\\/#website\"},\"datePublished\":\"2021-06-10T18:38:18+00:00\",\"dateModified\":\"2021-06-10T18:38:19+00:00\",\"description\":\"Garage de r\u00e9paration automobile situ\u00e9e \u00e0 Pierrefonds dans l'ouest de Montr\u00e9al (West Island Montreal). Nous sommes sp\u00e9cialis\u00e9s dans la r\u00e9paration de syst\u00e8mes d'injection \u00e9lectronique, climatisation, freins, suspension, pneus, alignement des roues et l'entretien pr\u00e9ventif.\",\"breadcrumb\":{\"@id\":\"https:\\\/\\\/westislandgarage.com\\\/en\\\/services\\\/auto-repairs\\\/#breadcrumb\"},\"inLanguage\":\"en-US\",\"potentialAction\":[{\"@type\":\"ReadAction\",\"target\":[\"https:\\\/\\\/westislandgarage.com\\\/en\\\/services\\\/auto-repairs\\\/\"]}]},{\"@type\":\"BreadcrumbList\",\"@id\":\"https:\\\/\\\/westislandgarage.com\\\/en\\\/services\\\/auto-repairs\\\/#breadcrumb\",\"itemListElement\":[{\"@type\":\"ListItem\",\"position\":1,\"name\":\"Accueil\",\"item\":\"https:\\\/\\\/westislandgarage.com\\\/en\\\/\"},{\"@type\":\"ListItem\",\"position\":2,\"name\":\"Services\",\"item\":\"https:\\\/\\\/westislandgarage.com\\\/en\\\/services\\\/\"},{\"@type\":\"ListItem\",\"position\":3,\"name\":\"Auto Repairs\"}]},{\"@type\":\"WebSite\",\"@id\":\"https:\\\/\\\/westislandgarage.com\\\/#website\",\"url\":\"https:\\\/\\\/westislandgarage.com\\\/\",\"name\":\"Autotech\",\"description\":\"CAA Quebec Certified Mechanic Auto Repair Shop - Montreal West Island\",\"publisher\":{\"@id\":\"https:\\\/\\\/westislandgarage.com\\\/#organization\"},\"potentialAction\":[{\"@type\":\"SearchAction\",\"target\":{\"@type\":\"EntryPoint\",\"urlTemplate\":\"https:\\\/\\\/westislandgarage.com\\\/?s={search_term_string}\"},\"query-input\":{\"@type\":\"PropertyValueSpecification\",\"valueRequired\":true,\"valueName\":\"search_term_string\"}}],\"inLanguage\":\"en-US\"},{\"@type\":\"Organization\",\"@id\":\"https:\\\/\\\/westislandgarage.com\\\/#organization\",\"name\":\"Autotech Performance\",\"url\":\"https:\\\/\\\/westislandgarage.com\\\/\",\"logo\":{\"@type\":\"ImageObject\",\"inLanguage\":\"en-US\",\"@id\":\"https:\\\/\\\/westislandgarage.com\\\/#\\\/schema\\\/logo\\\/image\\\/\",\"url\":\"https:\\\/\\\/westislandgarage.com\\\/wp-content\\\/uploads\\\/2021\\\/05\\\/autotech-logo-small.png\",\"contentUrl\":\"https:\\\/\\\/westislandgarage.com\\\/wp-content\\\/uploads\\\/2021\\\/05\\\/autotech-logo-small.png\",\"width\":165,\"height\":79,\"caption\":\"Autotech Performance\"},\"image\":{\"@id\":\"https:\\\/\\\/westislandgarage.com\\\/#\\\/schema\\\/logo\\\/image\\\/\"},\"sameAs\":[\"https:\\\/\\\/www.facebook.com\\\/Autotech-Performance-inc-273553479384265\\\/\"]}]}<\/script>\n<!-- \/ Yoast SEO plugin. -->","yoast_head_json":{"title":"R\u00e9paration automobile Pierrefonds West Island - Autotech Performance","description":"Garage de r\u00e9paration automobile situ\u00e9e \u00e0 Pierrefonds dans l'ouest de Montr\u00e9al (West Island Montreal). Nous sommes sp\u00e9cialis\u00e9s dans la r\u00e9paration de syst\u00e8mes d'injection \u00e9lectronique, climatisation, freins, suspension, pneus, alignement des roues et l'entretien pr\u00e9ventif.","robots":{"index":"index","follow":"follow","max-snippet":"max-snippet:-1","max-image-preview":"max-image-preview:large","max-video-preview":"max-video-preview:-1"},"canonical":"https:\/\/westislandgarage.com\/en\/services\/auto-repairs\/","og_locale":"en_US","og_type":"article","og_title":"R\u00e9paration automobile Pierrefonds West Island - Autotech Performance","og_description":"Garage de r\u00e9paration automobile situ\u00e9e \u00e0 Pierrefonds dans l'ouest de Montr\u00e9al (West Island Montreal). Nous sommes sp\u00e9cialis\u00e9s dans la r\u00e9paration de syst\u00e8mes d'injection \u00e9lectronique, climatisation, freins, suspension, pneus, alignement des roues et l'entretien pr\u00e9ventif.","og_url":"https:\/\/westislandgarage.com\/en\/services\/auto-repairs\/","og_site_name":"Autotech","article_publisher":"https:\/\/www.facebook.com\/Autotech-Performance-inc-273553479384265\/","article_modified_time":"2021-06-10T18:38:19+00:00","twitter_card":"summary_large_image","twitter_misc":{"Est. reading time":"8 minutes"},"schema":{"@context":"https:\/\/schema.org","@graph":[{"@type":"WebPage","@id":"https:\/\/westislandgarage.com\/en\/services\/auto-repairs\/","url":"https:\/\/westislandgarage.com\/en\/services\/auto-repairs\/","name":"R\u00e9paration automobile Pierrefonds West Island - Autotech Performance","isPartOf":{"@id":"https:\/\/westislandgarage.com\/#website"},"datePublished":"2021-06-10T18:38:18+00:00","dateModified":"2021-06-10T18:38:19+00:00","description":"Garage de r\u00e9paration automobile situ\u00e9e \u00e0 Pierrefonds dans l'ouest de Montr\u00e9al (West Island Montreal). Nous sommes sp\u00e9cialis\u00e9s dans la r\u00e9paration de syst\u00e8mes d'injection \u00e9lectronique, climatisation, freins, suspension, pneus, alignement des roues et l'entretien pr\u00e9ventif.","breadcrumb":{"@id":"https:\/\/westislandgarage.com\/en\/services\/auto-repairs\/#breadcrumb"},"inLanguage":"en-US","potentialAction":[{"@type":"ReadAction","target":["https:\/\/westislandgarage.com\/en\/services\/auto-repairs\/"]}]},{"@type":"BreadcrumbList","@id":"https:\/\/westislandgarage.com\/en\/services\/auto-repairs\/#breadcrumb","itemListElement":[{"@type":"ListItem","position":1,"name":"Accueil","item":"https:\/\/westislandgarage.com\/en\/"},{"@type":"ListItem","position":2,"name":"Services","item":"https:\/\/westislandgarage.com\/en\/services\/"},{"@type":"ListItem","position":3,"name":"Auto Repairs"}]},{"@type":"WebSite","@id":"https:\/\/westislandgarage.com\/#website","url":"https:\/\/westislandgarage.com\/","name":"Autotech","description":"CAA Quebec Certified Mechanic Auto Repair Shop - Montreal West Island","publisher":{"@id":"https:\/\/westislandgarage.com\/#organization"},"potentialAction":[{"@type":"SearchAction","target":{"@type":"EntryPoint","urlTemplate":"https:\/\/westislandgarage.com\/?s={search_term_string}"},"query-input":{"@type":"PropertyValueSpecification","valueRequired":true,"valueName":"search_term_string"}}],"inLanguage":"en-US"},{"@type":"Organization","@id":"https:\/\/westislandgarage.com\/#organization","name":"Autotech Performance","url":"https:\/\/westislandgarage.com\/","logo":{"@type":"ImageObject","inLanguage":"en-US","@id":"https:\/\/westislandgarage.com\/#\/schema\/logo\/image\/","url":"https:\/\/westislandgarage.com\/wp-content\/uploads\/2021\/05\/autotech-logo-small.png","contentUrl":"https:\/\/westislandgarage.com\/wp-content\/uploads\/2021\/05\/autotech-logo-small.png","width":165,"height":79,"caption":"Autotech Performance"},"image":{"@id":"https:\/\/westislandgarage.com\/#\/schema\/logo\/image\/"},"sameAs":["https:\/\/www.facebook.com\/Autotech-Performance-inc-273553479384265\/"]}]}},"_links":{"self":[{"href":"https:\/\/westislandgarage.com\/en\/wp-json\/wp\/v2\/pages\/97272","targetHints":{"allow":["GET"]}}],"collection":[{"href":"https:\/\/westislandgarage.com\/en\/wp-json\/wp\/v2\/pages"}],"about":[{"href":"https:\/\/westislandgarage.com\/en\/wp-json\/wp\/v2\/types\/page"}],"author":[{"embeddable":true,"href":"https:\/\/westislandgarage.com\/en\/wp-json\/wp\/v2\/users\/3"}],"replies":[{"embeddable":true,"href":"https:\/\/westislandgarage.com\/en\/wp-json\/wp\/v2\/comments?post=97272"}],"version-history":[{"count":2,"href":"https:\/\/westislandgarage.com\/en\/wp-json\/wp\/v2\/pages\/97272\/revisions"}],"predecessor-version":[{"id":97274,"href":"https:\/\/westislandgarage.com\/en\/wp-json\/wp\/v2\/pages\/97272\/revisions\/97274"}],"up":[{"embeddable":true,"href":"https:\/\/westislandgarage.com\/en\/wp-json\/wp\/v2\/pages\/97269"}],"wp:attachment":[{"href":"https:\/\/westislandgarage.com\/en\/wp-json\/wp\/v2\/media?parent=97272"}],"curies":[{"name":"wp","href":"https:\/\/api.w.org\/{rel}","templated":true}]}}